{"id":1154,"date":"2015-04-09T01:20:46","date_gmt":"2015-04-09T01:20:46","guid":{"rendered":"http:\/\/etab.cl\/clases\/uchile\/obj-tec\/?page_id=1154"},"modified":"2015-04-16T02:25:59","modified_gmt":"2015-04-16T02:25:59","slug":"atc2","status":"publish","type":"page","link":"https:\/\/clases.etab.cl\/?page_id=1154","title":{"rendered":"AT1:C2"},"content":{"rendered":"<p><strong>Contenidos:<\/strong><br \/>\n&#8211; La m\u00e1quina en el arte: <a href=\"http:\/\/etab.cl\/clases\/uchile\/mam\/app-tecn\/arte-y-tecn.pdf\" target=\"_blank\">pdf<\/a><br \/>\n&#8211; Revisi\u00f3n conceptos b\u00e1sicos: <a href=\"http:\/\/etab.cl\/clases\/uchile\/mam\/app-tecn\/Electricidad-intro.pdf\" target=\"_blank\">pdf<\/a><br \/>\n&#8211; Circuito + componentes Vumetro: <a href=\"https:\/\/docs.google.com\/document\/d\/1SCamTFKi1DkQuX5HZcJLA54WyyRtpgKvUWjVCNoEFec\/edit?usp=sharing\" target=\"_blank\">pdf<\/a><\/p>\n<p><strong>Pr\u00f3xima clase<\/strong><br \/>\nTraer los componentes y herramientas ya encargadas. Si es posible, conseguir un mult\u00edmetro o tester y un pela-cables. Se pueden comprar en cualquiera de las tiendas que se indicaron en el post de la clase pasada.<\/p>\n<p>Traer uno de los tres circuitos armados en la protoboard para soldarlo en clases en la placa perforada \/ reticulada.<\/p>\n","protected":false},"excerpt":{"rendered":"<p>Contenidos: &#8211; La m\u00e1quina en el arte: pdf &#8211; Revisi\u00f3n conceptos b\u00e1sicos: pdf &#8211; Circuito + componentes Vumetro: pdf Pr\u00f3xima clase Traer los componentes y herramientas ya encargadas. Si es posible, conseguir un mult\u00edmetro o tester y un pela-cables. Se pueden comprar en cualquiera de las tiendas que se indicaron en el post de la [&hellip;]<\/p>\n","protected":false},"author":1,"featured_media":0,"parent":1118,"menu_order":0,"comment_status":"closed","ping_status":"open","template":"","meta":{"_acf_changed":false,"footnotes":""},"class_list":["post-1154","page","type-page","status-publish","hentry"],"acf":[],"_links":{"self":[{"href":"https:\/\/clases.etab.cl\/index.php?rest_route=\/wp\/v2\/pages\/1154","targetHints":{"allow":["GET"]}}],"collection":[{"href":"https:\/\/clases.etab.cl\/index.php?rest_route=\/wp\/v2\/pages"}],"about":[{"href":"https:\/\/clases.etab.cl\/index.php?rest_route=\/wp\/v2\/types\/page"}],"author":[{"embeddable":true,"href":"https:\/\/clases.etab.cl\/index.php?rest_route=\/wp\/v2\/users\/1"}],"replies":[{"embeddable":true,"href":"https:\/\/clases.etab.cl\/index.php?rest_route=%2Fwp%2Fv2%2Fcomments&post=1154"}],"version-history":[{"count":10,"href":"https:\/\/clases.etab.cl\/index.php?rest_route=\/wp\/v2\/pages\/1154\/revisions"}],"predecessor-version":[{"id":1190,"href":"https:\/\/clases.etab.cl\/index.php?rest_route=\/wp\/v2\/pages\/1154\/revisions\/1190"}],"up":[{"embeddable":true,"href":"https:\/\/clases.etab.cl\/index.php?rest_route=\/wp\/v2\/pages\/1118"}],"wp:attachment":[{"href":"https:\/\/clases.etab.cl\/index.php?rest_route=%2Fwp%2Fv2%2Fmedia&parent=1154"}],"curies":[{"name":"wp","href":"https:\/\/api.w.org\/{rel}","templated":true}]}}