{"id":1293,"date":"2015-05-11T11:39:31","date_gmt":"2015-05-11T11:39:31","guid":{"rendered":"http:\/\/etab.cl\/clases\/uchile\/obj-tec\/?page_id=1293"},"modified":"2015-07-14T20:09:21","modified_gmt":"2015-07-14T20:09:21","slug":"labmed-c1","status":"publish","type":"page","link":"https:\/\/clases.etab.cl\/?page_id=1293","title":{"rendered":"LabMed: C1"},"content":{"rendered":"<p>&lt;B\u00e1sicos&gt;<br \/>\n<a title=\"Conceptos B\u00e1sicos\" href=\"http:\/\/etab.cl\/clases\/uchile\/mam\/app-tecn\/Electricidad-intro.pdf\" target=\"_blank\">Conceptos b\u00e1sicos<\/a><br \/>\n<a href=\"http:\/\/etab.cl\/clases\/uchile\/obj-tec\/pdfs\/herramientas-simbologia-electronica.pdf\" target=\"_blank\">Herramientas, componentes<\/a><\/p>\n<p>Tiendas de electr\u00f3nica en Santiago<br \/>\n<a href=\"http:\/\/www.victronics.cl\" target=\"_blank\">http:\/\/www.victronics.cl<\/a><br \/>\n<a href=\"http:\/\/www.olimex.cl\" target=\"_blank\">http:\/\/www.olimex.cl<\/a><br \/>\n<a href=\"http:\/\/www.casaroyal.cl\" target=\"_blank\">http:\/\/www.casaroyal.cl<\/a><br \/>\nBarrio San Diego:<br \/>\n\u2013 Ibarra: Calle San Diego 928 Santiago \u2013 Santiago, Chile, F: 2 672 39 63 \/ 2 672 94 05<br \/>\n\u2013 Electr\u00f3nica Orfali: San Diego 955, Santiago, F: 2 698 83 76<br \/>\nEspecializados en iluminaci\u00f3n LED: https:\/\/www.dled.cl<br \/>\n<strong>Introducci\u00f3n a Arduino<\/strong><br \/>\n<iframe loading=\"lazy\" src=\"https:\/\/player.vimeo.com\/video\/18390711?color=c9ff23&amp;title=0&amp;byline=0&amp;portrait=0\" width=\"500\" height=\"281\" frameborder=\"0\" allowfullscreen=\"allowfullscreen\"><\/iframe><\/p>\n<p><strong>Ejercicios<\/strong><br \/>\nEn esta sesi\u00f3n ocupamos Arduino solamente para dar electricidad a circuitos montados en una protoboard. Vimos c\u00f3mo ocupar el tester (o mult\u00edmetro) para revisar la continuidad en distintas situaciones, as\u00ed como tambi\u00e9n construimos una conexi\u00f3n b\u00e1sica con un led, una resistencia y un <a href=\"http:\/\/es.wikipedia.org\/wiki\/Bot\u00f3n_(dispositivo)\" target=\"_blank\">bot\u00f3n (normalmente abierto)<\/a> (adem\u00e1s de los 5v de Arduino).<br \/>\nConstruimos tambi\u00e9n un circuito para ejemplificar la conexi\u00f3n en serie y otro para ejemplificar la conexi\u00f3n en paralelo gui\u00e1ndonos por un esquem\u00e1tico o diagrama de circuito.<\/p>\n<p>-Primera conexi\u00f3n-<br \/>\n<a href=\"http:\/\/etab.cl\/clases\/uchile\/obj-tec\/wp-content\/uploads\/2015\/05\/conexion_1.jpeg\"><img loading=\"lazy\" decoding=\"async\" class=\"alignnone size-medium wp-image-1303\" src=\"http:\/\/etab.cl\/clases\/uchile\/obj-tec\/wp-content\/uploads\/2015\/05\/conexion_1-300x232.jpeg\" alt=\"conexion_1\" width=\"300\" height=\"232\" srcset=\"https:\/\/clases.etab.cl\/wp-content\/uploads\/2015\/05\/conexion_1-300x232.jpeg 300w, https:\/\/clases.etab.cl\/wp-content\/uploads\/2015\/05\/conexion_1.jpeg 543w\" sizes=\"auto, (max-width: 300px) 100vw, 300px\" \/><\/a><\/p>\n<p><a href=\"http:\/\/etab.cl\/clases\/uchile\/obj-tec\/wp-content\/uploads\/2015\/05\/conexion_1b.jpeg\"><img loading=\"lazy\" decoding=\"async\" class=\"alignnone size-medium wp-image-1302\" src=\"http:\/\/etab.cl\/clases\/uchile\/obj-tec\/wp-content\/uploads\/2015\/05\/conexion_1b-300x282.jpeg\" alt=\"conexion_1b\" width=\"300\" height=\"282\" srcset=\"https:\/\/clases.etab.cl\/wp-content\/uploads\/2015\/05\/conexion_1b-300x282.jpeg 300w, https:\/\/clases.etab.cl\/wp-content\/uploads\/2015\/05\/conexion_1b.jpeg 318w\" sizes=\"auto, (max-width: 300px) 100vw, 300px\" \/><\/a><\/p>\n<p>&nbsp;<\/p>\n<p>On\/Off<br \/>\n<a href=\"http:\/\/etab.cl\/clases\/uchile\/obj-tec\/wp-content\/uploads\/2015\/05\/conexion_2.jpeg\"><img loading=\"lazy\" decoding=\"async\" class=\"alignnone size-medium wp-image-1304\" src=\"http:\/\/etab.cl\/clases\/uchile\/obj-tec\/wp-content\/uploads\/2015\/05\/conexion_2-300x252.jpeg\" alt=\"conexion_2\" width=\"300\" height=\"252\" srcset=\"https:\/\/clases.etab.cl\/wp-content\/uploads\/2015\/05\/conexion_2-300x252.jpeg 300w, https:\/\/clases.etab.cl\/wp-content\/uploads\/2015\/05\/conexion_2.jpeg 515w\" sizes=\"auto, (max-width: 300px) 100vw, 300px\" \/><\/a><\/p>\n<p><a href=\"http:\/\/etab.cl\/clases\/uchile\/obj-tec\/wp-content\/uploads\/2015\/05\/conexion_2b.jpeg\"><img loading=\"lazy\" decoding=\"async\" class=\"alignnone size-medium wp-image-1301\" src=\"http:\/\/etab.cl\/clases\/uchile\/obj-tec\/wp-content\/uploads\/2015\/05\/conexion_2b-297x300.jpeg\" alt=\"conexion_2b\" width=\"297\" height=\"300\" srcset=\"https:\/\/clases.etab.cl\/wp-content\/uploads\/2015\/05\/conexion_2b-297x300.jpeg 297w, https:\/\/clases.etab.cl\/wp-content\/uploads\/2015\/05\/conexion_2b.jpeg 302w\" sizes=\"auto, (max-width: 297px) 100vw, 297px\" \/><\/a><\/p>\n<p>&nbsp;<\/p>\n<p>-Conexi\u00f3n en serie-<br \/>\n<a href=\"http:\/\/etab.cl\/clases\/uchile\/obj-tec\/wp-content\/uploads\/2015\/05\/conexion_3.jpeg\"><img loading=\"lazy\" decoding=\"async\" class=\"alignnone size-medium wp-image-1300\" src=\"http:\/\/etab.cl\/clases\/uchile\/obj-tec\/wp-content\/uploads\/2015\/05\/conexion_3-300x227.jpeg\" alt=\"conexion_3\" width=\"300\" height=\"227\" srcset=\"https:\/\/clases.etab.cl\/wp-content\/uploads\/2015\/05\/conexion_3-300x227.jpeg 300w, https:\/\/clases.etab.cl\/wp-content\/uploads\/2015\/05\/conexion_3.jpeg 497w\" sizes=\"auto, (max-width: 300px) 100vw, 300px\" \/><\/a><\/p>\n<p><a href=\"http:\/\/etab.cl\/clases\/uchile\/obj-tec\/wp-content\/uploads\/2015\/05\/conexion_3b.jpeg\"><img loading=\"lazy\" decoding=\"async\" class=\"alignnone size-medium wp-image-1305\" src=\"http:\/\/etab.cl\/clases\/uchile\/obj-tec\/wp-content\/uploads\/2015\/05\/conexion_3b-300x285.jpeg\" alt=\"conexion_3b\" width=\"300\" height=\"285\" srcset=\"https:\/\/clases.etab.cl\/wp-content\/uploads\/2015\/05\/conexion_3b-300x285.jpeg 300w, https:\/\/clases.etab.cl\/wp-content\/uploads\/2015\/05\/conexion_3b.jpeg 308w\" sizes=\"auto, (max-width: 300px) 100vw, 300px\" \/><\/a><\/p>\n<p>&nbsp;<\/p>\n<p>-Conexi\u00f3n en Paralelo-<br \/>\n<a href=\"http:\/\/etab.cl\/clases\/uchile\/obj-tec\/wp-content\/uploads\/2015\/05\/conexion_4.jpeg\"><img loading=\"lazy\" decoding=\"async\" class=\"alignnone size-medium wp-image-1306\" src=\"http:\/\/etab.cl\/clases\/uchile\/obj-tec\/wp-content\/uploads\/2015\/05\/conexion_4-300x233.jpeg\" alt=\"conexion_4\" width=\"300\" height=\"233\" srcset=\"https:\/\/clases.etab.cl\/wp-content\/uploads\/2015\/05\/conexion_4-300x233.jpeg 300w, https:\/\/clases.etab.cl\/wp-content\/uploads\/2015\/05\/conexion_4.jpeg 499w\" sizes=\"auto, (max-width: 300px) 100vw, 300px\" \/><\/a><\/p>\n<p><a href=\"http:\/\/etab.cl\/clases\/uchile\/obj-tec\/wp-content\/uploads\/2015\/05\/conexion_4b2.jpg\"><img loading=\"lazy\" decoding=\"async\" class=\"alignnone size-medium wp-image-1334\" src=\"http:\/\/etab.cl\/clases\/uchile\/obj-tec\/wp-content\/uploads\/2015\/05\/conexion_4b2-300x262.jpg\" alt=\"conexion_4b2\" width=\"300\" height=\"262\" srcset=\"https:\/\/clases.etab.cl\/wp-content\/uploads\/2015\/05\/conexion_4b2-300x262.jpg 300w, https:\/\/clases.etab.cl\/wp-content\/uploads\/2015\/05\/conexion_4b2.jpg 340w\" sizes=\"auto, (max-width: 300px) 100vw, 300px\" \/><\/a><\/p>\n<p>&nbsp;<\/p>\n<p>-Revisar-<br \/>\n&#8211; <a href=\"http:\/\/www.taringa.net\/comunidades\/electronica-en-t\/2545671\/Guia-Calculos-LEDs.html\" target=\"_blank\">Gu\u00eda de c\u00e1lculos LEDs<\/a><br \/>\n&#8211; <a href=\"https:\/\/www.youtube.com\/watch?v=qQhsoUsSRWo\" target=\"_blank\">Conexi\u00f3n de LEDS en serie y paralelo<\/a><br \/>\n&#8211; <a href=\"http:\/\/es.wikihow.com\/calcular-resistencias-en-serie-y-en-paralelo\" target=\"_blank\">C\u00e1lculo de resistencias en serie y paralelo<\/a><\/p>\n<p>&nbsp;<\/p>\n<p><strong>Referentes<\/strong><br \/>\n<a href=\"http:\/\/mattrichardson.com\/Descriptive-Camera\/\" target=\"_blank\">Descriptive Camera &#8211; Matt Richardson<\/a><br \/>\n<a href=\"http:\/\/www.jaimeoliver.pe\/instrumentos\/silent-drum\" target=\"_blank\">http:\/\/www.jaimeoliver.pe\/instrumentos\/silent-drum<\/a><br \/>\n<a href=\"https:\/\/www.youtube.com\/watch?v=LO5Ioa5rw3U\" target=\"_blank\">Legible City &#8211; Jeffrey Shaw<\/a><br \/>\n<a href=\"http:\/\/www.lozano-hemmer.com\/vectorial_elevation.php\" target=\"_blank\">Vectorial Elevation<\/a><br \/>\n<a href=\"https:\/\/vimeo.com\/7820888\" target=\"_blank\">Wooden Mirror &#8211; Danny Rozin<\/a><br \/>\n<a href=\"http:\/\/www.lozano-hemmer.com\/pulse_room.php\" target=\"_blank\">Pulse Room &#8211; Rafael Lozano-Hemmer<\/a><br \/>\n<a href=\"https:\/\/vimeo.com\/36779832\" target=\"_blank\">ADA &#8211; Analog Interactive Installation &#8211; Karina SmilgaBobinski<\/a><br \/>\n<a href=\"http:\/\/www.humanssince1982.com\/a-million-times\" target=\"_blank\">A Million Times &#8211; Human Since 1982<\/a><br \/>\n<a href=\"http:\/\/technolojie.com\/pu-gong-ying-tu-dandelion-painting\/\" target=\"_blank\">Pu Gong Ying Tu &#8211; Jie Qi<\/a><br \/>\n<a href=\"http:\/\/technolojie.com\/inputoutput-paper\/\" target=\"_blank\">Input\/Output Paper &#8211; Jie Qi<\/a><br \/>\n<a href=\"http:\/\/goldberg.berkeley.edu\/garden\/Ars\/\" target=\"_blank\">Ken Goldberg &#8211; The Telegarden<\/a><br \/>\n<a href=\"https:\/\/vimeo.com\/67904132\" target=\"_blank\">The Rain Room<\/a><br \/>\n<a href=\"http:\/\/www.creativeapplications.net\" target=\"_blank\">Portal Creative Applications<\/a><\/p>\n","protected":false},"excerpt":{"rendered":"<p>&lt;B\u00e1sicos&gt; Conceptos b\u00e1sicos Herramientas, componentes Tiendas de electr\u00f3nica en Santiago http:\/\/www.victronics.cl http:\/\/www.olimex.cl http:\/\/www.casaroyal.cl Barrio San Diego: \u2013 Ibarra: Calle San Diego 928 Santiago \u2013 Santiago, Chile, F: 2 672 39 63 \/ 2 672 94 05 \u2013 Electr\u00f3nica Orfali: San Diego 955, Santiago, F: 2 698 83 76 Especializados en iluminaci\u00f3n LED: https:\/\/www.dled.cl Introducci\u00f3n a [&hellip;]<\/p>\n","protected":false},"author":1,"featured_media":0,"parent":1115,"menu_order":0,"comment_status":"closed","ping_status":"open","template":"","meta":{"_acf_changed":false,"footnotes":""},"class_list":["post-1293","page","type-page","status-publish","hentry"],"acf":[],"_links":{"self":[{"href":"https:\/\/clases.etab.cl\/index.php?rest_route=\/wp\/v2\/pages\/1293","targetHints":{"allow":["GET"]}}],"collection":[{"href":"https:\/\/clases.etab.cl\/index.php?rest_route=\/wp\/v2\/pages"}],"about":[{"href":"https:\/\/clases.etab.cl\/index.php?rest_route=\/wp\/v2\/types\/page"}],"author":[{"embeddable":true,"href":"https:\/\/clases.etab.cl\/index.php?rest_route=\/wp\/v2\/users\/1"}],"replies":[{"embeddable":true,"href":"https:\/\/clases.etab.cl\/index.php?rest_route=%2Fwp%2Fv2%2Fcomments&post=1293"}],"version-history":[{"count":32,"href":"https:\/\/clases.etab.cl\/index.php?rest_route=\/wp\/v2\/pages\/1293\/revisions"}],"predecessor-version":[{"id":1372,"href":"https:\/\/clases.etab.cl\/index.php?rest_route=\/wp\/v2\/pages\/1293\/revisions\/1372"}],"up":[{"embeddable":true,"href":"https:\/\/clases.etab.cl\/index.php?rest_route=\/wp\/v2\/pages\/1115"}],"wp:attachment":[{"href":"https:\/\/clases.etab.cl\/index.php?rest_route=%2Fwp%2Fv2%2Fmedia&parent=1293"}],"curies":[{"name":"wp","href":"https:\/\/api.w.org\/{rel}","templated":true}]}}