{"id":1461,"date":"2016-03-14T18:28:59","date_gmt":"2016-03-14T18:28:59","guid":{"rendered":"http:\/\/etab.cl\/clases\/uchile\/obj-tec\/?page_id=1461"},"modified":"2016-03-14T21:24:08","modified_gmt":"2016-03-14T21:24:08","slug":"labmed2016-c1","status":"publish","type":"page","link":"https:\/\/clases.etab.cl\/?page_id=1461","title":{"rendered":"LabMed2016: C1"},"content":{"rendered":"<p><strong>Contenidos M\u00f3dulo I<br \/>\nSesi\u00f3n 1<\/strong><\/p>\n<p><strong>Bibliograf\u00eda<\/strong><br \/>\nPostproducci\u00f3n de Nicol\u00e1s Bourriaud (falta cap\u00edtulo 3): <a href=\"http:\/\/www.catedragarciacano.com.ar\/wp-content\/uploads\/2009\/11\/nicolas-bourriaud-completo1.pdf\" target=\"_blank\">http:\/\/www.catedragarciacano.com.ar\/wp-content\/uploads\/2009\/11\/nicolas-bourriaud-completo1.pdf<\/a><\/p>\n<p><a href=\"http:\/\/www.scribd.com\/doc\/20953470\/Posproduccion-Nicolas-Bourriaud#scribd\" target=\"_blank\">http:\/\/www.scribd.com\/doc\/20953470\/Posproduccion-Nicolas-Bourriaud#scribd<\/a><\/p>\n<p>El pan\u00f3ptico: <a href=\"https:\/\/iedimagen.files.wordpress.com\/2012\/02\/bentham-jeremy-el-panoptico-1791.pdf\" target=\"_blank\">https:\/\/iedimagen.files.wordpress.com\/2012\/02\/bentham-jeremy-el-panoptico-1791.pdf<\/a><\/p>\n<p>Tecnolog\u00edas de mediaci\u00f3n Varios autores, editado por D. Cruz: P\u00e1ginas x a x. Mesa de Rodrigo Z\u00fa\u00f1iga, Nathalie Goffard y Camila Estrella.<\/p>\n<p>Status: la imagen y su masificaci\u00f3n de Alejandra Rivera: <a href=\"http:\/\/repositorio.uchile.cl\/handle\/2250\/136286\" target=\"_blank\">http:\/\/repositorio.uchile.cl\/handle\/2250\/136286<\/a><\/p>\n<p>El andar como pr\u00e1ctica est\u00e9tica de Francesco Careri: <a href=\"https:\/\/recorridosurbanos.files.wordpress.com\/2013\/02\/careri-francesco_el-andar-como-pracc81ctica-estecc81tica_2002.pdf\">https:\/\/recorridosurbanos.files.wordpress.com\/2013\/02\/careri-francesco_el-andar-como-pracc81ctica-estecc81tica_2002.pdf<\/a><br \/>\n<a href=\"https:\/\/www.youtube.com\/watch?v=_J-h92kODzc\" target=\"_blank\">https:\/\/www.youtube.com\/watch?v=_J-h92kODzc<\/a><\/p>\n<p><strong>Links<\/strong><br \/>\nSelfiecity: <a href=\"http:\/\/selfiecity.net\/selfiexploratory\/\" target=\"_blank\">http:\/\/selfiecity.net\/selfiexploratory\/<\/a><br \/>\n<a href=\"http:\/\/visualized.com\/2014\/presents\/moritz-stefaner\/\" target=\"_blank\">http:\/\/visualized.com\/2014\/presents\/moritz-stefaner\/<\/a><br \/>\nCampa\u00f1a Iphone6: <a href=\"http:\/\/www.apple.com\/iphone-6s\/cameras\/photos\/\" target=\"_blank\">http:\/\/www.apple.com\/iphone-6s\/cameras\/photos\/<\/a><br \/>\nMonkey Selfie: <a href=\"https:\/\/en.wikipedia.org\/wiki\/Monkey_selfie\" target=\"_blank\">https:\/\/en.wikipedia.org\/wiki\/Monkey_selfie<\/a><br \/>\n<a href=\"https:\/\/www.creativereview.co.uk\/cr-blog\/2015\/april\/if-apple-can-why-cant-you\/\" target=\"_blank\">https:\/\/www.creativereview.co.uk\/cr-blog\/2015\/april\/if-apple-can-why-cant-you\/<\/a><\/p>\n<p>Richard Prince: <a href=\"http:\/\/www.richardprince.com\/exhibitions\/new-portraits_1\/#\/detail\/10\/\" target=\"_blank\">http:\/\/www.richardprince.com\/exhibitions\/new-portraits_1\/#\/detail\/10\/<\/a><\/p>\n<p>Lev Manovich: <a href=\"http:\/\/manovich.net\/\" target=\"_blank\">http:\/\/manovich.net\/<\/a><\/p>\n<p>Deriva: <a href=\"http:\/\/www.ugr.es\/~silvia\/documentos%20colgados\/IDEA\/teoria%20de%20la%20deriva.pdf\" target=\"_blank\">http:\/\/www.ugr.es\/~silvia\/documentos%20colgados\/IDEA\/teoria%20de%20la%20deriva.pdf<\/a><\/p>\n<p>Sketchpad: <a href=\"https:\/\/www.youtube.com\/watch?v=495nCzxM9PI\" target=\"_blank\">https:\/\/www.youtube.com\/watch?v=495nCzxM9PI<\/a><\/p>\n<p>Nicol\u00e1s Brice\u00f1o &#8211; Hasta que lleguen tiempos mejores (pg.18): <a href=\"http:\/\/www.concursomatildeperez.cl\/catalogo\/catalogo_MP4.pdf\" target=\"_blank\">http:\/\/www.concursomatildeperez.cl\/catalogo\/catalogo_MP4.pdf<\/a><\/p>\n<p>Julius Von Bismark: <a href=\"http:\/\/juliusvonbismarck.com\/bank\/index.php?\/projects\/image-fulgurator\/2\/\" target=\"_blank\">http:\/\/juliusvonbismarck.com\/bank\/index.php?\/projects\/image-fulgurator\/2\/<\/a><br \/>\n<a href=\"https:\/\/vimeo.com\/10118219\" target=\"_blank\">https:\/\/vimeo.com\/10118219<\/a><\/p>\n<p>Blink and Buttons: <a href=\"http:\/\/www.blinksandbuttons.net\/media_buttons_hires_en.html\" target=\"_blank\">http:\/\/www.blinksandbuttons.net\/media_buttons_hires_en.html<\/a><br \/>\n<a href=\"http:\/\/www.blinksandbuttons.net\/buttons_en.html\" target=\"_blank\">http:\/\/www.blinksandbuttons.net\/buttons_en.html<\/a><\/p>\n<p>Daniel Canogar: <a href=\"https:\/\/vimeo.com\/89331072\" target=\"_blank\">https:\/\/vimeo.com\/89331072<\/a><\/p>\n<p>Daniel Rozin: <a href=\"https:\/\/www.youtube.com\/watch?v=ql55_Ilb8pM#t=82.055399\" target=\"_blank\">https:\/\/www.youtube.com\/watch?v=ql55_Ilb8pM#t=82.055399<\/a><\/p>\n<p>Matt Richardson: <a href=\"http:\/\/mattrichardson.com\/Descriptive-Camera\/index.html\" target=\"_blank\">http:\/\/mattrichardson.com\/Descriptive-Camera\/index.html<\/a><\/p>\n<p>5h Dimensional Camera: <a href=\"http:\/\/superflux.in\/work\/5th-dimensional-camera\" target=\"_blank\">http:\/\/superflux.in\/work\/5th-dimensional-camera<\/a><\/p>\n<p>Andreas Mullerpohle: <a href=\"http:\/\/www.muellerpohle.net\/projects\/facecodes.html\" target=\"_blank\">http:\/\/www.muellerpohle.net\/projects\/facecodes.html<\/a><\/p>\n","protected":false},"excerpt":{"rendered":"<p>Contenidos M\u00f3dulo I Sesi\u00f3n 1 Bibliograf\u00eda Postproducci\u00f3n de Nicol\u00e1s Bourriaud (falta cap\u00edtulo 3): http:\/\/www.catedragarciacano.com.ar\/wp-content\/uploads\/2009\/11\/nicolas-bourriaud-completo1.pdf http:\/\/www.scribd.com\/doc\/20953470\/Posproduccion-Nicolas-Bourriaud#scribd El pan\u00f3ptico: https:\/\/iedimagen.files.wordpress.com\/2012\/02\/bentham-jeremy-el-panoptico-1791.pdf Tecnolog\u00edas de mediaci\u00f3n Varios autores, editado por D. Cruz: P\u00e1ginas x a x. Mesa de Rodrigo Z\u00fa\u00f1iga, Nathalie Goffard y Camila Estrella. Status: la imagen y su masificaci\u00f3n de Alejandra Rivera: http:\/\/repositorio.uchile.cl\/handle\/2250\/136286 El andar como pr\u00e1ctica est\u00e9tica [&hellip;]<\/p>\n","protected":false},"author":1,"featured_media":0,"parent":1457,"menu_order":0,"comment_status":"closed","ping_status":"open","template":"","meta":{"_acf_changed":false,"footnotes":""},"class_list":["post-1461","page","type-page","status-publish","hentry"],"acf":[],"_links":{"self":[{"href":"https:\/\/clases.etab.cl\/index.php?rest_route=\/wp\/v2\/pages\/1461","targetHints":{"allow":["GET"]}}],"collection":[{"href":"https:\/\/clases.etab.cl\/index.php?rest_route=\/wp\/v2\/pages"}],"about":[{"href":"https:\/\/clases.etab.cl\/index.php?rest_route=\/wp\/v2\/types\/page"}],"author":[{"embeddable":true,"href":"https:\/\/clases.etab.cl\/index.php?rest_route=\/wp\/v2\/users\/1"}],"replies":[{"embeddable":true,"href":"https:\/\/clases.etab.cl\/index.php?rest_route=%2Fwp%2Fv2%2Fcomments&post=1461"}],"version-history":[{"count":9,"href":"https:\/\/clases.etab.cl\/index.php?rest_route=\/wp\/v2\/pages\/1461\/revisions"}],"predecessor-version":[{"id":1470,"href":"https:\/\/clases.etab.cl\/index.php?rest_route=\/wp\/v2\/pages\/1461\/revisions\/1470"}],"up":[{"embeddable":true,"href":"https:\/\/clases.etab.cl\/index.php?rest_route=\/wp\/v2\/pages\/1457"}],"wp:attachment":[{"href":"https:\/\/clases.etab.cl\/index.php?rest_route=%2Fwp%2Fv2%2Fmedia&parent=1461"}],"curies":[{"name":"wp","href":"https:\/\/api.w.org\/{rel}","templated":true}]}}