{"id":1476,"date":"2016-03-22T18:31:49","date_gmt":"2016-03-22T18:31:49","guid":{"rendered":"http:\/\/etab.cl\/clases\/uchile\/obj-tec\/?page_id=1476"},"modified":"2016-03-22T18:42:44","modified_gmt":"2016-03-22T18:42:44","slug":"labmed2016-c2","status":"publish","type":"page","link":"https:\/\/clases.etab.cl\/?page_id=1476","title":{"rendered":"LabMed2016: C2"},"content":{"rendered":"<p><strong>Contenidos M\u00f3dulo I<br \/>\nSesi\u00f3n 2<\/strong><\/p>\n<p><strong>Ejercicio pr\u00f3xima semana:<\/strong><br \/>\nseg\u00fan lo conversado en esta sesi\u00f3n, continuar el desarrollo de sus proyectos.<br \/>\nNo olvidar que el foco de este m\u00f3dulo es reflexionar acerca de las diferentes posibilidades t\u00e9cnicas de captura de imagen en donde hasta ahora hemos hablado del scanner (Deskpotrait), disparo a distancia (a trav\u00e9s de aplicaciones de celular, DIY y de las propias marcas de c\u00e1maras), as\u00ed como tambi\u00e9n los smartphones y todas sus posibilidades (redes, comunidades, sensores, etc.).<\/p>\n<p>La pregunta de fondo a ser contestada o experimentada a por medio del ejercicio pr\u00e1ctico \/ proyecto es:<br \/>\n&#8220;A partir de estas posibilidades tecnol\u00f3gicas (las que hemos comentado en clases), \u00bfc\u00f3mo es posible replantear las im\u00e1genes, en cuanto a las operaciones, lenguaje, imaginario, po\u00e9tica y puesta en escena&#8221; o bien. C\u00f3mo se ampl\u00eda o re-propone la pr\u00e1ctica fotogr\u00e1fica a partir de esto?&#8221;<\/p>\n<p><strong>Links de referencia de la clase:<\/strong><br \/>\nObturador a distancia comercial<br \/>\n<a href=\"http:\/\/www.triggertrap.com\/\" target=\"_blank\">http:\/\/www.triggertrap.com\/<\/a><\/p>\n<p>Obturador a distacia DIY<br \/>\n<a href=\"http:\/\/www.fotografonocturno.com\/media\/2014\/01\/disparador_canon_casero__esquema.png\" target=\"_blank\">http:\/\/www.fotografonocturno.com\/media\/2014\/01\/disparador_canon_casero__esquema.png<\/a><\/p>\n<p>Software para control de c\u00e1mara SLR Canon<br \/>\n<a href=\"https:\/\/www.youtube.com\/watch?v=r0CX_3tguXI\" target=\"_blank\">https:\/\/www.youtube.com\/watch?v=r0CX_3tguXI<br \/>\n<\/a>*Se descarga dando el nombre del modelo de la c\u00e1mara en\u00a0<a href=\"https:\/\/www.usa.canon.com\/internet\/portal\/us\/home\" target=\"_blank\">https:\/\/www.usa.canon.com\/internet\/portal\/us\/home<\/a><\/p>\n<p>Control remoto de c\u00e1mara SLR Nikon (veris\u00f3n de prueba &#8211; 30 d\u00edas):<br \/>\n<a href=\"http:\/\/downloadcenter.nikonimglib.com\/en\/download\/sw\/51.html\" target=\"_blank\">http:\/\/downloadcenter.nikonimglib.com\/en\/download\/sw\/51.html<\/a><\/p>\n<p>Otros:<br \/>\n<a href=\"http:\/\/www.xatakafoto.com\/software\/aplicaciones-para-controlar-nuestra-dslr-de-forma-remota-desde-android\" target=\"_blank\">http:\/\/www.xatakafoto.com\/software\/aplicaciones-para-controlar-nuestra-dslr-de-forma-remota-desde-android<\/a><\/p>\n<p>Links Daniel Cruz:<br \/>\n(Deskpotrait)<br \/>\n<a style=\"color: #1155cc;\" href=\"http:\/\/www.masivo.cl\/html\/desk.html\" target=\"_blank\">http:\/\/www.masivo.cl\/html\/<wbr \/><span class=\"il\">desk<\/span>.html<\/a><br \/>\n<a href=\"www.http:\/\/masivo.cl\/html\/mnba_concepcion.html\" target=\"_blank\">www.http:\/\/masivo.cl\/html\/mnba_concepcion.html<\/a><\/p>\n","protected":false},"excerpt":{"rendered":"<p>Contenidos M\u00f3dulo I Sesi\u00f3n 2 Ejercicio pr\u00f3xima semana: seg\u00fan lo conversado en esta sesi\u00f3n, continuar el desarrollo de sus proyectos. No olvidar que el foco de este m\u00f3dulo es reflexionar acerca de las diferentes posibilidades t\u00e9cnicas de captura de imagen en donde hasta ahora hemos hablado del scanner (Deskpotrait), disparo a distancia (a trav\u00e9s de [&hellip;]<\/p>\n","protected":false},"author":1,"featured_media":0,"parent":1457,"menu_order":0,"comment_status":"closed","ping_status":"open","template":"","meta":{"_acf_changed":false,"footnotes":""},"class_list":["post-1476","page","type-page","status-publish","hentry"],"acf":[],"_links":{"self":[{"href":"https:\/\/clases.etab.cl\/index.php?rest_route=\/wp\/v2\/pages\/1476","targetHints":{"allow":["GET"]}}],"collection":[{"href":"https:\/\/clases.etab.cl\/index.php?rest_route=\/wp\/v2\/pages"}],"about":[{"href":"https:\/\/clases.etab.cl\/index.php?rest_route=\/wp\/v2\/types\/page"}],"author":[{"embeddable":true,"href":"https:\/\/clases.etab.cl\/index.php?rest_route=\/wp\/v2\/users\/1"}],"replies":[{"embeddable":true,"href":"https:\/\/clases.etab.cl\/index.php?rest_route=%2Fwp%2Fv2%2Fcomments&post=1476"}],"version-history":[{"count":4,"href":"https:\/\/clases.etab.cl\/index.php?rest_route=\/wp\/v2\/pages\/1476\/revisions"}],"predecessor-version":[{"id":1480,"href":"https:\/\/clases.etab.cl\/index.php?rest_route=\/wp\/v2\/pages\/1476\/revisions\/1480"}],"up":[{"embeddable":true,"href":"https:\/\/clases.etab.cl\/index.php?rest_route=\/wp\/v2\/pages\/1457"}],"wp:attachment":[{"href":"https:\/\/clases.etab.cl\/index.php?rest_route=%2Fwp%2Fv2%2Fmedia&parent=1476"}],"curies":[{"name":"wp","href":"https:\/\/api.w.org\/{rel}","templated":true}]}}