{"id":1483,"date":"2016-03-28T22:33:19","date_gmt":"2016-03-28T22:33:19","guid":{"rendered":"http:\/\/etab.cl\/clases\/uchile\/obj-tec\/?page_id=1483"},"modified":"2016-03-28T23:50:52","modified_gmt":"2016-03-28T23:50:52","slug":"labmed2016-c3","status":"publish","type":"page","link":"https:\/\/clases.etab.cl\/?page_id=1483","title":{"rendered":"LabMed2016: C3"},"content":{"rendered":"<p><strong>En esta sesi\u00f3n:<\/strong><br \/>\n. Revisamos los proyectos de cada uno \/ grupo<br \/>\n. Nos visit\u00f3 Vivian Castro, ex alumna del DAV y espec\u00edficamente de la especialidad de fotograf\u00eda. \u00a0Nos habl\u00f3 de su <a href=\"http:\/\/www.proyectocontinuum.com\/\" target=\"_blank\">proyecto Continuum<\/a>, as\u00ed como tambi\u00e9n de su tesis doctoral, llevada a cabo en la Universidad de S\u00e2o Paulo.<\/p>\n<p><strong>Presentaron:<br \/>\n<\/strong>Nicole + Javiera, Sixto, Luciana + Matilde, \u00c1lvaro, Pablo, Camila + Valeria.<\/p>\n<p>Nicole + Javiera<br \/>\n. Concepto: a\u00fan en proceso. Seg\u00fan lo que se coment\u00f3 en clases del dispositivo de salida (holograma), se decidir\u00e1 la forma de captura. Hay inter\u00e9s por los sistemas de escaneo en donde se pone de manifiesto un tiempo de captura y tambi\u00e9n, en donde esta dimensi\u00f3n se vuelve un eje de importancia para la construcci\u00f3n de la imagen, no s\u00f3lo en el sentido t\u00e9cnico, sino que tambi\u00e9n como lenguaje.<br \/>\n. Tecnolog\u00eda: Imagen hologr\u00e1fica a partir de <a href=\"https:\/\/www.youtube.com\/results?search_query=hologram+cellphone\" target=\"_blank\">tutoriales de internet<\/a> en donde se usan pantallas de celular o m\u00e1s grandes para proyectar una imagen repetida cuatro veces en una pir\u00e1mide invertida de cuatro lados. Para la captura de la imagen, en principio, se revisar\u00e1n posibilidades de hacerlo con un esc\u00e1ner o sistema de escaneo.<\/p>\n<p>Sixto<br \/>\n. Concepto: Se coment\u00f3 la idea de tomar im\u00e1genes de internet, espec\u00edficamente de aquellos &#8220;h\u00e9roes&#8221; enaltecidos por los medios, desarrollando una re-mezcla entre estos y el anti-afiche del Che-guevara de <a href=\"https:\/\/www.artsy.net\/artwork\/roberto-jacoby-un-guerrillero-no-muere-para-que-se-lo-cuelgue-en-la-pared-a-guerrilla-does-not-die-to-be-hanged-on-a-wall\" target=\"_blank\">Roberto Jacoby<\/a>. La idea es viralizar a trav\u00e9s de redes sociales estas imagenes &#8220;remixeadas&#8221;.<br \/>\nDado que se est\u00e1 trabajando con el humor, aparecen problemas que tienen que ver con c\u00f3mo mantener la tensi\u00f3n en el ejercicio y no &#8220;agotar el chiste&#8221;; algo que en el mundo de los MEMES aparece como resuelto a partir de la constante variaci\u00f3n de los textos que llevan las im\u00e1genes que se han vuelto ic\u00f3nicas. Es por tanto un primer desaf\u00edo, el volver virales las im\u00e1genes propuestas (Camiroaga, Perro Lipigas, Cerati), ya que esa es una condici\u00f3n fundamental que el ejercicio funcione.<br \/>\n. Tecnolog\u00eda: Las im\u00e1genes son editadas digitalmente, de manera que el trabajo de Jacoby se mezcle con las im\u00e1genes de las personalidades escogidas. Por otra parte, Internet y m\u00e1s espec\u00edficamente las redes sociales ser\u00e1n el soporte de salida.<\/p>\n<p>Luciana + Matilde<br \/>\n. Concepto: Se plantea la idea de la vigilancia y el pan\u00f3ptico como m\u00f3vil del ejercicio. Se plantea el ejercicio como un &#8220;hacer darse cuenta&#8221; a las personas, de que est\u00e1n siendo vigiladas.<br \/>\n. Tecnolog\u00eda: Luego de pensar en distintas formas de presentar este problema en el espacio p\u00fablico (o semi-p\u00fablico), toma fuerza la idea de hacer evidente la vigilancia por medio de c\u00e1maras que siguen a las personas que pasen en frente de ellas. No se sabe bien a\u00fan el n\u00famero de c\u00e1maras, pero se les propone que sean varias para volver el objeto &#8216;c\u00e1mara de vigilancia&#8217; en algo enrarecido por la multiplicidad; y de esta manera aumentar la provocaci\u00f3n y hacer m\u00e1s efectivo el hacer notorio el dispositivo de vigilancia.<br \/>\nUn punto importante es que, en esta propuesta no importa obtener realmente una imagen, sino que la intenci\u00f3n principal es la de dar protagonismo al dispositivo de captura.<br \/>\nEn este escenario, se presentan problemas t\u00e9cnicos como:<br \/>\n&#8211; Qu\u00e9 tipo de c\u00e1mara ser\u00e1 presentada (real?, fabricada?, falsa-comercial?)<br \/>\n&#8211; En qu\u00e9 situaci\u00f3n ideal es implementado el proyecto \/ En qu\u00e9 situaci\u00f3n es posible hacerlo?<br \/>\n&#8211; \u00a0Qu\u00e9 sistema de tracking o detecci\u00f3n de las personas se puede usar.<br \/>\n&#8211; \u00a0Qu\u00e9 sistema se puede utilizar para el movimiento de las c\u00e1maras (se decide que s\u00f3lo ser\u00e1 movimiento en sentido horizontal).<\/p>\n<p>\u00c1lvaro<br \/>\n. Concepto:\u00a0El proyecto plantea el c\u00f3mo se percibe el entorno o lo otro desde la perspectiva de la m\u00e1quina. Aparece a partir de esto la idea de invertir el rol del avatar, en donde el humano es el avatar de la m\u00e1quina y no al rev\u00e9s como com\u00fanmente es entendido. El humano que se enfrenta a esta m\u00e1quina ser\u00e1 &#8220;sensado&#8221; a trav\u00e9s de\u00a0sensores, en donde el problema fotogr\u00e1fico aparece justamente, por la ausencia de esta.<br \/>\n. Tecnolog\u00eda: El rol de la m\u00e1quina ser\u00e1 implementado por un microcontrolador que tendr\u00e1 sensores de temperatura, presi\u00f3n, luz y otros. Tambi\u00e9n hay un display de matriz, que por el momento visualiza los valores asignados a la respuesta de algunos sensores.<br \/>\nA\u00fan queda por definir la manera en que el otro (humano) ser\u00e1 &#8216;sentido&#8217; por los sensores presentes en el sistema: si ser\u00e1 un objeto, un m\u00f3dulo, etc.<br \/>\nSe sugiere acotar o modularizar el proyecto para que sea realizable en el tiempo que se da para entregar el ejercicio en el contexto de la clase.<\/p>\n<p>Pablo<br \/>\n. Concepto: Se propone idear distintos tipos de c\u00e1mara que ponen en cuesti\u00f3n la captura de la imagen. Como ejemplo, se presenta una acuarela que describe el funcionamiento de una c\u00e1mara con soporte anal\u00f3gico que s\u00f3lo hace im\u00e1genes cuando esta determina que no son banales. Aparece ah\u00ed la pregunta de c\u00f3mo se define lo banal, o bien, c\u00f3mo se tipifica esta caracter\u00edstica. Tambi\u00e9n se plantea la idea de una c\u00e1mara que obtura de manera aleatoria, en donde no se sabe si esta obtura o no.<br \/>\n. Tecnolog\u00eda: La forma de implementar un dispositivo fotogr\u00e1fico est\u00e1 a\u00fan en exploraci\u00f3n. Se propone investigar la posibilidad de usar el sistema de Mechanical Turk (Amazon) o en su defecto, idear otras estrategias de discriminaci\u00f3n de im\u00e1genes (decidir si algo es o no banal).<br \/>\nSe propone que , independiente de las decisiones que se tomen en cuanto a la fabricaci\u00f3n de un dispositivo, se contin\u00fae con una serie de acuarelas de posibles c\u00e1maras; tomando en cuenta algunos referentes visuales que tienen que ver con las im\u00e1genes t\u00e9cnicas que describen aparatos electr\u00f3nicos.<\/p>\n<p>Camila + Valeria<br \/>\n. Concepto: Se hace la observaci\u00f3n de la discordancia que a veces se produce entre los # (hashtags) y las im\u00e1genes a las que se hace referencia; apareciendo conceptos en texto que no tienen que ver con el significado de la imagen (desde el punto de vista de quienes proponen el proyecto). Para hacer visible este problema, se propone hacer una b\u00fasqueda de este tipo de situaciones (se ejemplifica con una imagen de un vaso de Starbucks que aparece con #amor) y construir un diccionario de este tipo de catalogaci\u00f3n. Se comenta, a partir de esta propuesta, el problema que presenta la b\u00fasqueda de esta catalogaci\u00f3n sin tener un sistema automatizado para esto: \u00bfpuede esto volver la b\u00fasqueda demasiado subjetiva?, \u00bfes esto un problema?<br \/>\n. Tecnolog\u00eda: Como plataforma, en principio, se apunta a Internet como lo ideal. Sin embargo se har\u00e1 un prototipo de p\u00e1gina para tener una idea concreta de c\u00f3mo funcionar\u00eda. Se sugiere dar una vuelta a la idea del diccionario y el formato de salida para tensionar la idea de la discordancia entre imagen y texto, as\u00ed como tambi\u00e9n la idea de hacer aparecer una nueva jerga.<\/p>\n<p>&nbsp;<\/p>\n","protected":false},"excerpt":{"rendered":"<p>En esta sesi\u00f3n: . Revisamos los proyectos de cada uno \/ grupo . Nos visit\u00f3 Vivian Castro, ex alumna del DAV y espec\u00edficamente de la especialidad de fotograf\u00eda. \u00a0Nos habl\u00f3 de su proyecto Continuum, as\u00ed como tambi\u00e9n de su tesis doctoral, llevada a cabo en la Universidad de S\u00e2o Paulo. Presentaron: Nicole + Javiera, Sixto, [&hellip;]<\/p>\n","protected":false},"author":1,"featured_media":0,"parent":1457,"menu_order":0,"comment_status":"closed","ping_status":"open","template":"","meta":{"_acf_changed":false,"footnotes":""},"class_list":["post-1483","page","type-page","status-publish","hentry"],"acf":[],"_links":{"self":[{"href":"https:\/\/clases.etab.cl\/index.php?rest_route=\/wp\/v2\/pages\/1483","targetHints":{"allow":["GET"]}}],"collection":[{"href":"https:\/\/clases.etab.cl\/index.php?rest_route=\/wp\/v2\/pages"}],"about":[{"href":"https:\/\/clases.etab.cl\/index.php?rest_route=\/wp\/v2\/types\/page"}],"author":[{"embeddable":true,"href":"https:\/\/clases.etab.cl\/index.php?rest_route=\/wp\/v2\/users\/1"}],"replies":[{"embeddable":true,"href":"https:\/\/clases.etab.cl\/index.php?rest_route=%2Fwp%2Fv2%2Fcomments&post=1483"}],"version-history":[{"count":11,"href":"https:\/\/clases.etab.cl\/index.php?rest_route=\/wp\/v2\/pages\/1483\/revisions"}],"predecessor-version":[{"id":1495,"href":"https:\/\/clases.etab.cl\/index.php?rest_route=\/wp\/v2\/pages\/1483\/revisions\/1495"}],"up":[{"embeddable":true,"href":"https:\/\/clases.etab.cl\/index.php?rest_route=\/wp\/v2\/pages\/1457"}],"wp:attachment":[{"href":"https:\/\/clases.etab.cl\/index.php?rest_route=%2Fwp%2Fv2%2Fmedia&parent=1483"}],"curies":[{"name":"wp","href":"https:\/\/api.w.org\/{rel}","templated":true}]}}