{"id":1499,"date":"2016-04-04T23:18:37","date_gmt":"2016-04-04T23:18:37","guid":{"rendered":"http:\/\/etab.cl\/clases\/uchile\/obj-tec\/?page_id=1499"},"modified":"2017-04-01T23:05:25","modified_gmt":"2017-04-01T23:05:25","slug":"at2016-c1","status":"publish","type":"page","link":"https:\/\/clases.etab.cl\/?page_id=1499","title":{"rendered":"AT2016: C1"},"content":{"rendered":"<p><strong>Objetivos de la clase:<\/strong><br \/>\nEl curso est\u00e1 organizado para nivelar a los alumnos con los conceptos y destrezas b\u00e1sicas para la inclusi\u00f3n\u00a0de recursos electr\u00f3nicos y digitales (microcontrolador) en proyectos creativos; espec\u00edficamente de concepci\u00f3n art\u00edstica y mayormente orientados a la sonoridad.<\/p>\n<p><strong>Metodolog\u00eda:<\/strong><br \/>\nLas sesiones son principalmente pr\u00e1cticas a partir de la exploraci\u00f3n, a trav\u00e9s de ejercicios guiados, de herramientas y componentes electr\u00f3nicos, as\u00ed como tambi\u00e9n del uso de microcontroladores compatibles con Arduino.<br \/>\nAl finalizar el curso, cada alumno deber\u00e1 haber propuesto un proyecto realizado a partir de los conocimientos adquiridos durante las clases. Este proyecto dar\u00e1 lugar a una evaluaci\u00f3n coeficiente uno.<\/p>\n<p><strong>Planificaci\u00f3n:<\/strong><a href=\"https:\/\/docs.google.com\/spreadsheets\/d\/1Xblqpc2dL5I1j2_Xpg1CoSEByhKg7lvAQCtfEBrhfUk\/edit?usp=sharing\" target=\"_blank\"><br \/>\nCronograma, evaluaciones y asistencia<\/a><br \/>\n(cada uno en una pesta\u00f1a diferente).<\/p>\n<p><strong>Bit\u00e1cora<\/strong><br \/>\nCada alumno deber\u00e1 llevar una bit\u00e1cora en donde anotar\u00e1 de forma sostenida los procesos que emerjan a partir de los contenidos del curso.<br \/>\nSe sugiere usar <a href=\"https:\/\/evernote.com\/\" target=\"_blank\">Evernote<\/a>.<\/p>\n<p><strong>Materiales:<\/strong><br \/>\nCada alumno deber\u00e1 contar con un set de materiales que deber\u00e1 ser llevado a cada clase. La lista de componentes ser\u00e1 informada oportunamente antes de cada sesi\u00f3n.<\/p>\n<p><strong>D\u00f3nde comprar los componentes y herramientas<\/strong><br \/>\n<a href=\"http:\/\/www.victronics.cl\/\" target=\"_blank\">http:\/\/www.victronics.cl\/<\/a><br \/>\n<a href=\"http:\/\/www.olimex.cl\/\" target=\"_blank\">http:\/\/www.olimex.cl\/<\/a><br \/>\n<a href=\"http:\/\/www.casaroyal.cl\/\" target=\"_blank\">http:\/\/www.casaroyal.cl\/<\/a><br \/>\n&#8212; Digital Electr\u00f3nica: San Antonio 32 (subterr\u00e1neo), Stgo. Centro. F: 226324511<br \/>\n&#8211; Barrio San Diego:<br \/>\n&#8211; Ibarra: Calle San Diego 928 Santiago \u2013 Santiago, Chile, F: 2 672 39 63 \/ 2 672 94 05<br \/>\n&#8211; Electr\u00f3nica Orfali: San Diego 955, Santiago, F: 2 698 83 76<\/p>\n<p><strong>Bibliograf\u00eda<\/strong><br \/>\n<a href=\"http:\/\/loliel.narod.ru\/DIY.pdf\" target=\"_blank\">Handmade Electronic Music<\/a> &#8211; Nicolas Collins<\/p>\n<p><strong>Sitio web proyectos personales<\/strong><br \/>\n<a href=\"http:\/\/www.etab.cl\" target=\"_blank\">www.etab.cl<\/a><\/p>\n<p>&#8212;&#8212;<\/p>\n<p><strong>C1<\/strong><\/p>\n<p><strong>John Cage<\/strong><br \/>\n<a href=\"https:\/\/www.youtube.com\/watch?v=_qWPCoayhjY\" target=\"_blank\">https:\/\/www.youtube.com\/watch?v=_qWPCoayhjY<\/a><\/p>\n<p><strong>Tristan Perich<\/strong><br \/>\n1bit Music: 1 bit Music<br \/>\n1bit Symphony: <a href=\"http:\/\/www.1bitsymphony.com\/\" target=\"_blank\">http:\/\/www.1bitsymphony.com\/<\/a><br \/>\nBreathing Potraits: <a href=\"https:\/\/vimeo.com\/15259734\" target=\"_blank\">https:\/\/vimeo.com\/15259734<\/a><br \/>\nMicrotonal Wall: <a href=\"http:\/\/tristanperich.com\/#Artwork\/Microtonal_Wall\" target=\"_blank\">http:\/\/tristanperich.com\/#Artwork\/Microtonal_Wall<\/a><br \/>\nMicrotonal Wall: <a href=\"https:\/\/vimeo.com\/45225412\" target=\"_blank\">https:\/\/vimeo.com\/45225412<\/a><br \/>\nInterval Studies: <a href=\"https:\/\/vimeo.com\/9218458\" target=\"_blank\">https:\/\/vimeo.com\/9218458<\/a><\/p>\n<p><strong>Peter Vogel<\/strong><br \/>\nTanzperformances: <a href=\"http:\/\/www.petervogel-objekte.de\/PerfTanz.html\" target=\"_blank\">http:\/\/www.petervogel-objekte.de\/PerfTanz.html<\/a><br \/>\nKlangobjekte: <a href=\"http:\/\/www.petervogel-objekte.de\/ObjKlang.html\" target=\"_blank\">http:\/\/www.petervogel-objekte.de\/ObjKlang.html<\/a><br \/>\nThe Sound of Shadows website: <a href=\"http:\/\/vogelexhibition.weebly.com\/\" target=\"_blank\">http:\/\/vogelexhibition.weebly.com\/<\/a><br \/>\nThe Sound of Shadows video: <a href=\"https:\/\/vimeo.com\/59829961\" target=\"_blank\">https:\/\/vimeo.com\/59829961<\/a><br \/>\nP\u00e1gina personal: <a href=\"http:\/\/www.petervogel-objekte.de\" target=\"_blank\">http:\/\/www.petervogel-objekte.de<\/a><\/p>\n<p><strong>Christina Kubisch<\/strong><br \/>\n<a href=\"https:\/\/vimeo.com\/54846163\" target=\"_blank\">https:\/\/vimeo.com\/54846163<\/a><\/p>\n<p><strong>Zimoun<\/strong><br \/>\n<a href=\"http:\/\/www.zimoun.net\/2013-329.html\" target=\"_blank\">http:\/\/www.zimoun.net\/2013-329.html<\/a><br \/>\n<a href=\"http:\/\/www.zimoun.net\/2014-20.html\" target=\"_blank\">http:\/\/www.zimoun.net\/2014-20.html<\/a><br \/>\n<a href=\"http:\/\/www.zimoun.net\/2009-25.html\" target=\"_blank\">http:\/\/www.zimoun.net\/2009-25.html<\/a><\/p>\n<p>&nbsp;<\/p>\n<p><strong>Circuitos<\/strong><br \/>\n<a href=\"http:\/\/etab.cl\/clases\/uchile\/obj-tec\/wp-content\/uploads\/2016\/01\/primeros-circuitos-A.jpg\"><img loading=\"lazy\" decoding=\"async\" class=\"alignnone size-medium wp-image-1445\" src=\"http:\/\/etab.cl\/clases\/uchile\/obj-tec\/wp-content\/uploads\/2016\/01\/primeros-circuitos-A-233x300.jpg\" alt=\"primeros-circuitos-A\" width=\"233\" height=\"300\" srcset=\"https:\/\/clases.etab.cl\/wp-content\/uploads\/2016\/01\/primeros-circuitos-A-233x300.jpg 233w, https:\/\/clases.etab.cl\/wp-content\/uploads\/2016\/01\/primeros-circuitos-A-624x801.jpg 624w, https:\/\/clases.etab.cl\/wp-content\/uploads\/2016\/01\/primeros-circuitos-A.jpg 797w\" sizes=\"auto, (max-width: 233px) 100vw, 233px\" \/><\/a><\/p>\n<p><strong>Tabla c\u00f3digo de color resistencia<\/strong><br \/>\n<a href=\"http:\/\/etab.cl\/clases\/uchile\/obj-tec\/wp-content\/uploads\/2016\/01\/resistencias-tabla-de-codigos.png\"><img loading=\"lazy\" decoding=\"async\" src=\"http:\/\/etab.cl\/clases\/uchile\/obj-tec\/wp-content\/uploads\/2016\/01\/resistencias-tabla-de-codigos-300x228.png\" alt=\"resistencias tabla de codigos\" width=\"300\" height=\"228\" class=\"alignnone size-medium wp-image-1436\" srcset=\"https:\/\/clases.etab.cl\/wp-content\/uploads\/2016\/01\/resistencias-tabla-de-codigos-300x228.png 300w, https:\/\/clases.etab.cl\/wp-content\/uploads\/2016\/01\/resistencias-tabla-de-codigos.png 568w\" sizes=\"auto, (max-width: 300px) 100vw, 300px\" \/><\/a><\/p>\n","protected":false},"excerpt":{"rendered":"<p>Objetivos de la clase: El curso est\u00e1 organizado para nivelar a los alumnos con los conceptos y destrezas b\u00e1sicas para la inclusi\u00f3n\u00a0de recursos electr\u00f3nicos y digitales (microcontrolador) en proyectos creativos; espec\u00edficamente de concepci\u00f3n art\u00edstica y mayormente orientados a la sonoridad. Metodolog\u00eda: Las sesiones son principalmente pr\u00e1cticas a partir de la exploraci\u00f3n, a trav\u00e9s de ejercicios [&hellip;]<\/p>\n","protected":false},"author":1,"featured_media":0,"parent":1496,"menu_order":0,"comment_status":"closed","ping_status":"open","template":"","meta":{"_acf_changed":false,"footnotes":""},"class_list":["post-1499","page","type-page","status-publish","hentry"],"acf":[],"_links":{"self":[{"href":"https:\/\/clases.etab.cl\/index.php?rest_route=\/wp\/v2\/pages\/1499","targetHints":{"allow":["GET"]}}],"collection":[{"href":"https:\/\/clases.etab.cl\/index.php?rest_route=\/wp\/v2\/pages"}],"about":[{"href":"https:\/\/clases.etab.cl\/index.php?rest_route=\/wp\/v2\/types\/page"}],"author":[{"embeddable":true,"href":"https:\/\/clases.etab.cl\/index.php?rest_route=\/wp\/v2\/users\/1"}],"replies":[{"embeddable":true,"href":"https:\/\/clases.etab.cl\/index.php?rest_route=%2Fwp%2Fv2%2Fcomments&post=1499"}],"version-history":[{"count":22,"href":"https:\/\/clases.etab.cl\/index.php?rest_route=\/wp\/v2\/pages\/1499\/revisions"}],"predecessor-version":[{"id":1538,"href":"https:\/\/clases.etab.cl\/index.php?rest_route=\/wp\/v2\/pages\/1499\/revisions\/1538"}],"up":[{"embeddable":true,"href":"https:\/\/clases.etab.cl\/index.php?rest_route=\/wp\/v2\/pages\/1496"}],"wp:attachment":[{"href":"https:\/\/clases.etab.cl\/index.php?rest_route=%2Fwp%2Fv2%2Fmedia&parent=1499"}],"curies":[{"name":"wp","href":"https:\/\/api.w.org\/{rel}","templated":true}]}}