{"id":1546,"date":"2016-04-20T20:25:58","date_gmt":"2016-04-20T20:25:58","guid":{"rendered":"http:\/\/etab.cl\/clases\/uchile\/obj-tec\/?page_id=1546"},"modified":"2016-04-26T18:49:43","modified_gmt":"2016-04-26T18:49:43","slug":"at2016-c3","status":"publish","type":"page","link":"https:\/\/clases.etab.cl\/?page_id=1546","title":{"rendered":"AT2016: C3"},"content":{"rendered":"<p><a href=\"http:\/\/etab.cl\/clases\/pdfs\/pgs-14-17-forrest-mims-555.pdf\" target=\"_blank\">PDF Timer555 &#8211; 1<\/a><br \/>\n<a href=\"http:\/\/etab.cl\/clases\/pdfs\/pgs-desde-Timer555.pdf\" target=\"_blank\">PDF Timer 555 &#8211; 2<\/a><br \/>\n<strong>Timer 555: construcci\u00f3n de un oscilador<\/strong><\/p>\n<p><img loading=\"lazy\" decoding=\"async\" class=\"alignnone\" src=\"http:\/\/etab.cl\/clases\/uchile\/obj-son\/wp-content\/uploads\/2014\/05\/Screen-Shot-2014-05-09-at-8.20.19-AM.png\" alt=\"\" width=\"696\" height=\"341\" \/><\/p>\n<p><img loading=\"lazy\" decoding=\"async\" class=\"alignnone\" src=\"http:\/\/etab.cl\/clases\/uchile\/obj-son\/wp-content\/uploads\/2014\/05\/Screen-Shot-2014-05-09-at-8.49.46-AM.png\" alt=\"\" width=\"674\" height=\"240\" \/><br \/>\n<strong>Funcionamiento de un Timer 555 en modo astable:<\/strong><br \/>\nEl 555 toma su nombre de las 3 resistencias de 5k que se muestran en el diagrama (m\u00e1s abajo). Estas resistencias act\u00faan como un divisor de voltaje de 3-pasos entre Vcc y tierra. La parte superior de la resistencia de 5k de m\u00e1s abajo (+ input to comparator 2) est\u00e1 configurada a 1\/3 de Vcc, mientras que la parte superior de la resistencia de 5k (- input to comparator 2) est\u00e1 configurada a 2\/3 de Vcc.<br \/>\nLas dos comparadores emiten ya sea una alta o baja tensi\u00f3n (voltaje \/ diferencia de potencial) basada en los voltajes anal\u00f3gicos que est\u00e1n siendo comparados en sus entradas (inputs).<br \/>\nSi una de las entradas positivas de los comparadores es mayor que su entrada negativa, su nivel de salida l\u00f3gica se vuelve &#8216;1&#8217; (high); si el voltaje de la entrada positiva es menor que el voltaje de la entrada negativa, el nivel de la salida l\u00f3gica se vuelve &#8216;0&#8217; (low).<br \/>\nLas salidas de los comparadores son enviados a los inputs de un biestable RS (Flip-flop SR). El biestable revisa las entradas R y S; y produce un 0 (low) o un 1 (high) basado en el estado del voltaje en las entradas.<\/p>\n<p><img loading=\"lazy\" decoding=\"async\" class=\"alignnone\" src=\"http:\/\/www.unitechelectronics.com\/NE555BLOCK1.png\" width=\"480\" height=\"390\" \/><br \/>\n*imagen de <a href=\"http:\/\/www.unitechelectronics.com\/NE-555.htm\" target=\"_blank\">http:\/\/www.unitechelectronics.com\/NE-555.htm<\/a><\/p>\n<p><strong>Pin 1: (ground \/ tierra)<\/strong> Tierra del circuito integrado.<br \/>\n<strong>Pin 2: (trigger \/ disparo)<\/strong> Entrada al comparador 2, que es usado para configurar el biestable (flip-flop). Cuando el voltaje en el pin 2 va de m\u00e1s a menos de 1\/3 Vcc, el comparador cambia a &#8216;1&#8217; (high), configurando el biestable (flip-flop).<br \/>\n<strong>Pin 3: (output \/ salida)<\/strong> La salida del 555 es manejada por un buffer inversor capaz de hacer <a href=\"http:\/\/digital.ni.com\/public.nsf\/allkb\/1490DC6926205A6BC1256BFF0079852F\" target=\"_blank\">sourcing o sinking<\/a> al rededor de 200mA. El voltaje de salida depende de la corriente de salida, pero son aproximadamente Vout (high) = Vcc \u2013 1.5 V and Vout (low) = 0.1V.<br \/>\n<strong>Pin 4: (reset \/ reinicio)<\/strong> Reinicio activo a nivel bajo (low \/ 0), que fuerza el estado de -Q- a &#8216;alto&#8217; (high \/ 1) y al pin 3 (output \/ salida)<br \/>\na bajo (low \/ 0).<br \/>\n<strong>Pin 5: (control)<\/strong> Usado para anular el nivel de 2\/3Vcc, si fuera necesario, pero normalmente va a tierra a trav\u00e9s de un condensador de bypass (capacitor) de 0.01uF (este condensador ayuda a eliminar el ruido de Vcc). Si se aplica aqu\u00ed un voltaje externo, configurar\u00e1 entonces un nuevo nivel de voltaje de disparo (trigger).<br \/>\n<strong>Pin 6: (threshold \/ umbral)<\/strong> Entrada al comparador superior, cuya funci\u00f3n es reiniciar (resetear) el biestable (flip-flop). Cuando el voltaje en el pin 6 va de menos de- a m\u00e1s de 2\/3Vcc, el comparador cambia a estado &#8216;alto&#8217; (1 \/ high), reiniciando (reseteando) el biestable (flip-flop).<br \/>\n<strong>Pin 7: (discharge \/ descarga)<\/strong> Conectado al colector abiertode transistor NPN. Su funci\u00f3n es conectar el pin 7 a tierra cuando -Q- est\u00e1 en &#8216;alto (high \/ 1) y pin 3 en bajo (0 \/ low). Esto provoca que se descargue el condensador.<br \/>\n<strong>Pin 8: (suministro de voltaje \/ Vcc)<\/strong> Normalmente entre 4.5 y 16 Volts para los timer 555 tipo TTL de uso general. (Para las versiones CMOS, el suministro de voltaje puede ser desde 1V).<\/p>\n<p><strong>Otros:<\/strong><br \/>\nAtari Punk Console (timer 556)<br \/>\n<a href=\"https:\/\/www.youtube.com\/watch?v=Oi3dmSMpjsU\" target=\"_blank\">https:\/\/www.youtube.com\/watch?v=Oi3dmSMpjsU<\/a><\/p>\n<p><strong>C\u00f3mo soldar:<\/strong><br \/>\n<a href=\"http:\/\/www.nicolascollins.com\/hackingtutorial04.htm\" target=\"_blank\">http:\/\/www.nicolascollins.com\/hackingtutorial04.htm<\/a><\/p>\n<p><strong>Sintetizador victoriano (por Nicolas Collins):<\/strong><br \/>\n<a href=\"http:\/\/www.nicolascollins.com\/hackingtutorial03.htm\" target=\"_blank\">http:\/\/www.nicolascollins.com\/hackingtutorial03.htm<\/a><\/p>\n<p><a href=\"http:\/\/etab.cl\/clases\/uchile\/obj-tec\/wp-content\/uploads\/2016\/04\/vinilo-el-computador-virtuoso-1973-irt-452211-MLC20506817271_122015-F.jpg\"><img loading=\"lazy\" decoding=\"async\" class=\"alignnone size-medium wp-image-1549\" src=\"http:\/\/etab.cl\/clases\/uchile\/obj-tec\/wp-content\/uploads\/2016\/04\/vinilo-el-computador-virtuoso-1973-irt-452211-MLC20506817271_122015-F-300x269.jpg\" alt=\"vinilo-el-computador-virtuoso-1973-irt-452211-MLC20506817271_122015-F\" width=\"300\" height=\"269\" srcset=\"https:\/\/clases.etab.cl\/wp-content\/uploads\/2016\/04\/vinilo-el-computador-virtuoso-1973-irt-452211-MLC20506817271_122015-F-300x269.jpg 300w, https:\/\/clases.etab.cl\/wp-content\/uploads\/2016\/04\/vinilo-el-computador-virtuoso-1973-irt-452211-MLC20506817271_122015-F-1024x920.jpg 1024w, https:\/\/clases.etab.cl\/wp-content\/uploads\/2016\/04\/vinilo-el-computador-virtuoso-1973-irt-452211-MLC20506817271_122015-F-624x561.jpg 624w, https:\/\/clases.etab.cl\/wp-content\/uploads\/2016\/04\/vinilo-el-computador-virtuoso-1973-irt-452211-MLC20506817271_122015-F.jpg 1200w\" sizes=\"auto, (max-width: 300px) 100vw, 300px\" \/><\/a><br \/>\n<a href=\"https:\/\/www.youtube.com\/watch?v=SlTrmYWhvRk\" target=\"_blank\">El computador virtuoso<\/a><\/p>\n<p><strong>Ejercicio de aplicaci\u00f3n<\/strong><br \/>\nPensar a partir de los circuitos construidos hasta ahora (VUmetro y 555 astable), una salida creativa a partir de la reflexi\u00f3n acerca del sonido \/ luz que emite y sus caracter\u00edsticas f\u00edsicas (como objeto).<\/p>\n<p>El ejercicio puede ser pensado para dar lugar a un objeto, como instalaci\u00f3n, intervenci\u00f3n de un espacio, etc. y a partir de la integraci\u00f3n de este con otros elementos y materiales. Por ejemplo, \u00bfqu\u00e9 pasar\u00eda si a este circuito lo integro en una estructura met\u00e1lica o de papel?, \u00bfQu\u00e9 pasa si alargo los cables que conectan al parlante con el circuito y este cuelga balance\u00e1ndose desde el techo (c\u00f3mo se percibir\u00e1 el sonido)?, \u00bfQu\u00e9 pasa si construyo un dispositivo que permita a un espectador interactuar con el potenci\u00f3metro para controlar los pulsos? Podr\u00eda tambi\u00e9n replicarse el mismo circuito y trabajar un resultado a partir de la reiteraci\u00f3n. Un ejemplo extremo de esto, son los trabajos de Zimoun que revisamos en la primera clase, en donde el cuerpo del objeto se genera a partir de la reiteraci\u00f3n de un mismo recurso.<\/p>\n<p>El objetivo de este ejercicio, es lograr extender los alcances de este recurso m\u00e1s all\u00e1 del resultado t\u00e9cnico, carg\u00e1ndolo de sentido ya sea formal o conceptual o simb\u00f3lico.<\/p>\n","protected":false},"excerpt":{"rendered":"<p>PDF Timer555 &#8211; 1 PDF Timer 555 &#8211; 2 Timer 555: construcci\u00f3n de un oscilador Funcionamiento de un Timer 555 en modo astable: El 555 toma su nombre de las 3 resistencias de 5k que se muestran en el diagrama (m\u00e1s abajo). Estas resistencias act\u00faan como un divisor de voltaje de 3-pasos entre Vcc y [&hellip;]<\/p>\n","protected":false},"author":1,"featured_media":0,"parent":1496,"menu_order":0,"comment_status":"closed","ping_status":"open","template":"","meta":{"_acf_changed":false,"footnotes":""},"class_list":["post-1546","page","type-page","status-publish","hentry"],"acf":[],"_links":{"self":[{"href":"https:\/\/clases.etab.cl\/index.php?rest_route=\/wp\/v2\/pages\/1546","targetHints":{"allow":["GET"]}}],"collection":[{"href":"https:\/\/clases.etab.cl\/index.php?rest_route=\/wp\/v2\/pages"}],"about":[{"href":"https:\/\/clases.etab.cl\/index.php?rest_route=\/wp\/v2\/types\/page"}],"author":[{"embeddable":true,"href":"https:\/\/clases.etab.cl\/index.php?rest_route=\/wp\/v2\/users\/1"}],"replies":[{"embeddable":true,"href":"https:\/\/clases.etab.cl\/index.php?rest_route=%2Fwp%2Fv2%2Fcomments&post=1546"}],"version-history":[{"count":9,"href":"https:\/\/clases.etab.cl\/index.php?rest_route=\/wp\/v2\/pages\/1546\/revisions"}],"predecessor-version":[{"id":1563,"href":"https:\/\/clases.etab.cl\/index.php?rest_route=\/wp\/v2\/pages\/1546\/revisions\/1563"}],"up":[{"embeddable":true,"href":"https:\/\/clases.etab.cl\/index.php?rest_route=\/wp\/v2\/pages\/1496"}],"wp:attachment":[{"href":"https:\/\/clases.etab.cl\/index.php?rest_route=%2Fwp%2Fv2%2Fmedia&parent=1546"}],"curies":[{"name":"wp","href":"https:\/\/api.w.org\/{rel}","templated":true}]}}