{"id":1571,"date":"2016-05-11T02:04:37","date_gmt":"2016-05-11T02:04:37","guid":{"rendered":"http:\/\/etab.cl\/clases\/uchile\/obj-tec\/?page_id=1571"},"modified":"2016-05-13T02:31:53","modified_gmt":"2016-05-13T02:31:53","slug":"at2016-c4-2","status":"publish","type":"page","link":"https:\/\/clases.etab.cl\/?page_id=1571","title":{"rendered":"AT2016: C5"},"content":{"rendered":"<p>En esta sesi\u00f3n se entreg\u00f3 el ejercicio de aplicaci\u00f3n oscilador 555 y Vumetro 386.<br \/>\nSe pueden ver los resultados en los blogs:<\/p>\n<p><a href=\"https:\/\/www.evernote.com\/Home.action#n=c0f8da20-239d-405e-a661-cf51181e6134&amp;ses=4&amp;sh=2&amp;sds=5&amp;\" target=\"_blank\">Nicol\u00e1s Alvarado <\/a><br \/>\n<a href=\"https:\/\/www.evernote.com\/shard\/s737\/sh\/b37c958f-f15f-4402-9a13-a29dcf03b3e5\/34744bc89ebc5e87baadb74ff100012f\" target=\"_blank\">Fernando Gajardo<\/a><a href=\"https:\/\/www.evernote.com\/Home.action#n=c0f8da20-239d-405e-a661-cf51181e6134&amp;ses=4&amp;sh=2&amp;sds=5&amp;\" target=\"_blank\"><br \/>\n<\/a><a href=\"https:\/\/www.evernote.com\/shard\/s738\/sh\/cefc60aa-5208-4ac9-8b32-0c9bb185f215\/e8dc10f6ba51ccc6a3eb62be3066bbff\" target=\"_blank\">Nicol\u00e1s Fuentes<\/a><a href=\"https:\/\/www.evernote.com\/Home.action#n=c0f8da20-239d-405e-a661-cf51181e6134&amp;ses=4&amp;sh=2&amp;sds=5&amp;\" target=\"_blank\"><br \/>\n<\/a><a href=\"https:\/\/www.evernote.com\/shard\/s146\/sh\/b39d4976-dede-460e-ae82-277bae66d98c\/cca80238df7fb8dd4977e47dd312f054\" target=\"_blank\">Gonzalo Meneses<\/a><a href=\"https:\/\/www.evernote.com\/Home.action#n=c0f8da20-239d-405e-a661-cf51181e6134&amp;ses=4&amp;sh=2&amp;sds=5&amp;\" target=\"_blank\"><br \/>\n<\/a><a href=\"http:\/\/www.evernote.com\/l\/Aungjf2dqxJKCLcgxnNxWT_lx3M5Rh-GpCg\/\" target=\"_blank\">B\u00e1rbara Sade<\/a><a href=\"https:\/\/www.evernote.com\/Home.action#n=c0f8da20-239d-405e-a661-cf51181e6134&amp;ses=4&amp;sh=2&amp;sds=5&amp;\" target=\"_blank\"><br \/>\n<\/a><a href=\"https:\/\/www.evernote.com\/shard\/s742\/sh\/ace8e6b3-56d2-481f-bd6f-e61f31af55ce\/fd79834cbbd65d768da3826203e4aa70\" target=\"_blank\">Benjam\u00edn Ruz<\/a><\/p>\n<p>&#8212;-<\/p>\n<p><strong>Arduino<\/strong><br \/>\n<strong>Physical Computing<\/strong><\/p>\n<p>Esta es la imagen que inicia el primer libro dedicado a la computaci\u00f3n f\u00edsica o Physical Computing. Su primera edici\u00f3n fue publicada en 2004 y fue una respuesta a la inquietud de profesores y estudiantes de distintas \u00e1reas interesados en el trabajo creativo que implicaba una respuesta f\u00edsica ante rutinas digitales o vice\/versa.<br \/>\n<a href=\"http:\/\/etab.cl\/clases\/uchile\/obj-tec\/wp-content\/uploads\/2013\/10\/PhCompDiagram.jpg\"><img loading=\"lazy\" decoding=\"async\" class=\"aligncenter wp-image-437\" src=\"http:\/\/etab.cl\/clases\/uchile\/obj-tec\/wp-content\/uploads\/2013\/10\/PhCompDiagram.jpg\" alt=\"PhCompDiagram\" width=\"212\" height=\"318\" srcset=\"https:\/\/clases.etab.cl\/wp-content\/uploads\/2013\/10\/PhCompDiagram.jpg 354w, https:\/\/clases.etab.cl\/wp-content\/uploads\/2013\/10\/PhCompDiagram-200x300.jpg 200w\" sizes=\"auto, (max-width: 212px) 100vw, 212px\" \/><\/a><\/p>\n<p>En el libro se hace referencia a esta imagen para explicar el c\u00f3mo nos relacionamos con los computadores, espec\u00edficamente en c\u00f3mo somos percibidos por estos. Hasta ese entonces la forma casi \u00fanica para una persona \u00a0de comunicarse con un computador era a partir del mouse y el teclado y por otro lado a trav\u00e9s de la vista y los o\u00eddos.<\/p>\n<p>Se comenz\u00f3 a usar microcontroladores de f\u00e1cil programaci\u00f3n para expandir las posibles formas de interacci\u00f3n con la m\u00e1quina: Basic Stamp, Pic y otros, eran los microcontroladores m\u00e1s utilizados, sin embargo en 2003 en el instituto Ivrea en Italia quisieron hacer a\u00fan m\u00e1s f\u00e1cil el uso de estos dispositivos, as\u00ed como tambi\u00e9n m\u00e1s econ\u00f3micos para los estudiantes.<\/p>\n<p>Fue as\u00ed entonces como comenz\u00f3 a desarrollarse la placa <a href=\"http:\/\/arduino.cc\/\" target=\"_blank\">Arduino<\/a> y su software en el contexto de una tesis de Magister en el mismo instituto Ivrea por el colombiano <a href=\"http:\/\/barraganstudio.com\/\" target=\"_blank\">Hernando Barrag\u00e1n<\/a>, quien en ese momento inici\u00f3 su proyecto <a href=\"http:\/\/wiring.org.co\/about.html\" target=\"_blank\">Wiring<\/a>\u00a0en el que luego se bas\u00f3 el proyecto Arduino conducido por un grupo constituido por\u00a0\u00a0<a href=\"http:\/\/www.potemkin.org\/\" rel=\"nofollow\">Massimo Banzi<\/a>,\u00a0<a href=\"http:\/\/www.0j0.org\/wiki\/index.php\/DojoDave\" rel=\"nofollow\">David Cuartielles<\/a>,\u00a0<a href=\"http:\/\/itp.nyu.edu\/~tqi6023\/\" rel=\"nofollow\">Tom Igoe<\/a>,\u00a0<a href=\"http:\/\/www.smartprojects.it\/\" rel=\"nofollow\">Gianluca Martino<\/a>, and\u00a0<a href=\"http:\/\/dam.mellis.org\/\" rel=\"nofollow\">David Mellis<\/a>. Tambi\u00e9n hubo directa influencia del proyecto <a href=\"http:\/\/processing.org\/\" target=\"_blank\">Processing<\/a> iniciado por <a href=\"http:\/\/reas.com\/\" target=\"_blank\">Casey Reas<\/a> y <a href=\"http:\/\/benfry.com\/\" target=\"_blank\">Ben Fry<\/a><\/p>\n<p><iframe loading=\"lazy\" src=\"https:\/\/player.vimeo.com\/video\/18390711?color=c9ff23&amp;title=0&amp;byline=0&amp;portrait=0\" width=\"500\" height=\"281\" frameborder=\"0\" allowfullscreen=\"allowfullscreen\"><\/iframe><\/p>\n<p>Luego de Arduino (que es un proyecto Open Source) comenzaron a aparecer distintas placas basadas en ella como <a href=\"http:\/\/moderndevice.com\/product\/rbbb-kit\/\" target=\"_blank\">RBBB<\/a> o <a href=\"http:\/\/www.makeymakey.com\/\" target=\"_blank\">Makey Makey<\/a> entre otras.<\/p>\n<p>Otra caracter\u00edstica que vale la pena mencionar es que gracias a las caracter\u00edsticas de Arduino, es bastante f\u00e1cil aumentar sus capacidades de f\u00e1brica gracias a los <a href=\"http:\/\/shieldlist.org\/\" target=\"_blank\">shields<\/a>\u00a0que son placas adosables a Arduino para por ejemplo, usar de manera m\u00e1s f\u00e1cil motores, aplicaciones con sonido, acceder a internet, etc.<\/p>\n<p><span style=\"line-height: 1.714285714; font-size: 1rem;\">Tambi\u00e9n cabe mencionar que hace algunos a\u00f1os se han desarrollado otras placas como <\/span><a style=\"line-height: 1.714285714; font-size: 1rem;\" href=\"http:\/\/www.raspberrypi.org\/\" target=\"_blank\">Raspberry Pi<\/a><span style=\"line-height: 1.714285714; font-size: 1rem;\">, \u00a0<\/span><a style=\"line-height: 1.714285714; font-size: 1rem;\" href=\"http:\/\/beagleboard.org\/Products\/BeagleBone\" target=\"_blank\">Beagle Bone<\/a><span style=\"line-height: 1.714285714; font-size: 1rem;\"> y m\u00e1s recientemente \u00a0<\/span><a style=\"line-height: 1.714285714; font-size: 1rem;\" href=\"http:\/\/arduino.cc\/en\/ArduinoCertified\/IntelGalileo\" target=\"_blank\">Arduino Galileo<\/a><span style=\"line-height: 1.714285714; font-size: 1rem;\"> (entre otras) que entran dentro de la categor\u00eda de peque\u00f1os computadores por lo que tienen m\u00e1s capacidad de procesamiento de datos, se les puede instalar un sistema operativo, programas y aceptan perif\u00e9ricos como monitor, teclado, mouse, etc, as\u00ed como tambi\u00e9n conexi\u00f3n a Internet sin necesidad de enchufarlos a un shield.<\/span><\/p>\n<p><span style=\"line-height: 1.714285714; font-size: 1rem;\">Esta rese\u00f1a es para contextualizar brevemente en qu\u00e9 situaci\u00f3n se generan las herramientas que presentar\u00e9 las pr\u00f3ximas clases. Lo que da para pensar es el rol de estas en las posibilidades de uno generar herramientas propias, que pueden ser personalizadas seg\u00fan las propias necesidades y concepto de un proyecto. Al igual que aprender programaci\u00f3n, se generan libertades que no se dan al ocupar m\u00e1quinas y softwares que no pueden ser modificados.<\/span><\/p>\n<p>&#8212;&#8212;&#8212;&#8212;&#8212;&#8212;&#8212;&#8212;&#8211;<\/p>\n<p><strong>Ejercicio hecho en clases a partir de los ejemplos del programa Arduino<\/strong><br \/>\nEjercicios: Blink, Digital input<br \/>\n1) File &#8211;&gt; Examples &#8211;&gt; Basics &#8212;&gt; Blink<\/p>\n","protected":false},"excerpt":{"rendered":"<p>En esta sesi\u00f3n se entreg\u00f3 el ejercicio de aplicaci\u00f3n oscilador 555 y Vumetro 386. Se pueden ver los resultados en los blogs: Nicol\u00e1s Alvarado Fernando Gajardo Nicol\u00e1s Fuentes Gonzalo Meneses B\u00e1rbara Sade Benjam\u00edn Ruz &#8212;- Arduino Physical Computing Esta es la imagen que inicia el primer libro dedicado a la computaci\u00f3n f\u00edsica o Physical Computing. [&hellip;]<\/p>\n","protected":false},"author":1,"featured_media":0,"parent":1496,"menu_order":0,"comment_status":"closed","ping_status":"closed","template":"","meta":{"_acf_changed":false,"footnotes":""},"class_list":["post-1571","page","type-page","status-publish","hentry"],"acf":[],"_links":{"self":[{"href":"https:\/\/clases.etab.cl\/index.php?rest_route=\/wp\/v2\/pages\/1571","targetHints":{"allow":["GET"]}}],"collection":[{"href":"https:\/\/clases.etab.cl\/index.php?rest_route=\/wp\/v2\/pages"}],"about":[{"href":"https:\/\/clases.etab.cl\/index.php?rest_route=\/wp\/v2\/types\/page"}],"author":[{"embeddable":true,"href":"https:\/\/clases.etab.cl\/index.php?rest_route=\/wp\/v2\/users\/1"}],"replies":[{"embeddable":true,"href":"https:\/\/clases.etab.cl\/index.php?rest_route=%2Fwp%2Fv2%2Fcomments&post=1571"}],"version-history":[{"count":7,"href":"https:\/\/clases.etab.cl\/index.php?rest_route=\/wp\/v2\/pages\/1571\/revisions"}],"predecessor-version":[{"id":1597,"href":"https:\/\/clases.etab.cl\/index.php?rest_route=\/wp\/v2\/pages\/1571\/revisions\/1597"}],"up":[{"embeddable":true,"href":"https:\/\/clases.etab.cl\/index.php?rest_route=\/wp\/v2\/pages\/1496"}],"wp:attachment":[{"href":"https:\/\/clases.etab.cl\/index.php?rest_route=%2Fwp%2Fv2%2Fmedia&parent=1571"}],"curies":[{"name":"wp","href":"https:\/\/api.w.org\/{rel}","templated":true}]}}