{"id":1624,"date":"2016-09-20T15:49:27","date_gmt":"2016-09-20T15:49:27","guid":{"rendered":"http:\/\/etab.cl\/clases\/uchile\/obj-tec\/?page_id=1624"},"modified":"2017-01-02T01:34:48","modified_gmt":"2017-01-02T01:34:48","slug":"complementario-taller-de-sensores-2016","status":"publish","type":"page","link":"https:\/\/clases.etab.cl\/?page_id=1624","title":{"rendered":"Complementario &#8211; Taller de sensores 2016"},"content":{"rendered":"<p>El Taller complementario de sensores tiene como objetivo que el estudiante adquiera, por medio de la instrucci\u00f3n te\u00f3rico-pr\u00e1ctica, los coocimientos fundamentales acerca de los dispositivos y elementos electr\u00f3nicos que permiten percibir cambios en el entorno (sensores), con el fin de comprender su tecnolog\u00eda b\u00e1sica y uso; y a partir de esto, considerarlos como recursos en la pr\u00e1ctica art\u00edstica.<\/p>\n<p>1) Electr\u00f3nica b\u00e1sica, electricidad, ley de ohm, herramientas y componentes, circuito en base a timer 555, sensores de temperatura, sensores de luz, sensores piezoel\u00e9ctricos, piroel\u00e9ctricos, posici\u00f3n, entre otros.<br \/>\n2) Electr\u00f3nica y programaci\u00f3n, Arduino, Physical Computing, Procesos y obra de artistas nacionales e internacionales. Pure Data.<br \/>\n3) Proyectos personales.<\/p>\n<p>Asistencia: 80%<br \/>\nEvaluaci\u00f3n: Bit\u00e1cora de procesos, ejercicio sensor DIY, proyecto final.<\/p>\n<p><strong>Blogs estudiantes<\/strong><br \/>\nVirginia <a href=\"http:\/\/dielectrica.tumblr.com\" target=\"_blank\">http:\/\/dielectrica.tumblr.com<\/a><br \/>\nB\u00e1rbara <a href=\"https:\/\/ledconpapitas.blogspot.cl\" target=\"_blank\">https:\/\/ledconpapitas.blogspot.cl<\/a><br \/>\nFito <a href=\"http:\/\/fitoo1.wixsite.com\/bitacoradelrayo\" target=\"_blank\">http:\/\/fitoo1.wixsite.com\/bitacoradelrayo<\/a>  <\/p>\n","protected":false},"excerpt":{"rendered":"<p>El Taller complementario de sensores tiene como objetivo que el estudiante adquiera, por medio de la instrucci\u00f3n te\u00f3rico-pr\u00e1ctica, los coocimientos fundamentales acerca de los dispositivos y elementos electr\u00f3nicos que permiten percibir cambios en el entorno (sensores), con el fin de comprender su tecnolog\u00eda b\u00e1sica y uso; y a partir de esto, considerarlos como recursos en [&hellip;]<\/p>\n","protected":false},"author":1,"featured_media":0,"parent":1455,"menu_order":0,"comment_status":"closed","ping_status":"closed","template":"","meta":{"_acf_changed":false,"footnotes":""},"class_list":["post-1624","page","type-page","status-publish","hentry"],"acf":[],"_links":{"self":[{"href":"https:\/\/clases.etab.cl\/index.php?rest_route=\/wp\/v2\/pages\/1624","targetHints":{"allow":["GET"]}}],"collection":[{"href":"https:\/\/clases.etab.cl\/index.php?rest_route=\/wp\/v2\/pages"}],"about":[{"href":"https:\/\/clases.etab.cl\/index.php?rest_route=\/wp\/v2\/types\/page"}],"author":[{"embeddable":true,"href":"https:\/\/clases.etab.cl\/index.php?rest_route=\/wp\/v2\/users\/1"}],"replies":[{"embeddable":true,"href":"https:\/\/clases.etab.cl\/index.php?rest_route=%2Fwp%2Fv2%2Fcomments&post=1624"}],"version-history":[{"count":6,"href":"https:\/\/clases.etab.cl\/index.php?rest_route=\/wp\/v2\/pages\/1624\/revisions"}],"predecessor-version":[{"id":1644,"href":"https:\/\/clases.etab.cl\/index.php?rest_route=\/wp\/v2\/pages\/1624\/revisions\/1644"}],"up":[{"embeddable":true,"href":"https:\/\/clases.etab.cl\/index.php?rest_route=\/wp\/v2\/pages\/1455"}],"wp:attachment":[{"href":"https:\/\/clases.etab.cl\/index.php?rest_route=%2Fwp%2Fv2%2Fmedia&parent=1624"}],"curies":[{"name":"wp","href":"https:\/\/api.w.org\/{rel}","templated":true}]}}