{"id":1646,"date":"2017-03-13T01:33:33","date_gmt":"2017-03-13T01:33:33","guid":{"rendered":"http:\/\/etab.cl\/clases\/uchile\/obj-tec\/?page_id=1646"},"modified":"2017-08-08T01:02:11","modified_gmt":"2017-08-08T01:02:11","slug":"clases-2017","status":"publish","type":"page","link":"https:\/\/clases.etab.cl\/?page_id=1646","title":{"rendered":"Clases 2017"},"content":{"rendered":"<p><strong>1er semestre<\/strong><br \/>\n&#8211; Taller Central de Fotograf\u00eda &#8211; Lunes &#8211; LabMed &#8211; publicaci\u00f3n<br \/>\n&#8211; Taller Central de Fotograf\u00eda &#8211; Mi\u00e9rcoles &#8211; Procesos<br \/>\n&#8211; Taller Central de Fotograf\u00eda &#8211; Viernes &#8211; Salidas a terreno<br \/>\n&#8211; Complementario de Arte Sonoro<br \/>\n&#8211; MAM Taller de tecnolog\u00edas aplicadas<br \/>\n&#8211; Diplomado Arte Sonoro &#8211; Sonido, artes visuales y objeto t\u00e9cnico<br \/>\n&#8211; Taller complementario de sensores<br \/>\n&#8211; Taller Central de Fotograf\u00eda &#8211; Lunes LabMed &#8211; imagen digital<\/p>\n","protected":false},"excerpt":{"rendered":"<p>1er semestre &#8211; Taller Central de Fotograf\u00eda &#8211; Lunes &#8211; LabMed &#8211; publicaci\u00f3n &#8211; Taller Central de Fotograf\u00eda &#8211; Mi\u00e9rcoles &#8211; Procesos &#8211; Taller Central de Fotograf\u00eda &#8211; Viernes &#8211; Salidas a terreno &#8211; Complementario de Arte Sonoro &#8211; MAM Taller de tecnolog\u00edas aplicadas &#8211; Diplomado Arte Sonoro &#8211; Sonido, artes visuales y objeto t\u00e9cnico [&hellip;]<\/p>\n","protected":false},"author":1,"featured_media":0,"parent":622,"menu_order":0,"comment_status":"closed","ping_status":"closed","template":"","meta":{"_acf_changed":false,"footnotes":""},"class_list":["post-1646","page","type-page","status-publish","hentry"],"acf":[],"_links":{"self":[{"href":"https:\/\/clases.etab.cl\/index.php?rest_route=\/wp\/v2\/pages\/1646","targetHints":{"allow":["GET"]}}],"collection":[{"href":"https:\/\/clases.etab.cl\/index.php?rest_route=\/wp\/v2\/pages"}],"about":[{"href":"https:\/\/clases.etab.cl\/index.php?rest_route=\/wp\/v2\/types\/page"}],"author":[{"embeddable":true,"href":"https:\/\/clases.etab.cl\/index.php?rest_route=\/wp\/v2\/users\/1"}],"replies":[{"embeddable":true,"href":"https:\/\/clases.etab.cl\/index.php?rest_route=%2Fwp%2Fv2%2Fcomments&post=1646"}],"version-history":[{"count":4,"href":"https:\/\/clases.etab.cl\/index.php?rest_route=\/wp\/v2\/pages\/1646\/revisions"}],"predecessor-version":[{"id":1814,"href":"https:\/\/clases.etab.cl\/index.php?rest_route=\/wp\/v2\/pages\/1646\/revisions\/1814"}],"up":[{"embeddable":true,"href":"https:\/\/clases.etab.cl\/index.php?rest_route=\/wp\/v2\/pages\/622"}],"wp:attachment":[{"href":"https:\/\/clases.etab.cl\/index.php?rest_route=%2Fwp%2Fv2%2Fmedia&parent=1646"}],"curies":[{"name":"wp","href":"https:\/\/api.w.org\/{rel}","templated":true}]}}