{"id":1817,"date":"2017-08-09T13:18:15","date_gmt":"2017-08-09T13:18:15","guid":{"rendered":"http:\/\/etab.cl\/clases\/uchile\/obj-tec\/?page_id=1817"},"modified":"2017-11-01T19:15:04","modified_gmt":"2017-11-01T19:15:04","slug":"taller-de-sensores-2017","status":"publish","type":"page","link":"https:\/\/clases.etab.cl\/?page_id=1817","title":{"rendered":"Complementario: taller de sensores 2017"},"content":{"rendered":"<p>El Taller complementario de sensores tiene como objetivo que el estudiante adquiera, por medio de la instrucci\u00f3n te\u00f3rico-pr\u00e1ctica, los conocimientos fundamentales acerca de los dispositivos electr\u00f3nicos que permiten percibir cambios en el entorno (sensores), con el fin de comprender su tecnolog\u00eda b\u00e1sica y uso; y a partir de esto, considerarlos como recursos en la pr\u00e1ctica art\u00edstica.<\/p>\n<p>1) Electricidad, digitalidad, sensores cotidianos, interfaz. Hacking de teclado + PD.<br \/>\n2) Electr\u00f3nica y programaci\u00f3n, Arduino, Physical Computing, Procesos y obra de artistas nacionales e internacionales. Pure Data.<br \/>\n3) Proyectos personales.<\/p>\n<p>Asistencia: 80%<\/p>\n<p>Evaluaci\u00f3n:<br \/>\n2 Evaluaciones (60%) + Examen (40%)<br \/>\nEval 1) Proyecto 5pts, bit\u00e1cora 1pt + pto base.<br \/>\nEval 2) Anteproyecto 1pt, Proyecto 4pt, bit\u00e1cora 1pt + pto base.<br \/>\nExamen 3) Proyecto 5pt, bit\u00e1cora 1pt + pto base.<\/p>\n<p>Bibliograf\u00eda sugerida:<br \/>\n. Getting started with sensors, Maker Shed<br \/>\n. Getting started in electronics, Forrest MimsIII<br \/>\n. Physical Computing, Dan O&#8217;Sullivan y Tom Igoe<br \/>\n. Interactive Art Based on Musical Genealogy: Nam June Paik&#8217;s Rando Access. Byeongwon Ha. Pg453 Isea<br \/>\nPreceedings 2017.<\/p>\n<p>Admin curso: <a href=\"https:\/\/docs.google.com\/spreadsheets\/d\/1W9GuSVQmBGpl7uVlJ7aloEJm6qEfepiZ4r1ifppHqSs\/edit?usp=sharing\" target=\"_blank\">https:\/\/docs.google.com\/spreadsheets\/d\/1W9GuSVQmBGpl7uVlJ7aloEJm6qEfepiZ4r1ifppHqSs\/edit?usp=sharing<\/a><\/p>\n<p><strong>Blogs estudiantes<\/strong><br \/>\nMart\u00edn<br \/>\nLucas<br \/>\nTom\u00e1s<\/p>\n<p>Contenidos vistos en clases:<\/p>\n<h1>C1<\/h1>\n<p><strong>Referencias<\/strong>:<br \/>\nhttp:\/\/www.dougengelbart.org\/firsts\/mouse.html<\/p>\n<blockquote class=\"wp-embedded-content\" data-secret=\"ieTeO1OTCv\"><p><a href=\"http:\/\/technolojie.com\/pu-gong-ying-tu-dandelion-painting\/\">Pu Gong Ying Tu (Dandelion Painting)<\/a><\/p><\/blockquote>\n<p><iframe loading=\"lazy\" class=\"wp-embedded-content\" sandbox=\"allow-scripts\" security=\"restricted\" style=\"position: absolute; visibility: hidden;\" title=\"&#8220;Pu Gong Ying Tu (Dandelion Painting)&#8221; &#8212; Jie Qi\" src=\"http:\/\/technolojie.com\/pu-gong-ying-tu-dandelion-painting\/embed\/#?secret=4LFDcXJ4vf#?secret=ieTeO1OTCv\" data-secret=\"ieTeO1OTCv\" width=\"600\" height=\"338\" frameborder=\"0\" marginwidth=\"0\" marginheight=\"0\" scrolling=\"no\"><\/iframe><br \/>\nhttp:\/\/www.sub-context.com\/primitives\/<br \/>\nhttp:\/\/www.artelectronicmedia.com\/artwork\/helena-by-marco-evaristti<br \/>\nhttp:\/\/www.thelisapark.com\/<\/p>\n<blockquote class=\"wp-embedded-content\" data-secret=\"eFsywKigpk\"><p><a href=\"http:\/\/www.claudiagonzalez.cl\/projects\/interaccion-glitch\/\">Interacci\u00f3n Glitch<\/a><\/p><\/blockquote>\n<p><iframe loading=\"lazy\" class=\"wp-embedded-content\" sandbox=\"allow-scripts\" security=\"restricted\" style=\"position: absolute; visibility: hidden;\" title=\"&#8220;Interacci\u00f3n Glitch&#8221; &#8212; CGG | Claudia Gonz\u00e1lez Godoy\" src=\"http:\/\/www.claudiagonzalez.cl\/projects\/interaccion-glitch\/embed\/#?secret=eFsywKigpk\" data-secret=\"eFsywKigpk\" width=\"600\" height=\"338\" frameborder=\"0\" marginwidth=\"0\" marginheight=\"0\" scrolling=\"no\"><\/iframe><\/p>\n<p><strong>Descarga PD:<\/strong> https:\/\/puredata.info\/downloads (descargar e instalar la versi\u00f3n Extended).<br \/>\n<strong>Test para teclado:<\/strong> http:\/\/www.keyboardtester.com\/ || Drumkit: http:\/\/ronwinter.tv\/drums.html<\/p>\n<h1><strong>C2<\/strong><\/h1>\n<p>Link a las anotaciones en clase Pure Data &#8211; intro:<br \/>\n<a href=\"https:\/\/docs.google.com\/document\/d\/1uagGptod2gKTqSuGRrmNUtYiK6Z2vCRzaDalfsiB75o\/edit?usp=sharing\" target=\"_blank\">https:\/\/docs.google.com\/document\/d\/1uagGptod2gKTqSuGRrmNUtYiK6Z2vCRzaDalfsiB75o\/edit?usp=sharing<\/a><br \/>\nLink a descarga de patches:<br \/>\n<a href=\"http:\/\/etab.cl\/clases\/uchile\/complementario-sensores\/PD-C1.zip\" target=\"_blank\">http:\/\/etab.cl\/clases\/uchile\/complementario-sensores\/PD-C1.zip<\/a><\/p>\n<h1><strong>C5<\/strong><\/h1>\n<p>Presentaci\u00f3n ejercicios de aplicaci\u00f3n.<\/p>\n<h1><strong>C6<\/strong><\/h1>\n<p><strong>Physical Computing y microcontroladores<\/strong><\/p>\n<p>Esta es la imagen que inicia el primer libro dedicado a la computaci\u00f3n f\u00edsica o Physical Computing. Su primera edici\u00f3n fue publicada en 2004 y fue una respuesta a la inquietud de profesores y estudiantes de distintas \u00e1reas interesados en el trabajo creativo que implicaba una respuesta f\u00edsica ante rutinas digitales o vice\/versa.<br \/>\n<a href=\"http:\/\/etab.cl\/clases\/uchile\/obj-tec\/wp-content\/uploads\/2013\/10\/PhCompDiagram.jpg\"><img loading=\"lazy\" decoding=\"async\" class=\"aligncenter wp-image-437\" src=\"http:\/\/etab.cl\/clases\/uchile\/obj-tec\/wp-content\/uploads\/2013\/10\/PhCompDiagram.jpg\" alt=\"PhCompDiagram\" width=\"212\" height=\"318\" srcset=\"https:\/\/clases.etab.cl\/wp-content\/uploads\/2013\/10\/PhCompDiagram.jpg 354w, https:\/\/clases.etab.cl\/wp-content\/uploads\/2013\/10\/PhCompDiagram-200x300.jpg 200w\" sizes=\"auto, (max-width: 212px) 100vw, 212px\" \/><\/a><\/p>\n<p>En el libro se hace referencia a esta imagen para explicar el c\u00f3mo nos relacionamos con los computadores, espec\u00edficamente en c\u00f3mo somos percibidos por estos. Hasta ese entonces la forma casi \u00fanica para una persona de comunicarse con un computador era a partir del mouse y el teclado y por otro lado a trav\u00e9s de la vista y los o\u00eddos.<\/p>\n<p>Se comenz\u00f3 a usar microcontroladores de f\u00e1cil programaci\u00f3n para expandir las posibles formas de interacci\u00f3n con la m\u00e1quina: Basic Stamp, Pic y otros, eran los microcontroladores m\u00e1s utilizados, sin embargo en 2003 en el instituto Ivrea en Italia quisieron hacer a\u00fan m\u00e1s f\u00e1cil el uso de estos dispositivos, as\u00ed como tambi\u00e9n m\u00e1s econ\u00f3micos para los estudiantes.<\/p>\n<p>Fue as\u00ed entonces como comenz\u00f3 a desarrollarse la placa <a href=\"http:\/\/arduino.cc\/\" target=\"_blank\">Arduino<\/a> y su software en el contexto de una tesis de Magister en el mismo instituto Ivrea por el colombiano <a href=\"http:\/\/barraganstudio.com\/\" target=\"_blank\">Hernando Barrag\u00e1n<\/a>, quien en ese momento inici\u00f3 su proyecto <a href=\"http:\/\/wiring.org.co\/about.html\" target=\"_blank\">Wiring<\/a> en el que luego se bas\u00f3 el proyecto Arduino conducido por un grupo constituido por <a href=\"http:\/\/www.potemkin.org\/\" rel=\"nofollow\">Massimo Banzi<\/a>, <a href=\"http:\/\/www.0j0.org\/wiki\/index.php\/DojoDave\" rel=\"nofollow\">David Cuartielles<\/a>, <a href=\"http:\/\/itp.nyu.edu\/~tqi6023\/\" rel=\"nofollow\">Tom Igoe<\/a>, <a href=\"http:\/\/www.smartprojects.it\/\" rel=\"nofollow\">Gianluca Martino<\/a>, and <a href=\"http:\/\/dam.mellis.org\/\" rel=\"nofollow\">David Mellis<\/a>. Tambi\u00e9n hubo directa influencia del proyecto <a href=\"http:\/\/processing.org\/\" target=\"_blank\">Processing<\/a> iniciado por <a href=\"http:\/\/reas.com\/\" target=\"_blank\">Casey Reas<\/a> y <a href=\"http:\/\/benfry.com\/\" target=\"_blank\">Ben Fry<\/a><\/p>\n<p><iframe loading=\"lazy\" src=\"https:\/\/player.vimeo.com\/video\/18390711?color=c9ff23&amp;title=0&amp;byline=0&amp;portrait=0\" width=\"500\" height=\"281\" frameborder=\"0\" allowfullscreen=\"allowfullscreen\"><\/iframe><\/p>\n<p>Luego de Arduino (que es un proyecto Open Source) comenzaron a aparecer distintas placas basadas en ella como <a href=\"http:\/\/moderndevice.com\/product\/rbbb-kit\/\" target=\"_blank\">RBBB<\/a> o <a href=\"http:\/\/www.makeymakey.com\/\" target=\"_blank\">Makey Makey<\/a> entre otras.<\/p>\n<p>Otra caracter\u00edstica que vale la pena mencionar es que gracias a las caracter\u00edsticas de Arduino, es bastante f\u00e1cil aumentar sus capacidades de f\u00e1brica gracias a los <a href=\"http:\/\/shieldlist.org\/\" target=\"_blank\">shields<\/a> que son placas adosables a Arduino para por ejemplo, usar de manera m\u00e1s f\u00e1cil motores, aplicaciones con sonido, acceder a internet, etc.<\/p>\n<p><span style=\"line-height: 1.714285714; font-size: 1rem;\">Tambi\u00e9n cabe mencionar que hace algunos a\u00f1os se han desarrollado otras placas como <\/span><a style=\"line-height: 1.714285714; font-size: 1rem;\" href=\"http:\/\/www.raspberrypi.org\/\" target=\"_blank\">Raspberry Pi<\/a><span style=\"line-height: 1.714285714; font-size: 1rem;\">, <\/span><a style=\"line-height: 1.714285714; font-size: 1rem;\" href=\"http:\/\/beagleboard.org\/Products\/BeagleBone\" target=\"_blank\">Beagle Bone<\/a><span style=\"line-height: 1.714285714; font-size: 1rem;\"> y m\u00e1s recientemente <\/span><a style=\"line-height: 1.714285714; font-size: 1rem;\" href=\"http:\/\/arduino.cc\/en\/ArduinoCertified\/IntelGalileo\" target=\"_blank\">Arduino Galileo<\/a><span style=\"line-height: 1.714285714; font-size: 1rem;\"> (entre otras) que entran dentro de la categor\u00eda de peque\u00f1os computadores por lo que tienen m\u00e1s capacidad de procesamiento de datos, se les puede instalar un sistema operativo, programas y aceptan perif\u00e9ricos como monitor, teclado, mouse, etc, as\u00ed como tambi\u00e9n conexi\u00f3n a Internet sin necesidad de enchufarlos a un shield.<\/span><\/p>\n<p><span style=\"line-height: 1.714285714; font-size: 1rem;\">Esta rese\u00f1a es para contextualizar brevemente en qu\u00e9 situaci\u00f3n se generan las herramientas que presentar\u00e9 las pr\u00f3ximas clases. Lo que da para pensar es el rol de estas en las posibilidades de uno generar herramientas propias, que pueden ser personalizadas seg\u00fan las propias necesidades y concepto de un proyecto. Al igual que aprender programaci\u00f3n, se generan libertades que no se dan al ocupar m\u00e1quinas y softwares que no pueden ser modificados.<\/span><\/p>\n<p>&#8212;&#8212;&#8212;&#8212;&#8212;&#8212;&#8212;&#8212;&#8211;<\/p>\n<p><strong>Ejercicio hecho en clases a partir de los ejemplos del programa Arduino<\/strong><\/p>\n<p>OUTPUT<\/p>\n<p>Bibliograf\u00eda t\u00e9cnica: <a href=\"http:\/\/eclass.sch.gr\/modules\/document\/file.php\/EL19138\/Massimo%20Banzi-Getting%20Started%20with%20Arduino%20-Make%20%282011%29.pdf\" target=\"_blank\">http:\/\/eclass.sch.gr\/modules\/document\/file.php\/EL19138\/Massimo%20Banzi-Getting%20Started%20with%20Arduino%20-Make%20%282011%29.pdf<\/a>l<\/p>\n<p>M\u00e1s informaci\u00f3n y tutoriales en video:<br \/>\n<a href=\"https:\/\/vimeo.com\/album\/2801639\/\">https:\/\/vimeo.com\/album\/2801639\/<\/a><\/p>\n<p>&#8212;&#8212;-<\/p>\n<p>Lista de ejercicios realizados durante la clase introductoria de Arduino. Para encontrarlos, buscar el el programa Arduino, desde el men\u00fa File (o Archivo), dentro de Ejemplos seg\u00fan lo indicado a continuaci\u00f3n:<br \/>\n1) File &#8211;&gt; Examples &#8211;&gt; Basics &#8212;&gt; Blink<br \/>\n2) File &#8211;&gt; Examples &#8211;&gt; Basics &#8212;&gt; Fading<br \/>\n3) File \u2013&gt; Examples \u2013&gt; Digital \u2014&gt; Tone Melody<br \/>\n4) File &#8211;&gt; Examples &#8211;&gt; Analog &#8211;&gt; Analog Input<br \/>\n5) Comunicaci\u00f3n serial Arduino &#8211; Pure Data [<a href=\"http:\/\/etab.cl\/clases\/codes\/Arduino_y_PD_analogIn-mtof-osc.zip\">Link descarga<\/a>]<\/p>\n<p><strong>T\u00f3picos revisados<\/strong><br \/>\n<a href=\"http:\/\/etab.cl\/clases\/uchile\/obj-tec\/pdfs\/clase_ciclo-for_processing.pdf\" target=\"_blank\">Ciclo For<\/a><br \/>\n<a href=\"https:\/\/www.arduino.cc\/en\/Tutorial\/PWM\" target=\"_blank\">Modulaci\u00f3n por ancho de pulsos &#8211; Pulse Width Modulation<\/a><br \/>\n<a href=\"https:\/\/hangar.org\/webnou\/wp-content\/uploads\/2012\/01\/capsulab101.pdf\" target=\"_blank\">Actuadores<\/a><br \/>\n<a href=\"https:\/\/www.arduino.cc\/en\/serial\/println\">Visualizar los valores de entrada y\/o salida en el monitor serial (Serial.println)<\/a><\/p>\n<p>Map y Constrain<br \/>\nhttps:\/\/www.arduino.cc\/en\/Tutorial\/AnalogInOutSerial<br \/>\n*para agregar constrain, a continuaci\u00f3n de la funci\u00f3n map tendr\u00edan que agregar la l\u00ednea:<br \/>\noutputValue = map(sensorValue, 0, 1023, 0, 255);<br \/>\nconstValue = constrain(outputValue, 0, 255);<br \/>\n*Recordar declarar una variable global &#8220;constValue&#8221; como un &#8220;int&#8221; y luego cuando se usan los valores (en Serial.println por ejemplo), cambiar el par\u00e1metro a la variable que corresponda (en este caso a &#8220;constValue&#8221;).<br \/>\nCalibraci\u00f3n autom\u00e1tica<br \/>\nhttp:\/\/arduino.cc\/en\/Tutorial\/Calibration<\/p>\n<p>&#8212;&#8212;&#8212;&#8212;&#8212;&#8211;<\/p>\n<h1>C7<\/h1>\n<p>Pure Data<br \/>\nConexi\u00f3n Arduino &#8211; PD con Firmata y Pduino [<a href=\"http:\/\/etab.cl\/clases\/drivers-softwares\/Pduino-0.5.zip\" target=\"_blank\" rel=\"noopener\">Link<\/a>]<br \/>\nSe realiz\u00f3 un ejercicio con un LDR en Arduino y video en PD.<br \/>\nEl sketch de Firmata se puede encontrar en el programa de Arduino en:<br \/>\nFile &#8211;&gt;; Ejemplos &#8211;&gt; Firmata &#8211;&gt; Standard Firmata<\/p>\n<p>Arduino<br \/>\nEstructuras de control<br \/>\n&#8211; If, If else<br \/>\n1) File &#8211;&gt; Examples &#8211;&gt; Control &#8212;&gt; If Statement Conditional<br \/>\nhttps:\/\/www.arduino.cc\/en\/Tutorial\/ifStatementConditional<br \/>\nhttps:\/\/www.arduino.cc\/en\/Reference\/If<\/p>\n<p>Fritzing: programa para prototipado de circuitos<br \/>\nhttp:\/\/fritzing.org\/home\/<\/p>\n<p>Ejercicio para la pr\u00f3xima clase:<br \/>\nInvestigar sobre un sensor elegido y trabajar en una aplicaci\u00f3n a partir de este.<\/p>\n<h1>C8<\/h1>\n<p><strong>Operadores aritm\u00e9ticos y de comparaci\u00f3n<\/strong><br \/>\nhttps:\/\/www.arduino.cc\/en\/Reference\/HomePage<\/p>\n<p><strong>Switch case<\/strong><br \/>\n1) File &#8211;&gt; Examples &#8211;&gt; Control &#8212;&gt; Switch Case<br \/>\nhttps:\/\/www.arduino.cc\/en\/Reference\/SwitchCase<br \/>\nModificaci\u00f3n desarrollada en clases para encender 5 leds<br \/>\n<script src=\"https:\/\/gist.github.com\/anonymous\/9402ef32286bc9624f73d738362b6d21.js\"><\/script><\/p>\n<p><strong>Edge detection: detectar y contar las veces que se apreta un tact switch<\/strong><br \/>\n2) File &#8211;&gt; Examples &#8211;&gt; Digital &#8211;&gt; State Change Detection<br \/>\nhttps:\/\/www.arduino.cc\/en\/Tutorial\/StateChangeDetection?from=Tutorial.ButtonStateChange<\/p>\n<p><strong>Librer\u00eda New Ping para ultras\u00f3nicos<\/strong><br \/>\n3) File &#8211;&gt; Examples &#8211;&gt; New Ping &#8211;&gt; New Ping Example<br \/>\n(pueden revisar los otros ejemplos que aparecen en New Ping)<br \/>\n*Estos ejemplos aparecen una vez que se instala la librer\u00eda New Ping correctamente. Al instalar, hay que reiniciar Arduino.<\/p>\n<p><strong>Ejercicio para la pr\u00f3xima semana:<br \/>\n<\/strong>Desarrollar un ejercicio de aplicaci\u00f3n para el sensor ultras\u00f3nico HC-SR04.<br \/>\nM\u00e1s informaci\u00f3n:<br \/>\nhttp:\/\/playground.arduino.cc\/Code\/NewPing<br \/>\nDel libro de sensores de Ch. Platt: p\u00e1g. 33<br \/>\n<iframe loading=\"lazy\" width=\"300\" height=\"168\" src=\"https:\/\/www.youtube.com\/embed\/bMQpEuaLNJ8?rel=0\" frameborder=\"0\" allowfullscreen><\/iframe><\/p>\n<h1>C9<\/h1>\n<p><strong>Motores y arduino<\/strong><\/p>\n<p>DC<br \/>\n<a href=\"https:\/\/learn.adafruit.com\/adafruit-arduino-lesson-13-dc-motors\/arduino-code\" rel=\"noopener\" target=\"_blank\">https:\/\/learn.adafruit.com\/adafruit-arduino-lesson-13-dc-motors\/arduino-code<\/a><\/p>\n<p>Servo<br \/>\n<a href=\"https:\/\/www.arduino.cc\/en\/Reference\/Servo\" rel=\"noopener\" target=\"_blank\">https:\/\/www.arduino.cc\/en\/Reference\/Servo<\/a><\/p>\n<p>Stepper \/ Paso a paso<br \/>\n<a href=\"https:\/\/www.arduino.cc\/en\/Reference\/Stepper\" rel=\"noopener\" target=\"_blank\">https:\/\/www.arduino.cc\/en\/Reference\/Stepper<\/a><br \/>\nEasy Driver para motor paso a paso<br \/>\n<a href=\"https:\/\/www.sparkfun.com\/products\/12779\" rel=\"noopener\" target=\"_blank\">https:\/\/www.sparkfun.com\/products\/12779<\/a><\/p>\n<p>Arduino Motor Shield<br \/>\n<a href=\"https:\/\/store.arduino.cc\/usa\/arduino-motor-shield-rev3\" rel=\"noopener\" target=\"_blank\">https:\/\/store.arduino.cc\/usa\/arduino-motor-shield-rev3<\/a><\/p>\n<p>Solenoide<br \/>\n<a href=\"https:\/\/playground.arduino.cc\/Learning\/SolenoidTutorial\" rel=\"noopener\" target=\"_blank\">https:\/\/playground.arduino.cc\/Learning\/SolenoidTutorial<\/a><br \/>\n<a href=\"http:\/\/www.mcielectronics.cl\/en_US\/shop\/product\/solenoide-5v-pequeno-10645?search=solenoide\" rel=\"noopener\" target=\"_blank\">http:\/\/www.mcielectronics.cl\/en_US\/shop\/product\/solenoide-5v-pequeno-10645?search=solenoide<\/a><\/p>\n<p><strong>Ap\u00e9ndice<\/strong><br \/>\nSensores por Jeff Federsen y Tom Igoe<br \/>\n<a href=\"https:\/\/itp.nyu.edu\/physcomp\/videos\/videos-sensors\/\" rel=\"noopener\" target=\"_blank\">Videos sensores<\/a><br \/>\n<a href=\"https:\/\/itp.nyu.edu\/physcomp\/videos\/videos-transistors-and-motors\/\" rel=\"noopener\" target=\"_blank\">Videos transistores, motores y releays<\/a><\/p>\n","protected":false},"excerpt":{"rendered":"<p>El Taller complementario de sensores tiene como objetivo que el estudiante adquiera, por medio de la instrucci\u00f3n te\u00f3rico-pr\u00e1ctica, los conocimientos fundamentales acerca de los dispositivos electr\u00f3nicos que permiten percibir cambios en el entorno (sensores), con el fin de comprender su tecnolog\u00eda b\u00e1sica y uso; y a partir de esto, considerarlos como recursos en la pr\u00e1ctica [&hellip;]<\/p>\n","protected":false},"author":1,"featured_media":0,"parent":1646,"menu_order":0,"comment_status":"closed","ping_status":"closed","template":"","meta":{"_acf_changed":false,"footnotes":""},"class_list":["post-1817","page","type-page","status-publish","hentry"],"acf":[],"_links":{"self":[{"href":"https:\/\/clases.etab.cl\/index.php?rest_route=\/wp\/v2\/pages\/1817","targetHints":{"allow":["GET"]}}],"collection":[{"href":"https:\/\/clases.etab.cl\/index.php?rest_route=\/wp\/v2\/pages"}],"about":[{"href":"https:\/\/clases.etab.cl\/index.php?rest_route=\/wp\/v2\/types\/page"}],"author":[{"embeddable":true,"href":"https:\/\/clases.etab.cl\/index.php?rest_route=\/wp\/v2\/users\/1"}],"replies":[{"embeddable":true,"href":"https:\/\/clases.etab.cl\/index.php?rest_route=%2Fwp%2Fv2%2Fcomments&post=1817"}],"version-history":[{"count":33,"href":"https:\/\/clases.etab.cl\/index.php?rest_route=\/wp\/v2\/pages\/1817\/revisions"}],"predecessor-version":[{"id":1901,"href":"https:\/\/clases.etab.cl\/index.php?rest_route=\/wp\/v2\/pages\/1817\/revisions\/1901"}],"up":[{"embeddable":true,"href":"https:\/\/clases.etab.cl\/index.php?rest_route=\/wp\/v2\/pages\/1646"}],"wp:attachment":[{"href":"https:\/\/clases.etab.cl\/index.php?rest_route=%2Fwp%2Fv2%2Fmedia&parent=1817"}],"curies":[{"name":"wp","href":"https:\/\/api.w.org\/{rel}","templated":true}]}}