{"id":1917,"date":"2018-03-21T00:54:39","date_gmt":"2018-03-21T00:54:39","guid":{"rendered":"http:\/\/etab.cl\/clases\/uchile\/obj-tec\/?page_id=1917"},"modified":"2018-05-06T22:58:13","modified_gmt":"2018-05-06T22:58:13","slug":"compl-electronica-y-programacion-2018-sem1","status":"publish","type":"page","link":"https:\/\/clases.etab.cl\/?page_id=1917","title":{"rendered":"Complementario electr\u00f3nica y programaci\u00f3n 2018 sem1"},"content":{"rendered":"<p><strong>Objetivos del curso:<\/strong><br \/>\nQue el estudiante maneje herramientas electr\u00f3nico-digitales para la construcci\u00f3n del trabajo art\u00edstico personal, comprendiendo y conociendo el trabajo de artistas considerados en el contexto del arte, ciencia y tecnolog\u00eda.<\/p>\n<p><strong>Metodolog\u00eda:<\/strong><br \/>\nLas sesiones son principalmente de car\u00e1cter pr\u00e1ctico a partir de la exploraci\u00f3n, a trav\u00e9s de ejercicios guiados, de herramientas y componentes electr\u00f3nicos, as\u00ed como tambi\u00e9n del uso de microcontroladores compatibles con Arduino.<br \/>\nAl finalizar el curso, cada alumno deber\u00e1 haber propuesto un proyecto realizado a partir de los conocimientos adquiridos durante las clases. Este proyecto dar\u00e1 lugar a una evaluaci\u00f3n coeficiente uno.<br \/>\nAdem\u00e1s, durante todo el semestre, cada estudiante deber\u00e1 llevar una bit\u00e1cora en donde llevar\u00e1 un registro gr\u00e1fico, fotogr\u00e1fico, sonoro, audiovisual, etc. de los avances que vaya haciendo de su trabajo; as\u00ed como tambi\u00e9n el registro de referentes, ideas, dibujos y otros que puedan alimentar su procesos personales de concepci\u00f3n creativa.<\/p>\n<p><strong>Organizaci\u00f3n:<\/strong><br \/>\n<a href=\"https:\/\/docs.google.com\/spreadsheets\/d\/1hBATh_zrB6vAuXk-TlLe3DSkzgRWbMfO5tz_A5oJ57M\/edit?usp=sharing\" target=\"_blank\" rel=\"noopener\">https:\/\/docs.google.com\/spreadsheets\/d\/1hBATh_zrB6vAuXk-TlLe3DSkzgRWbMfO5tz_A5oJ57M\/edit?usp=sharing<\/a><br \/>\n(cada uno en una pesta\u00f1a diferente).<\/p>\n<p><strong>Bit\u00e1cora<\/strong><br \/>\nCada alumno deber\u00e1 llevar una bit\u00e1cora en donde anotar\u00e1 de forma sostenida los procesos que emerjan a partir de los contenidos del curso.<br \/>\nSe sugiere usar <a href=\"https:\/\/evernote.com\/\" target=\"_blank\">Evernote<\/a>.<\/p>\n<p><strong>Materiales:<\/strong><br \/>\nCada alumno deber\u00e1 contar con un set de materiales que deber\u00e1 ser llevado a cada clase. La lista de componentes ser\u00e1 informada oportunamente antes de cada sesi\u00f3n.<\/p>\n<p><strong>D\u00f3nde comprar los componentes y herramientas<\/strong><br \/>\n<a href=\"http:\/\/www.victronics.cl\/\" target=\"_blank\">http:\/\/www.victronics.cl\/<\/a><br \/>\n<a href=\"http:\/\/www.olimex.cl\/\" target=\"_blank\">http:\/\/www.olimex.cl\/<\/a><br \/>\n<a href=\"http:\/\/www.casaroyal.cl\/\" target=\"_blank\">http:\/\/www.casaroyal.cl\/<\/a><br \/>\n&#8212; Digital Electr\u00f3nica: San Antonio 32 (subterr\u00e1neo), Stgo. Centro. F: 226324511<br \/>\n&#8211; Barrio San Diego:<br \/>\n&#8211; Ibarra: Calle San Diego 928 Santiago \u2013 Santiago, Chile, F: 2 672 39 63 \/ 2 672 94 05<br \/>\n&#8211; Electr\u00f3nica Orfali: San Diego 955, Santiago, F: 2 698 83 76<\/p>\n<p><strong>Bibliograf\u00eda<\/strong><br \/>\n<a href=\"http:\/\/loliel.narod.ru\/DIY.pdf\" target=\"_blank\">Handmade Electronic Music<\/a> -Nicolas Collins<br \/>\n<a href=\"http:\/\/FMIMS.pdf\" target=\"_blank\" rel=\"noopener\">http:\/\/etab.cl\/clases\/pdfs\/GetStar-Fmims.pdf<\/a><br \/>\nElectronics Cookbook &#8211; Simon Monk &#8211; O&#8217;reilly<\/p>\n<p>&#8212;&#8212;<\/p>\n<h1><strong>C1<\/strong><\/h1>\n<p>(Estudiantes a\u00fan en inscripciones)<\/p>\n<h1><strong>C2<\/strong><\/h1>\n<p><strong>Tristan Perich<\/strong><br \/>\n1bit Music: 1 bit Music<br \/>\n1bit Symphony: <a href=\"http:\/\/www.1bitsymphony.com\/\" target=\"_blank\">http:\/\/www.1bitsymphony.com\/<\/a><br \/>\nBreathing Potraits: <a href=\"https:\/\/vimeo.com\/15259734\" target=\"_blank\">https:\/\/vimeo.com\/15259734<\/a><br \/>\nMicrotonal Wall: <a href=\"http:\/\/tristanperich.com\/#Artwork\/Microtonal_Wall\" target=\"_blank\">http:\/\/tristanperich.com\/#Artwork\/Microtonal_Wall<\/a><br \/>\nMicrotonal Wall: <a href=\"https:\/\/vimeo.com\/45225412\" target=\"_blank\">https:\/\/vimeo.com\/45225412<\/a><br \/>\nInterval Studies: <a href=\"https:\/\/vimeo.com\/9218458\" target=\"_blank\">https:\/\/vimeo.com\/9218458<\/a><\/p>\n<p><strong>Peter Vogel<\/strong><br \/>\nTanzperformances: <a href=\"http:\/\/www.petervogel-objekte.de\/PerfTanz.html\" target=\"_blank\">http:\/\/www.petervogel-objekte.de\/PerfTanz.html<\/a><br \/>\nKlangobjekte: <a href=\"http:\/\/www.petervogel-objekte.de\/ObjKlang.html\" target=\"_blank\">http:\/\/www.petervogel-objekte.de\/ObjKlang.html<\/a><br \/>\nThe Sound of Shadows website: <a href=\"http:\/\/vogelexhibition.weebly.com\/\" target=\"_blank\">http:\/\/vogelexhibition.weebly.com\/<\/a><br \/>\nThe Sound of Shadows video: <a href=\"https:\/\/vimeo.com\/59829961\" target=\"_blank\">https:\/\/vimeo.com\/59829961<\/a><br \/>\nP\u00e1gina personal: <a href=\"http:\/\/www.petervogel-objekte.de\" target=\"_blank\">http:\/\/www.petervogel-objekte.de<\/a><\/p>\n<p><strong>Christina Kubisch<\/strong><br \/>\n<a href=\"https:\/\/vimeo.com\/54846163\" target=\"_blank\">https:\/\/vimeo.com\/54846163<\/a><\/p>\n<p><strong>Zimoun<\/strong><br \/>\n<a href=\"http:\/\/www.zimoun.net\/2013-329.html\" target=\"_blank\">http:\/\/www.zimoun.net\/2013-329.html<\/a><br \/>\n<a href=\"http:\/\/www.zimoun.net\/2014-20.html\" target=\"_blank\">http:\/\/www.zimoun.net\/2014-20.html<\/a><br \/>\n<a href=\"http:\/\/www.zimoun.net\/2009-25.html\" target=\"_blank\">http:\/\/www.zimoun.net\/2009-25.html<\/a><\/p>\n<p><strong> Ariel Bustamante<\/strong><br \/>\n<a href=\"https:\/\/www.youtube.com\/watch?v=4qp2GFCI900\" target=\"_blank\" rel=\"noopener\">Volumen sint\u00e9tico<\/a><br \/>\n<a href=\"https:\/\/www.youtube.com\/watch?v=hMaSWQ48nhE\" target=\"_blank\" rel=\"noopener\">https:\/\/www.youtube.com\/watch?v=hMaSWQ48nhE<\/a><\/p>\n<p>&nbsp;<\/p>\n<p><strong>Tabla c\u00f3digo de color resistencia<\/strong><br \/>\n<a href=\"http:\/\/etab.cl\/clases\/uchile\/obj-tec\/wp-content\/uploads\/2016\/01\/resistencias-tabla-de-codigos.png\"><img loading=\"lazy\" decoding=\"async\" class=\"alignnone size-medium wp-image-1436\" src=\"http:\/\/etab.cl\/clases\/uchile\/obj-tec\/wp-content\/uploads\/2016\/01\/resistencias-tabla-de-codigos-300x228.png\" alt=\"resistencias tabla de codigos\" width=\"300\" height=\"228\" srcset=\"https:\/\/clases.etab.cl\/wp-content\/uploads\/2016\/01\/resistencias-tabla-de-codigos-300x228.png 300w, https:\/\/clases.etab.cl\/wp-content\/uploads\/2016\/01\/resistencias-tabla-de-codigos.png 568w\" sizes=\"auto, (max-width: 300px) 100vw, 300px\" \/><\/a><\/p>\n<p>Materiales para traer la pr\u00f3xima semana:<br \/>\n&#8211; 5 resistencias 220 Ohm, 1\/4W<br \/>\n&#8211; 5 resistencias 10 K, 1\/4w<br \/>\n&#8211; 2 resistencias 470, 1\/4 watt<br \/>\n&#8211; 1 resistencia de 2,2k de 1\/4 watt<br \/>\n&#8211; 1 resistencia de 68k de 1\/4 watt<br \/>\n&#8211; 2 resistencias de 5,6K de 1\/4 de Watt<br \/>\n&#8211; 1 protoboard (como los que vimos en clases)<br \/>\n&#8211; 1 bater\u00eda 9v (mucho m\u00e1s barato si compran entre todos al por mayor en barrio Meiggs)<br \/>\n&#8211; 1 portabater\u00eda (para 9v)<br \/>\n&#8211; 1 pack de cables jumper<br \/>\n&#8211; 2 tact switch normalmente abierto (para protoboard)<br \/>\n&#8211; 1 potenci\u00f3mentro de panel de B 10K<br \/>\n&#8211; 1 potenci\u00f3metro de panel de B 100K<br \/>\n&#8211; 1 Capacitor (o condensador) de 1000uF, 2200uF o 4700uF para cualquier voltaje<br \/>\n&#8211; 1 Condensador electrol\u00edtico de 1uF (cualquier voltaje)<br \/>\n&#8211; 1 Condensador electrol\u00edtico de 10uF (cualquier voltaje)<br \/>\n&#8211; 5 leds de 5mm (de los menos brillantes, todos de un mismo color)<br \/>\n&#8211; 1 LDR (con cualquier valor de resistencia)<br \/>\n&#8211; 1 LM386 (Amplif. operacional)<br \/>\n&#8211; 1 Timer 555<br \/>\n&#8211; 1 parlante peque\u00f1o de 1\/4W, 8 Ohms<br \/>\n&#8211; 1 micr\u00f3fono electret (c\u00e1psula)<br \/>\n&#8211; 1 plug 3,5 (el m\u00e1s barato), mono<br \/>\n&#8211; 1 mt de cable de micr\u00f3fono (el m\u00e1s delgado que haya)<br \/>\n&#8211; 1 piezo (disco piezoel\u00e9ctrico), cualquier tama\u00f1o<\/p>\n<h1><strong>C2<\/strong><\/h1>\n<p>&#8211; Artista referente: <a href=\"http:\/\/amormunoz.net\/\" target=\"_blank\" rel=\"noopener\">http:\/\/amormunoz.net\/<\/a><br \/>\n&#8212; Proyecto Maquila Regi\u00f3n 4: <a href=\"http:\/\/amormunoz.net\/2017\/02\/03\/maquila-region-4\/\" target=\"_blank\" rel=\"noopener\">http:\/\/amormunoz.net\/2017\/02\/03\/maquila-region-4\/<\/a><\/p>\n<p><a href=\"http:\/\/etab.cl\/clases\/uchile\/obj-tec\/wp-content\/uploads\/2014\/08\/benjaminFranklin.jpg\"><img loading=\"lazy\" decoding=\"async\" class=\"alignnone size-medium wp-image-839\" src=\"http:\/\/etab.cl\/clases\/uchile\/obj-tec\/wp-content\/uploads\/2014\/08\/benjaminFranklin-285x300.jpg\" alt=\"benjaminFranklin\" width=\"285\" height=\"300\" srcset=\"https:\/\/clases.etab.cl\/wp-content\/uploads\/2014\/08\/benjaminFranklin-285x300.jpg 285w, https:\/\/clases.etab.cl\/wp-content\/uploads\/2014\/08\/benjaminFranklin.jpg 550w\" sizes=\"auto, (max-width: 285px) 100vw, 285px\" \/><\/a><\/p>\n<p>Sobre la electricidad: http:\/\/etab.cl\/clases\/pdfs\/fMims-electricidad.pdf<\/p>\n<p><a href=\"http:\/\/etab.cl\/clases\/uchile\/obj-tec\/wp-content\/uploads\/2015\/04\/sum.jpg\"><img loading=\"lazy\" decoding=\"async\" class=\"alignnone size-medium wp-image-1138\" src=\"http:\/\/etab.cl\/clases\/uchile\/obj-tec\/wp-content\/uploads\/2015\/04\/sum-300x195.jpg\" alt=\"sum\" width=\"300\" height=\"195\" srcset=\"https:\/\/clases.etab.cl\/wp-content\/uploads\/2015\/04\/sum-300x195.jpg 300w, https:\/\/clases.etab.cl\/wp-content\/uploads\/2015\/04\/sum.jpg 487w\" sizes=\"auto, (max-width: 300px) 100vw, 300px\" \/><\/a><\/p>\n<p><a href=\"http:\/\/etab.cl\/clases\/uchile\/obj-tec\/wp-content\/uploads\/2015\/04\/portada-ley-de-ohm.png\"><img loading=\"lazy\" decoding=\"async\" class=\"alignnone size-medium wp-image-1139\" src=\"http:\/\/etab.cl\/clases\/uchile\/obj-tec\/wp-content\/uploads\/2015\/04\/portada-ley-de-ohm-300x292.png\" alt=\"portada ley de ohm\" width=\"300\" height=\"292\" srcset=\"https:\/\/clases.etab.cl\/wp-content\/uploads\/2015\/04\/portada-ley-de-ohm-300x292.png 300w, https:\/\/clases.etab.cl\/wp-content\/uploads\/2015\/04\/portada-ley-de-ohm.png 500w\" sizes=\"auto, (max-width: 300px) 100vw, 300px\" \/><\/a><\/p>\n<p><a href=\"http:\/\/etab.cl\/clases\/uchile\/obj-tec\/wp-content\/uploads\/2015\/04\/ac-dc.jpg\"><img loading=\"lazy\" decoding=\"async\" class=\"alignnone size-medium wp-image-1141\" src=\"http:\/\/etab.cl\/clases\/uchile\/obj-tec\/wp-content\/uploads\/2015\/04\/ac-dc-300x106.jpg\" alt=\"ac-dc\" width=\"300\" height=\"106\" srcset=\"https:\/\/clases.etab.cl\/wp-content\/uploads\/2015\/04\/ac-dc-300x106.jpg 300w, https:\/\/clases.etab.cl\/wp-content\/uploads\/2015\/04\/ac-dc.jpg 517w\" sizes=\"auto, (max-width: 300px) 100vw, 300px\" \/><\/a><\/p>\n<p>Pdf componentes y herramientas:<br \/>\n<a href=\"http:\/\/etab.cl\/clases\/pdfs\/herramientas-simbologia-electronica.pdf\" target=\"_blank\" rel=\"noopener\">http:\/\/etab.cl\/clases\/pdfs\/herramientas-simbologia-electronica.pdf<\/a><\/p>\n<p>Esquem\u00e1ticos desarrollados en clases:<br \/>\n<a href=\"http:\/\/etab.cl\/clases\/uchile\/obj-tec\/wp-content\/uploads\/2016\/04\/primeros-circuitos-A.jpeg\"><img loading=\"lazy\" decoding=\"async\" class=\"alignnone size-medium wp-image-1516\" src=\"http:\/\/etab.cl\/clases\/uchile\/obj-tec\/wp-content\/uploads\/2016\/04\/primeros-circuitos-A-233x300.jpeg\" alt=\"primeros circuitos A\" width=\"233\" height=\"300\" srcset=\"https:\/\/clases.etab.cl\/wp-content\/uploads\/2016\/04\/primeros-circuitos-A-233x300.jpeg 233w, https:\/\/clases.etab.cl\/wp-content\/uploads\/2016\/04\/primeros-circuitos-A-796x1024.jpeg 796w, https:\/\/clases.etab.cl\/wp-content\/uploads\/2016\/04\/primeros-circuitos-A-624x801.jpeg 624w\" sizes=\"auto, (max-width: 233px) 100vw, 233px\" \/><\/a><br \/>\n<a href=\"http:\/\/etab.cl\/clases\/uchile\/obj-tec\/wp-content\/uploads\/2016\/01\/primeros-circuitos-B.jpg\"><img loading=\"lazy\" decoding=\"async\" class=\"alignnone size-medium wp-image-1446\" src=\"http:\/\/etab.cl\/clases\/uchile\/obj-tec\/wp-content\/uploads\/2016\/01\/primeros-circuitos-B-233x300.jpg\" alt=\"primeros-circuitos-B\" width=\"233\" height=\"300\" srcset=\"https:\/\/clases.etab.cl\/wp-content\/uploads\/2016\/01\/primeros-circuitos-B-233x300.jpg 233w, https:\/\/clases.etab.cl\/wp-content\/uploads\/2016\/01\/primeros-circuitos-B-624x801.jpg 624w, https:\/\/clases.etab.cl\/wp-content\/uploads\/2016\/01\/primeros-circuitos-B.jpg 797w\" sizes=\"auto, (max-width: 233px) 100vw, 233px\" \/><\/a><br \/>\n<a href=\"http:\/\/etab.cl\/clases\/uchile\/obj-tec\/wp-content\/uploads\/2016\/01\/Carga-y-descarga-de-un-condensador.jpg\"><img loading=\"lazy\" decoding=\"async\" class=\"alignnone size-medium wp-image-1442\" src=\"http:\/\/etab.cl\/clases\/uchile\/obj-tec\/wp-content\/uploads\/2016\/01\/Carga-y-descarga-de-un-condensador-233x300.jpg\" alt=\"Carga-y-descarga-de-un-condensador\" width=\"233\" height=\"300\" srcset=\"https:\/\/clases.etab.cl\/wp-content\/uploads\/2016\/01\/Carga-y-descarga-de-un-condensador-233x300.jpg 233w, https:\/\/clases.etab.cl\/wp-content\/uploads\/2016\/01\/Carga-y-descarga-de-un-condensador-624x801.jpg 624w, https:\/\/clases.etab.cl\/wp-content\/uploads\/2016\/01\/Carga-y-descarga-de-un-condensador.jpg 797w\" sizes=\"auto, (max-width: 233px) 100vw, 233px\" \/><\/a><\/p>\n<p>&#8212;&#8212;&#8212;&#8211;<\/p>\n<h1><strong>C3<\/strong><\/h1>\n<p>&#8211; Artista referente &#8211; GILBERTO ESPARZA:<br \/>\n<a href=\"https:\/\/youtu.be\/Mk-UOJ2qguI\" target=\"_blank\" rel=\"noopener\">Gilberto Esparza Ted Talk<\/a><\/p>\n<p><a href=\"http:\/\/gilbertoesparza.net\/\" target=\"_blank\" rel=\"noopener\">Sitio personal del artista<\/a><\/p>\n<p><a href=\"http:\/\/prix2015.aec.at\/prixwinner\/16228\/\" target=\"_blank\" rel=\"noopener\">Gilberto Esparza &#8211; Prix Ars Electronica 2015<\/a><\/p>\n<p><strong>Circuito 555 + 4017<\/strong><\/p>\n<p>Video de referencia a <a href=\"https:\/\/www.youtube.com\/watch?v=m0nza32BRl8\" target=\"_blank\" rel=\"noopener\">los circuitos integrados<\/a><\/p>\n<p>Extra: <a href=\"https:\/\/www.youtube.com\/watch?v=GGRWXKhxIqg\" target=\"_blank\" rel=\"noopener\">los chips de silicio<\/a><\/p>\n<p><a href=\"http:\/\/etab.cl\/clases\/uchile\/obj-tec\/wp-content\/uploads\/2016\/01\/circuito-555-astable.jpg\"><img loading=\"lazy\" decoding=\"async\" class=\"alignnone size-medium wp-image-1443\" src=\"http:\/\/etab.cl\/clases\/uchile\/obj-tec\/wp-content\/uploads\/2016\/01\/circuito-555-astable-233x300.jpg\" alt=\"circuito-555-astable\" width=\"233\" height=\"300\" srcset=\"https:\/\/clases.etab.cl\/wp-content\/uploads\/2016\/01\/circuito-555-astable-233x300.jpg 233w, https:\/\/clases.etab.cl\/wp-content\/uploads\/2016\/01\/circuito-555-astable-624x802.jpg 624w, https:\/\/clases.etab.cl\/wp-content\/uploads\/2016\/01\/circuito-555-astable.jpg 796w\" sizes=\"auto, (max-width: 233px) 100vw, 233px\" \/><\/a><\/p>\n<p><a href=\"http:\/\/etab.cl\/clases\/uchile\/obj-tec\/wp-content\/uploads\/2016\/01\/circuito-secuenciador-555-y-4017.jpg\"><img loading=\"lazy\" decoding=\"async\" class=\"alignnone size-medium wp-image-1444\" src=\"http:\/\/etab.cl\/clases\/uchile\/obj-tec\/wp-content\/uploads\/2016\/01\/circuito-secuenciador-555-y-4017-300x232.jpg\" alt=\"circuito-secuenciador-555-y-4017\" width=\"300\" height=\"232\" srcset=\"https:\/\/clases.etab.cl\/wp-content\/uploads\/2016\/01\/circuito-secuenciador-555-y-4017-300x232.jpg 300w, https:\/\/clases.etab.cl\/wp-content\/uploads\/2016\/01\/circuito-secuenciador-555-y-4017-624x482.jpg 624w, https:\/\/clases.etab.cl\/wp-content\/uploads\/2016\/01\/circuito-secuenciador-555-y-4017.jpg 1024w\" sizes=\"auto, (max-width: 300px) 100vw, 300px\" \/><\/a><br \/>\n*** En este circuito mantuvimos las resistencias y capacitor que aparece en el esquem\u00e1tico anterior.<\/p>\n<h1><strong>C4<\/strong><\/h1>\n<p>Plataforma arte y medios: <a href=\"http:\/\/arteymedios.org\/\" target=\"_blank\" rel=\"noopener\">http:\/\/arteymedios.org\/<\/a><br \/>\nClaudia Gonz\u00e1lez: https:\/\/www.youtube.com\/watch?v=2GSDec4rAvw&amp;feature=youtu.be<br \/>\nLibro: <a href=\"https:\/\/issuu.com\/claudiapgg\/docs\/bitacora_v19_low_color\" target=\"_blank\" rel=\"noopener\">Bit\u00e1cora. Taller de campo magn\u00e9tico en Monte Grande<\/a>. <a href=\"https:\/\/vimeo.com\/186334555\" target=\"_blank\" rel=\"noopener\">https:\/\/vimeo.com\/186334555<\/a><\/p>\n<p>Soldadura<br \/>\nhttps:\/\/learn.sparkfun.com\/tutorials\/how-to-solder-through-hole-soldering<br \/>\n<img loading=\"lazy\" decoding=\"async\" class=\"alignnone\" src=\"https:\/\/cdn.sparkfun.com\/assets\/c\/d\/a\/a\/9\/523b1189757b7fb36e8b456b.jpg\" width=\"1000\" height=\"563\" \/> (Fuente: sparkfun.com)<\/p>\n<p>Otros circuitos<br \/>\n<a href=\"http:\/\/etab.cl\/clases\/uchile\/obj-tec\/wp-content\/uploads\/2018\/03\/diagrama-circuito-vumetro.png\"><img loading=\"lazy\" decoding=\"async\" class=\"alignnone size-medium wp-image-1971\" src=\"http:\/\/etab.cl\/clases\/uchile\/obj-tec\/wp-content\/uploads\/2018\/03\/diagrama-circuito-vumetro-300x135.png\" alt=\"diagrama-circuito-vumetro\" width=\"300\" height=\"135\" srcset=\"https:\/\/clases.etab.cl\/wp-content\/uploads\/2018\/03\/diagrama-circuito-vumetro-300x135.png 300w, https:\/\/clases.etab.cl\/wp-content\/uploads\/2018\/03\/diagrama-circuito-vumetro-768x345.png 768w, https:\/\/clases.etab.cl\/wp-content\/uploads\/2018\/03\/diagrama-circuito-vumetro-624x280.png 624w, https:\/\/clases.etab.cl\/wp-content\/uploads\/2018\/03\/diagrama-circuito-vumetro.png 850w\" sizes=\"auto, (max-width: 300px) 100vw, 300px\" \/><\/a><\/p>\n<p><a href=\"http:\/\/etab.cl\/clases\/uchile\/obj-tec\/wp-content\/uploads\/2016\/04\/conexion-mic-electret.jpg\"><img loading=\"lazy\" decoding=\"async\" class=\"alignnone size-medium wp-image-1533\" src=\"http:\/\/etab.cl\/clases\/uchile\/obj-tec\/wp-content\/uploads\/2016\/04\/conexion-mic-electret-300x180.jpg\" alt=\"conexion mic electret\" width=\"300\" height=\"180\" srcset=\"https:\/\/clases.etab.cl\/wp-content\/uploads\/2016\/04\/conexion-mic-electret-300x180.jpg 300w, https:\/\/clases.etab.cl\/wp-content\/uploads\/2016\/04\/conexion-mic-electret-624x374.jpg 624w, https:\/\/clases.etab.cl\/wp-content\/uploads\/2016\/04\/conexion-mic-electret.jpg 1024w\" sizes=\"auto, (max-width: 300px) 100vw, 300px\" \/><\/a><br \/>\n<a href=\"http:\/\/etab.cl\/clases\/uchile\/obj-tec\/wp-content\/uploads\/2016\/04\/conexion-mic-contacto-piezo.png\"><img loading=\"lazy\" decoding=\"async\" class=\"alignnone size-medium wp-image-1534\" src=\"http:\/\/etab.cl\/clases\/uchile\/obj-tec\/wp-content\/uploads\/2016\/04\/conexion-mic-contacto-piezo-300x114.png\" alt=\"conexion mic contacto piezo\" width=\"300\" height=\"114\" srcset=\"https:\/\/clases.etab.cl\/wp-content\/uploads\/2016\/04\/conexion-mic-contacto-piezo-300x114.png 300w, https:\/\/clases.etab.cl\/wp-content\/uploads\/2016\/04\/conexion-mic-contacto-piezo-624x237.png 624w, https:\/\/clases.etab.cl\/wp-content\/uploads\/2016\/04\/conexion-mic-contacto-piezo.png 712w\" sizes=\"auto, (max-width: 300px) 100vw, 300px\" \/><\/a><\/p>\n<h1><strong>C5 &#8211; C7<\/strong><\/h1>\n<p>Desarrollo de proyecto<\/p>\n<h1><strong>C8<\/strong><\/h1>\n<p>Presentaci\u00f3n de proyecto personal: circuitos anal\u00f3gicos.<br \/>\nSe debe considerar:<br \/>\nMontaje, presentaci\u00f3n de procesos en la bit\u00e1cora.<\/p>\n<p>Criterios de evaluaci\u00f3n:<br \/>\n&#8211; Bit\u00e1cora &#8211; desarrollo de proyecto 2ptos.<br \/>\n&#8211; Coherencia discurso\/ objeto o instalaci\u00f3n 2ptos.<br \/>\n&#8211; Planteamiento visual\/sonoro, objetual y su ejecuci\u00f3n en cuanto a oficio. 2ptos.<br \/>\n&#8211; Punto base 1pto.<\/p>\n","protected":false},"excerpt":{"rendered":"<p>Objetivos del curso: Que el estudiante maneje herramientas electr\u00f3nico-digitales para la construcci\u00f3n del trabajo art\u00edstico personal, comprendiendo y conociendo el trabajo de artistas considerados en el contexto del arte, ciencia y tecnolog\u00eda. Metodolog\u00eda: Las sesiones son principalmente de car\u00e1cter pr\u00e1ctico a partir de la exploraci\u00f3n, a trav\u00e9s de ejercicios guiados, de herramientas y componentes electr\u00f3nicos, [&hellip;]<\/p>\n","protected":false},"author":1,"featured_media":0,"parent":1911,"menu_order":0,"comment_status":"closed","ping_status":"closed","template":"","meta":{"_acf_changed":false,"footnotes":""},"class_list":["post-1917","page","type-page","status-publish","hentry"],"acf":[],"_links":{"self":[{"href":"https:\/\/clases.etab.cl\/index.php?rest_route=\/wp\/v2\/pages\/1917","targetHints":{"allow":["GET"]}}],"collection":[{"href":"https:\/\/clases.etab.cl\/index.php?rest_route=\/wp\/v2\/pages"}],"about":[{"href":"https:\/\/clases.etab.cl\/index.php?rest_route=\/wp\/v2\/types\/page"}],"author":[{"embeddable":true,"href":"https:\/\/clases.etab.cl\/index.php?rest_route=\/wp\/v2\/users\/1"}],"replies":[{"embeddable":true,"href":"https:\/\/clases.etab.cl\/index.php?rest_route=%2Fwp%2Fv2%2Fcomments&post=1917"}],"version-history":[{"count":32,"href":"https:\/\/clases.etab.cl\/index.php?rest_route=\/wp\/v2\/pages\/1917\/revisions"}],"predecessor-version":[{"id":2031,"href":"https:\/\/clases.etab.cl\/index.php?rest_route=\/wp\/v2\/pages\/1917\/revisions\/2031"}],"up":[{"embeddable":true,"href":"https:\/\/clases.etab.cl\/index.php?rest_route=\/wp\/v2\/pages\/1911"}],"wp:attachment":[{"href":"https:\/\/clases.etab.cl\/index.php?rest_route=%2Fwp%2Fv2%2Fmedia&parent=1917"}],"curies":[{"name":"wp","href":"https:\/\/api.w.org\/{rel}","templated":true}]}}