{"id":193,"date":"2013-09-04T04:13:52","date_gmt":"2013-09-04T04:13:52","guid":{"rendered":"http:\/\/etab.cl\/clases\/uchile\/obj-tec\/?page_id=193"},"modified":"2013-09-09T19:42:36","modified_gmt":"2013-09-09T19:42:36","slug":"c2","status":"publish","type":"page","link":"https:\/\/clases.etab.cl\/?page_id=193","title":{"rendered":"C2"},"content":{"rendered":"<p>El ejercicio para la pr\u00f3xima clase es buscar una imagen de alg\u00fan trabajo de Matilde P\u00e9rez o Gustavo Poblete copiar (o interpretar) una parte (o todo) a partir de lo que hemos aprendido de Processing hasta ahora. No es necesario ocupar todas las funciones. Para completar la entrega, por favor suban al blog la imagen de referencia y un pantallazo del resultado + el c\u00f3digo.<\/p>\n<p>* Pueden <a href=\"http:\/\/www.etab.cl\/clases\/uchile\/obj-tec\/pdfs\/instrucciones-gist-en-wp.pdf\" target=\"_blank\">descargar ac\u00e1<\/a> un peque\u00f1o manual para publicar sus c\u00f3digos en Gist y luego incrustarlo en WordPress.<\/p>\n<p><script src=\"https:\/\/gist.github.com\/anonymous\/81bc1472ad3ce232f44f.js\"><\/script><\/p>\n<p>___________<br \/>\nEntregas:<br \/>\nKaren: http:\/\/tabilotabilo.wordpress.com\/2013\/09\/09\/segundo-trabajo-processing-mi-version-de-matilde-perez-2\/<br \/>\nNatalia: http:\/\/tomatican.wordpress.com\/2013\/09\/09\/entrega-2\/.<br \/>\nNataliaC: http:\/\/nathycervella.wordpress.com\/2013\/09\/09\/entrega-2\/<br \/>\nLuna:  http:\/\/lunaqa.wordpress.com\/<br \/>\nCristina: http:\/\/cristinavictoria.wordpress.com\/2013\/09\/09\/encargo-processing\/<br \/>\nIsa: http:\/\/isanguijuela.wordpress.com\/2013\/09\/09\/ii-encargo-processing\/<br \/>\nNicol: http:\/\/nubearbol.wordpress.com\/   ;     http:\/\/nubearbol.wordpress.com\/2013\/09\/09\/encargo-2-gustavo-poblete-interpretacion\/<\/p>\n","protected":false},"excerpt":{"rendered":"<p>El ejercicio para la pr\u00f3xima clase es buscar una imagen de alg\u00fan trabajo de Matilde P\u00e9rez o Gustavo Poblete copiar (o interpretar) una parte (o todo) a partir de lo que hemos aprendido de Processing hasta ahora. No es necesario ocupar todas las funciones. Para completar la entrega, por favor suban al blog la imagen [&hellip;]<\/p>\n","protected":false},"author":1,"featured_media":0,"parent":65,"menu_order":0,"comment_status":"closed","ping_status":"open","template":"","meta":{"_acf_changed":false,"footnotes":""},"class_list":["post-193","page","type-page","status-publish","hentry"],"acf":[],"_links":{"self":[{"href":"https:\/\/clases.etab.cl\/index.php?rest_route=\/wp\/v2\/pages\/193","targetHints":{"allow":["GET"]}}],"collection":[{"href":"https:\/\/clases.etab.cl\/index.php?rest_route=\/wp\/v2\/pages"}],"about":[{"href":"https:\/\/clases.etab.cl\/index.php?rest_route=\/wp\/v2\/types\/page"}],"author":[{"embeddable":true,"href":"https:\/\/clases.etab.cl\/index.php?rest_route=\/wp\/v2\/users\/1"}],"replies":[{"embeddable":true,"href":"https:\/\/clases.etab.cl\/index.php?rest_route=%2Fwp%2Fv2%2Fcomments&post=193"}],"version-history":[{"count":14,"href":"https:\/\/clases.etab.cl\/index.php?rest_route=\/wp\/v2\/pages\/193\/revisions"}],"predecessor-version":[{"id":249,"href":"https:\/\/clases.etab.cl\/index.php?rest_route=\/wp\/v2\/pages\/193\/revisions\/249"}],"up":[{"embeddable":true,"href":"https:\/\/clases.etab.cl\/index.php?rest_route=\/wp\/v2\/pages\/65"}],"wp:attachment":[{"href":"https:\/\/clases.etab.cl\/index.php?rest_route=%2Fwp%2Fv2%2Fmedia&parent=193"}],"curies":[{"name":"wp","href":"https:\/\/api.w.org\/{rel}","templated":true}]}}