{"id":2088,"date":"2018-10-03T12:07:37","date_gmt":"2018-10-03T12:07:37","guid":{"rendered":"http:\/\/etab.cl\/clases\/uchile\/obj-tec\/?page_id=2088"},"modified":"2018-10-23T19:39:26","modified_gmt":"2018-10-23T19:39:26","slug":"complementario-electronica-y-programacion-2do-semestre","status":"publish","type":"page","link":"https:\/\/clases.etab.cl\/?page_id=2088","title":{"rendered":"Complementario Electr\u00f3nica y Programaci\u00f3n &#8211; Sem2"},"content":{"rendered":"<p><strong>Objetivos del curso:<\/strong><br \/>\nQue el estudiante maneje herramientas electr\u00f3nico-digitales para la construcci\u00f3n del trabajo art\u00edstico personal, comprendiendo y conociendo el trabajo de artistas considerados en el contexto del arte, ciencia y tecnolog\u00eda.<\/p>\n<p><strong>Metodolog\u00eda:<\/strong><br \/>\nLas sesiones son principalmente de car\u00e1cter pr\u00e1ctico a partir de la exploraci\u00f3n, a trav\u00e9s de ejercicios guiados, de herramientas y componentes electr\u00f3nicos, as\u00ed como tambi\u00e9n del uso de microcontroladores compatibles con Arduino.<br \/>\nAl finalizar el curso, cada alumno deber\u00e1 haber propuesto un proyecto realizado a partir de los conocimientos adquiridos durante las clases. Este proyecto dar\u00e1 lugar a una evaluaci\u00f3n coeficiente uno.<br \/>\nAdem\u00e1s, durante todo el semestre, cada estudiante deber\u00e1 llevar una bit\u00e1cora en donde llevar\u00e1 un registro gr\u00e1fico, fotogr\u00e1fico, sonoro, audiovisual, etc. de los avances que vaya haciendo de su trabajo; as\u00ed como tambi\u00e9n el registro de referentes, ideas, dibujos y otros que puedan alimentar su procesos personales de concepci\u00f3n creativa.<\/p>\n<p><strong>Organizaci\u00f3n:<\/strong><br \/>\n<a href=\"https:\/\/docs.google.com\/spreadsheets\/d\/1pGTipCnZ9PAR0WkF0qtx2EEaT4fGC1dLJ7NMO6d1exw\/edit?usp=sharing\" target=\"_blank\" rel=\"noopener\">Asistencia, evaluaciones y actividades del curso<\/a><\/p>\n<p><strong>Bit\u00e1cora<\/strong><br \/>\nCada alumno deber\u00e1 llevar una bit\u00e1cora en donde anotar\u00e1 de forma sostenida los procesos que emerjan a partir de los contenidos del curso.<br \/>\nSe sugiere usar <a href=\"https:\/\/evernote.com\/\" target=\"_blank\">Evernote<\/a>.<\/p>\n<p><strong>Materiales:<\/strong><br \/>\nCada alumno deber\u00e1 tener un set de materiales que deber\u00e1 ser llevado a cada clase. La lista de componentes ser\u00e1 informada oportunamente antes de cada sesi\u00f3n.<\/p>\n<p><strong>D\u00f3nde comprar los componentes y herramientas<\/strong><br \/>\n<a href=\"http:\/\/www.victronics.cl\/\" target=\"_blank\">http:\/\/www.victronics.cl\/<\/a><br \/>\n<a href=\"http:\/\/www.olimex.cl\/\" target=\"_blank\">http:\/\/www.olimex.cl\/<\/a><br \/>\n<a href=\"http:\/\/www.casaroyal.cl\/\" target=\"_blank\">http:\/\/www.casaroyal.cl\/<\/a><br \/>\n&#8212; Digital Electr\u00f3nica: San Antonio 32 (subterr\u00e1neo), Stgo. Centro. F: 226324511<br \/>\n&#8211; Barrio San Diego:<br \/>\n&#8211; Ibarra: Calle San Diego 928 Santiago \u2013 Santiago, Chile, F: 2 672 39 63 \/ 2 672 94 05<br \/>\n&#8211; Electr\u00f3nica Orfali: San Diego 955, Santiago, F: 2 698 83 76<\/p>\n<p><strong>Bibliograf\u00eda sugerida<\/strong><br \/>\n<a href=\"http:\/\/loliel.narod.ru\/DIY.pdf\" target=\"_blank\">Handmade Electronic Music<\/a> -Nicolas Collins<br \/>\n<a href=\"http:\/\/etab.cl\/clases\/pdfs\/GetStar-Fmims.pdf\" target=\"_blank\" rel=\"noopener\">GetStar-Fmims.pdf<\/a><br \/>\nElectronics Cookbook &#8211; Simon Monk &#8211; O&#8217;reilly<br \/>\n<a href=\"https:\/\/drive.google.com\/drive\/folders\/1wtKYusaXKMBwrt7gy77QpX7ud-w64GGs?usp=sharing\" target=\"_blank\" rel=\"noopener\">&#8230;Otros<\/a><\/p>\n<p>&#8212;&#8212;&#8212;&#8212;&#8212;&#8212;&#8212;&#8212;&#8212;&#8212;<\/p>\n<h3><strong>Clase Intro<\/strong><\/h3>\n<p>Referentes revisados:<br \/>\n&#8211; <a href=\"http:\/\/&lt;strong&gt;\" target=\"_blank\" rel=\"noopener\">Ariel Bustamante<\/a><br \/>\n&#8211; <a href=\"https:\/\/vimeo.com\/54846163\" target=\"_blank\" rel=\"noopener\">Gilberto Esparza<\/a><br \/>\n&#8211; <a href=\"http:\/\/plantasnomadas.com\" target=\"_blank\" rel=\"noopener\">Gilberto Esparza 2<\/a><br \/>\n&#8211; <a href=\"http:\/\/arteymedios.org\" target=\"_blank\" rel=\"noopener\">Plataforma Arte y Medios<\/a><br \/>\n&#8211; <a href=\"https:\/\/vimeo.com\/6175054\" target=\"_blank\" rel=\"noopener\">Chaos Computer Club &#8211; Blinken Lights<\/a><br \/>\n&#8211; <a href=\"http:\/\/www.lozano-hemmer.com\/voice_tunnel.php\" target=\"_blank\" rel=\"noopener\">Rafael Lozano Hemmer<\/a><\/p>\n<p>Documentales<br \/>\n&#8211; <a href=\"https:\/\/www.youtube.com\/watch?v=SSbhsPNnVWo\" target=\"_blank\" rel=\"noopener\">Lo and Behold &#8211; Hermann Herzog<\/a><br \/>\n&#8211; <a href=\"https:\/\/www.youtube.com\/watch?v=JeqT2NvTFSw\" target=\"_blank\" rel=\"noopener\">Print the Legend &#8211; Luis L\u00f3pez y Clay Tweel<\/a><\/p>\n<p><strong>C2<\/strong><br \/>\nReferentes vistos en clase:<\/p>\n<p>Movimientos maker: Materiales, reciclaje, dise\u00f1o<br \/>\n<a href=\"http:\/\/makerfaireafrica.com\/about\/event-archive\/mfa-2009\/\" target=\"_blank\" rel=\"noopener\">http:\/\/makerfaireafrica.com\/about\/event-archive\/mfa-2009\/<\/a><\/p>\n<p>Bicimaquinas &#8211; Reutilizar material:<br \/>\n<a href=\"https:\/\/www.youtube.com\/watch?v=2agir3xepuQ\" target=\"_blank\" rel=\"noopener\">https:\/\/www.youtube.com\/watch?v=2agir3xepuQ<\/a><\/p>\n<p>E-waste y desarrollo :<br \/>\n<a href=\"http:\/\/www.designindaba.com\/articles\/point-view\/could-3d-printing-be-propellant-africa-has-needed-all-along\" target=\"_blank\" rel=\"noopener\">http:\/\/www.designindaba.com\/articles\/point-view\/could-3d-printing-be-propellant-africa-has-needed-all-along<\/a><\/p>\n<p><a href=\"https:\/\/www.youtube.com\/watch?v=hTGSsQhGyzo\" target=\"_blank\" rel=\"noopener\">https:\/\/www.youtube.com\/watch?v=hTGSsQhGyzo<\/a><\/p>\n<p>Circuit bending, obra, reciclaje:<br \/>\n<a href=\"http:\/\/www.gambiologia.net\/blog\/portfolio-artwork\" target=\"_blank\" rel=\"noopener\">http:\/\/www.gambiologia.net\/blog\/portfolio-artwork<\/a><\/p>\n<p><a href=\"https:\/\/www.youtube.com\/watch?v=3JmyrfQHKhI\" target=\"_blank\" rel=\"noopener\">https:\/\/www.youtube.com\/watch?v=3JmyrfQHKhI<\/a><br \/>\n<a href=\"https:\/\/laboratoriodejuguete.com\/\" target=\"_blank\" rel=\"noopener\">https:\/\/laboratoriodejuguete.com\/<\/a><\/p>\n<p>Nam June Paik<br \/>\n<a href=\"http:\/\/artishockrevista.com\/wp-content\/uploads\/2016\/07\/K456-for-website.jpg\" target=\"_blank\" rel=\"noopener\">http:\/\/artishockrevista.com\/wp-content\/uploads\/2016\/07\/K456-for-website.jpg<\/a><br \/>\n<a href=\"https:\/\/www.youtube.com\/watch?v=6K4zTxGrtrc\" target=\"_blank\" rel=\"noopener\">https:\/\/www.youtube.com\/watch?v=6K4zTxGrtrc<\/a><\/p>\n<p><a href=\"http:\/\/urbanparasites.blogspot.com\/\" target=\"_blank\" rel=\"noopener\">http:\/\/urbanparasites.blogspot.com\/<\/a><\/p>\n<p>Documental<br \/>\n<a href=\"https:\/\/www.youtube.com\/watch?v=ZTVOBBbnjv4\" target=\"_blank\" rel=\"noopener\">https:\/\/www.youtube.com\/watch?v=ZTVOBBbnjv4<\/a><\/p>\n<p>C3-C5<br \/>\n<strong>Funcionamiento de un Timer 555 en modo astable:<\/strong><br \/>\nEl 555 toma su nombre de las 3 resistencias de 5k que se muestran en el diagrama (m\u00e1s abajo). Estas resistencias act\u00faan como un divisor de voltaje de 3-pasos entre Vcc y tierra. La parte superior de la resistencia de 5k de m\u00e1s abajo (+ input to comparator 2) est\u00e1 configurada a 1\/3 de Vcc, mientras que la parte superior de la resistencia de 5k (- input to comparator 2) est\u00e1 configurada a 2\/3 de Vcc.<br \/>\nLas dos comparadores emiten ya sea una alta o baja tensi\u00f3n (voltaje \/ diferencia de potencial) basada en los voltajes anal\u00f3gicos que est\u00e1n siendo comparados en sus entradas (inputs).<br \/>\nSi una de las entradas positivas de los comparadores es mayor que su entrada negativa, su nivel de salida l\u00f3gica se vuelve &#8216;1&#8217; (high); si el voltaje de la entrada positiva es menor que el voltaje de la entrada negativa, el nivel de la salida l\u00f3gica se vuelve &#8216;0&#8217; (low).<br \/>\nLas salidas de los comparadores son enviados a los inputs de un biestable RS (Flip-flop SR). El biestable revisa las entradas R y S; y produce un 0 (low) o un 1 (high) basado en el estado del voltaje en las entradas.<\/p>\n<p><img loading=\"lazy\" decoding=\"async\" class=\"alignnone\" src=\"http:\/\/www.unitechelectronics.com\/NE555BLOCK1.png\" width=\"480\" height=\"390\" \/><br \/>\n*imagen de <a href=\"http:\/\/www.unitechelectronics.com\/NE-555.htm\" target=\"_blank\">http:\/\/www.unitechelectronics.com\/NE-555.htm<\/a><\/p>\n<p><strong>Pin 1: (ground \/ tierra)<\/strong> Tierra del circuito integrado.<br \/>\n<strong>Pin 2: (trigger \/ disparo)<\/strong> Entrada al comparador 2, que es usado para configurar el biestable (flip-flop). Cuando el voltaje en el pin 2 va de m\u00e1s a menos de 1\/3 Vcc, el comparador cambia a &#8216;1&#8217; (high), configurando el biestable (flip-flop).<br \/>\n<strong>Pin 3: (output \/ salida)<\/strong> La salida del 555 es manejada por un buffer inversor capaz de hacer <a href=\"http:\/\/digital.ni.com\/public.nsf\/allkb\/1490DC6926205A6BC1256BFF0079852F\" target=\"_blank\">sourcing o sinking<\/a> al rededor de 200mA. El voltaje de salida depende de la corriente de salida, pero son aproximadamente Vout (high) = Vcc \u2013 1.5 V and Vout (low) = 0.1V.<br \/>\n<strong>Pin 4: (reset \/ reinicio)<\/strong> Reinicio activo a nivel bajo (low \/ 0), que fuerza el estado de -Q- a &#8216;alto&#8217; (high \/ 1) y al pin 3 (output \/ salida)<br \/>\na bajo (low \/ 0).<br \/>\n<strong>Pin 5: (control)<\/strong> Usado para anular el nivel de 2\/3Vcc, si fuera necesario, pero normalmente va a tierra a trav\u00e9s de un condensador de bypass (capacitor) de 0.01uF (este condensador ayuda a eliminar el ruido de Vcc). Si se aplica aqu\u00ed un voltaje externo, configurar\u00e1 entonces un nuevo nivel de voltaje de disparo (trigger).<br \/>\n<strong>Pin 6: (threshold \/ umbral)<\/strong> Entrada al comparador superior, cuya funci\u00f3n es reiniciar (resetear) el biestable (flip-flop). Cuando el voltaje en el pin 6 va de menos de- a m\u00e1s de 2\/3Vcc, el comparador cambia a estado &#8216;alto&#8217; (1 \/ high), reiniciando (reseteando) el biestable (flip-flop).<br \/>\n<strong>Pin 7: (discharge \/ descarga)<\/strong> Conectado al colector abiertode transistor NPN. Su funci\u00f3n es conectar el pin 7 a tierra cuando -Q- est\u00e1 en &#8216;alto (high \/ 1) y pin 3 en bajo (0 \/ low). Esto provoca que se descargue el condensador.<br \/>\n<strong>Pin 8: (suministro de voltaje \/ Vcc)<\/strong> Normalmente entre 4.5 y 16 Volts para los timer 555 tipo TTL de uso general. (Para las versiones CMOS, el suministro de voltaje puede ser desde 1V).<\/p>\n<p><strong>Calculadora de ciclos &#8211; circuito astable :<br \/>\n<\/strong><a href=\"http:\/\/www.ohmslawcalculator.com\/555-astable-calculator\">http:\/\/www.ohmslawcalculator.com\/555-astable-calculator<\/a><\/p>\n<p><strong>Sensores resistivos\u00a0revisados en clases<br \/>\n<\/strong><a href=\"https:\/\/www.mcielectronics.cl\/shop\/product\/sensor-de-fuerza-0-5-10115?search=sensor&amp;page=3\">Sensor de presi\u00f3n<\/a><br \/>\n<a href=\"https:\/\/www.mcielectronics.cl\/shop\/product\/mini-fotocelda-sensor-de-luz-ldr-10499?search=sensor&amp;page=4\">Sensor Light Dependant Resistor (LDR)<\/a><br \/>\n<a href=\"https:\/\/www.mcielectronics.cl\/shop\/product\/termistor-10k-9690?search=termistor\">Sensor de temperatura (termistor)<\/a><br \/>\n<a href=\"https:\/\/www.mcielectronics.cl\/shop\/product\/sensor-de-flexion-2-2-10496\">Sensor de flexi\u00f3n<\/a><br \/>\n<a href=\"https:\/\/www.mcielectronics.cl\/shop\/product\/potenciometro-rotatorio-lineal-de-10-kohm-21639?search=potenci\u00f3metro\">Potenci\u00f3metro<\/a><\/p>\n<p><a href=\"http:\/\/etab.cl\/clases\/uchile\/obj-tec\/wp-content\/uploads\/2016\/04\/vinilo-el-computador-virtuoso-1973-irt-452211-MLC20506817271_122015-F.jpg\"><img loading=\"lazy\" decoding=\"async\" class=\"alignnone size-medium wp-image-1549\" src=\"http:\/\/etab.cl\/clases\/uchile\/obj-tec\/wp-content\/uploads\/2016\/04\/vinilo-el-computador-virtuoso-1973-irt-452211-MLC20506817271_122015-F-300x269.jpg\" alt=\"vinilo-el-computador-virtuoso-1973-irt-452211-MLC20506817271_122015-F\" width=\"300\" height=\"269\" srcset=\"https:\/\/clases.etab.cl\/wp-content\/uploads\/2016\/04\/vinilo-el-computador-virtuoso-1973-irt-452211-MLC20506817271_122015-F-300x269.jpg 300w, https:\/\/clases.etab.cl\/wp-content\/uploads\/2016\/04\/vinilo-el-computador-virtuoso-1973-irt-452211-MLC20506817271_122015-F-1024x920.jpg 1024w, https:\/\/clases.etab.cl\/wp-content\/uploads\/2016\/04\/vinilo-el-computador-virtuoso-1973-irt-452211-MLC20506817271_122015-F-624x561.jpg 624w, https:\/\/clases.etab.cl\/wp-content\/uploads\/2016\/04\/vinilo-el-computador-virtuoso-1973-irt-452211-MLC20506817271_122015-F.jpg 1200w\" sizes=\"auto, (max-width: 300px) 100vw, 300px\" \/><\/a><br \/>\n<a href=\"https:\/\/www.youtube.com\/watch?v=SlTrmYWhvRk\" target=\"_blank\">El computador virtuoso<\/a><\/p>\n<h2>Ejercicios para desarrollar en casa &#8230;<\/h2>\n<p>1)<br \/>\n<a href=\"http:\/\/etab.cl\/clases\/uchile\/obj-tec\/wp-content\/uploads\/2018\/09\/Captura-de-pantalla-2018-09-08-a-las-20.57.58.png\"><img loading=\"lazy\" decoding=\"async\" class=\"alignnone size-medium wp-image-2058\" src=\"http:\/\/etab.cl\/clases\/uchile\/obj-tec\/wp-content\/uploads\/2018\/09\/Captura-de-pantalla-2018-09-08-a-las-20.57.58-198x300.png\" alt=\"Captura de pantalla 2018-09-08 a la(s) 20.57.58\" width=\"198\" height=\"300\" srcset=\"https:\/\/clases.etab.cl\/wp-content\/uploads\/2018\/09\/Captura-de-pantalla-2018-09-08-a-las-20.57.58-198x300.png 198w, https:\/\/clases.etab.cl\/wp-content\/uploads\/2018\/09\/Captura-de-pantalla-2018-09-08-a-las-20.57.58.png 450w\" sizes=\"auto, (max-width: 198px) 100vw, 198px\" \/><br \/>\n<\/a><strong>Referencia:<\/strong><a href=\"http:\/\/etab.cl\/clases\/uchile\/obj-tec\/wp-content\/uploads\/2018\/09\/Captura-de-pantalla-2018-09-08-a-las-20.57.58.png\"> Atari Punk Console (timer 556)<br \/>\n<\/a><a href=\"https:\/\/www.youtube.com\/watch?v=Oi3dmSMpjsU\" target=\"_blank\">https:\/\/www.youtube.com\/watch?v=Oi3dmSMpjsU<\/a><a href=\"http:\/\/etab.cl\/clases\/uchile\/obj-tec\/wp-content\/uploads\/2018\/09\/Captura-de-pantalla-2018-09-08-a-las-20.57.58.png\"><br \/>\n<\/a><\/p>\n<p>2)<br \/>\n<a href=\"http:\/\/etab.cl\/clases\/uchile\/obj-tec\/wp-content\/uploads\/2018\/09\/circuito-doble-555.png\"><img loading=\"lazy\" decoding=\"async\" class=\"alignnone size-medium wp-image-2060\" src=\"http:\/\/etab.cl\/clases\/uchile\/obj-tec\/wp-content\/uploads\/2018\/09\/circuito-doble-555-215x300.png\" alt=\"circuito doble 555\" width=\"215\" height=\"300\" srcset=\"https:\/\/clases.etab.cl\/wp-content\/uploads\/2018\/09\/circuito-doble-555-215x300.png 215w, https:\/\/clases.etab.cl\/wp-content\/uploads\/2018\/09\/circuito-doble-555.png 425w\" sizes=\"auto, (max-width: 215px) 100vw, 215px\" \/><\/a><br \/>\n<a href=\"http:\/\/etab.cl\/clases\/pdfs\/pgs-desde-Timer555.pdf\" target=\"_blank\" rel=\"noopener\">http:\/\/etab.cl\/clases\/pdfs\/pgs-desde-Timer555.pdf<\/a><\/p>\n<p>Peter Vogel<br \/>\n<a href=\"https:\/\/vimeo.com\/59829961\" target=\"_blank\" rel=\"noopener\">https:\/\/vimeo.com\/59829961<\/a><\/p>\n<p><strong>C6- C7<\/strong><br \/>\n555<br \/>\n<a href=\"http:\/\/www.n5dux.com\/ham\/files\/pdf\/Forrest%20Mims%20-%20555%20Timer%20IC%20Circuits.pdf\" target=\"_blank\" rel=\"noopener\">http:\/\/www.n5dux.com\/ham\/files\/pdf\/Forrest%20Mims%20-%20555%20Timer%20IC%20Circuits.pdf<\/a><\/p>\n<p>Electr\u00f3nica desde 0<br \/>\n<a href=\"http:\/\/www.n5dux.com\/ham\/files\/pdf\/Forrest%20Mims%20-%20Getting%20Started%20in%20Electronics.pdf\" target=\"_blank\" rel=\"noopener\">http:\/\/www.n5dux.com\/ham\/files\/pdf\/Forrest%20Mims%20-%20Getting%20Started%20in%20Electronics.pdf<\/a><\/p>\n<p>Amplificador<br \/>\n<a href=\"http:\/\/www.n5dux.com\/ham\/files\/pdf\/Forrest%20Mims%20-%20Op%20Amp%20IC%20Circuits.pdf\" target=\"_blank\" rel=\"noopener\">http:\/\/www.n5dux.com\/ham\/files\/pdf\/Forrest%20Mims%20-%20Op%20Amp%20IC%20Circuits.pdf<\/a><\/p>\n<p><strong>C8-C9<\/strong><\/p>\n<p><strong>Circuito motor con TIP 120 (originalmente con TIP 31)<br \/>\n<a href=\"http:\/\/etab.cl\/clases\/uchile\/obj-tec\/wp-content\/uploads\/2018\/10\/IMG_5860.jpg\"><img loading=\"lazy\" decoding=\"async\" class=\"alignnone wp-image-2122 size-medium\" src=\"http:\/\/etab.cl\/clases\/uchile\/obj-tec\/wp-content\/uploads\/2018\/10\/IMG_5860-e1540322082409-225x300.jpg\" alt=\"IMG_5860\" width=\"225\" height=\"300\" srcset=\"https:\/\/clases.etab.cl\/wp-content\/uploads\/2018\/10\/IMG_5860-e1540322082409-225x300.jpg 225w, https:\/\/clases.etab.cl\/wp-content\/uploads\/2018\/10\/IMG_5860-e1540322082409-768x1024.jpg 768w, https:\/\/clases.etab.cl\/wp-content\/uploads\/2018\/10\/IMG_5860-e1540322082409-624x832.jpg 624w\" sizes=\"auto, (max-width: 225px) 100vw, 225px\" \/><\/a><br \/>\n<\/strong><strong><br \/>\nTransistor, Mosfet y Darlington<\/strong><br \/>\nhttps:\/\/itp.nyu.edu\/~mbv227\/pdf\/transistor-darlington-mosfet.pdf<strong><br \/>\n<\/strong><\/p>\n<p>&nbsp;<\/p>\n","protected":false},"excerpt":{"rendered":"<p>Objetivos del curso: Que el estudiante maneje herramientas electr\u00f3nico-digitales para la construcci\u00f3n del trabajo art\u00edstico personal, comprendiendo y conociendo el trabajo de artistas considerados en el contexto del arte, ciencia y tecnolog\u00eda. Metodolog\u00eda: Las sesiones son principalmente de car\u00e1cter pr\u00e1ctico a partir de la exploraci\u00f3n, a trav\u00e9s de ejercicios guiados, de herramientas y componentes electr\u00f3nicos, [&hellip;]<\/p>\n","protected":false},"author":1,"featured_media":0,"parent":622,"menu_order":0,"comment_status":"closed","ping_status":"closed","template":"","meta":{"_acf_changed":false,"footnotes":""},"class_list":["post-2088","page","type-page","status-publish","hentry"],"acf":[],"_links":{"self":[{"href":"https:\/\/clases.etab.cl\/index.php?rest_route=\/wp\/v2\/pages\/2088","targetHints":{"allow":["GET"]}}],"collection":[{"href":"https:\/\/clases.etab.cl\/index.php?rest_route=\/wp\/v2\/pages"}],"about":[{"href":"https:\/\/clases.etab.cl\/index.php?rest_route=\/wp\/v2\/types\/page"}],"author":[{"embeddable":true,"href":"https:\/\/clases.etab.cl\/index.php?rest_route=\/wp\/v2\/users\/1"}],"replies":[{"embeddable":true,"href":"https:\/\/clases.etab.cl\/index.php?rest_route=%2Fwp%2Fv2%2Fcomments&post=2088"}],"version-history":[{"count":19,"href":"https:\/\/clases.etab.cl\/index.php?rest_route=\/wp\/v2\/pages\/2088\/revisions"}],"predecessor-version":[{"id":2125,"href":"https:\/\/clases.etab.cl\/index.php?rest_route=\/wp\/v2\/pages\/2088\/revisions\/2125"}],"up":[{"embeddable":true,"href":"https:\/\/clases.etab.cl\/index.php?rest_route=\/wp\/v2\/pages\/622"}],"wp:attachment":[{"href":"https:\/\/clases.etab.cl\/index.php?rest_route=%2Fwp%2Fv2%2Fmedia&parent=2088"}],"curies":[{"name":"wp","href":"https:\/\/api.w.org\/{rel}","templated":true}]}}