{"id":2764,"date":"2021-03-16T00:03:59","date_gmt":"2021-03-16T00:03:59","guid":{"rendered":"http:\/\/etab.cl\/clases\/uchile\/obj-tec\/?page_id=2764"},"modified":"2021-07-06T16:22:16","modified_gmt":"2021-07-06T16:22:16","slug":"instrumental-i-interfaces","status":"publish","type":"page","link":"https:\/\/clases.etab.cl\/?page_id=2764","title":{"rendered":"Instrumental I &#8211; Interfaz 2021"},"content":{"rendered":"\n<p><strong>Clases sincr\u00f3nicas:<\/strong> Martes de 10:30h a 13:30h<br><strong>Sesi\u00f3n de para consulta y revisi\u00f3n:<\/strong> Viernes 10:00 a 13:00h<br><strong>Sitio web:<\/strong> <a rel=\"noreferrer noopener\" href=\"http:\/\/etab.cl\/clases\/uchile\/obj-tec\/?page_id=2764\" target=\"_blank\">clases.etab.cl\/<\/a><br><strong>Permalink Ucursos:<\/strong> <a href=\"https:\/\/www.u-cursos.cl\/artes\/2021\/1\/TAIB122-203\/5\/\">https:\/\/www.u-cursos.cl\/artes\/2021\/1\/TAIB122-203\/5\/<\/a><br><strong>C\u00f3digo Curso:<\/strong> TAIB122-203-5<br><strong>Componentes y Herramientas:<\/strong> <a rel=\"noreferrer noopener\" href=\"https:\/\/docs.google.com\/spreadsheets\/d\/18c1jufSUFwWp1ieK0KNRVldmsJlUxmGnCV4hKXTMGS4\/edit?usp=sharing\" target=\"_blank\">https:\/\/docs.google.com\/spreadsheets\/d\/18c1jufSUFwWp1ieK0KNRVldmsJlUxmGnCV4hKXTMGS4\/edit?usp=sharing<\/a><br><strong>Calendario:<\/strong> <a rel=\"noreferrer noopener\" href=\"https:\/\/docs.google.com\/spreadsheets\/d\/14SWLe-LgtIwLnc68R2xI_lzwZh2jKc6S6j_IK8Wl91k\/edit?usp=sharing\" target=\"_blank\">https:\/\/docs.google.com\/spreadsheets\/d\/14SWLe-LgtIwLnc68R2xI_lzwZh2jKc6S6j_IK8Wl91k\/edit?usp=sharing<\/a><br><\/p>\n\n\n\n<p><strong>Prop\u00f3sito general del curso<\/strong><br>Taller que aborda conocimientos te\u00f3rico-pr\u00e1cticos desde una visi\u00f3n introductoria y experimental de los procesos materiales y soportes de la construcci\u00f3n del objeto medial digital y electr\u00f3nico.&nbsp;<br>Este primer nivel&nbsp;se enfocar\u00e1 en la&nbsp;experimentaci\u00f3n con soportes tecnol\u00f3gicos que exploran las posibilidades expresivas, reflexivas y est\u00e9ticas de la relaci\u00f3n entre el mundo f\u00edsico y el virtual, a trav\u00e9s de ejercicios que permiten abordar de manera explorativa la programaci\u00f3n y la electr\u00f3nica.<br><br><strong>Saberes y contenidos<\/strong><br><strong>.  Circuitos electr\u00f3nicos anal\u00f3gicos<\/strong><br>T\u00e9cnicas de modelado de la electricidad a partir del conocimiento y exploraci\u00f3n de componentes electr\u00f3nicos b\u00e1sicos tales como resistencias, leds, parlantes, circuitos integrados, capacitores, entre otros. Construcci\u00f3n de objetos y circuiter\u00eda.<br>Profundizaci\u00f3n en conocimientos de la simbolog\u00eda esquem\u00e1tica electr\u00f3nica.<br><strong>.  Introducci\u00f3n a las interfaces f\u00edsicas<\/strong><br>T\u00e9cnicas b\u00e1sicas de control de sonido, luz y movimiento en base al desarme de interfaces (por ejemplo: teclado, mouse) y microcotroladores.<br>T\u00e9cnicas de vinculaci\u00f3n entre el espacio anal\u00f3gico y el digital a trav\u00e9s de la programaci\u00f3n y la configuraci\u00f3n de circuitos instruidos por microcontroladores.<br><strong>.  Producci\u00f3n art\u00edstica personal<\/strong><br>Ejercicio sostenido durante el semestre a trav\u00e9s de los medios presentados en el curso, para abordarlos de manera explorativa y evaluativa desde asuntos constructivos y formales como la luz, el sonido, el movimiento, el tiempo, la instrucci\u00f3n, la operaci\u00f3n, el resignificar y lo sist\u00e9mico.<br><strong>.  Contextualizaci\u00f3n y lenguaje<\/strong><br>Referentes de las artes visuales, espec\u00edficamente de las artes mediales, con foco en los procesos de construcci\u00f3n de lenguaje a partir del desarrollo de obras anal\u00f3gicas y\/o digitales que dialoguen con el concepto de interfaz en tanto mediaci\u00f3n humano-m\u00e1quina.<\/p>\n\n\n\n<p><strong>Metodolog\u00eda<\/strong><br>.  Clases expositivas<br>.  Talleres de exploraci\u00f3n y experimentaci\u00f3n<br>.  Lecturas de profundizaci\u00f3n<br>.  Presentaciones de trabajos personales<br>.  Desarrollo y seguimiento de bit\u00e1coras<br>.  Exploraci\u00f3n y experimentaci\u00f3n aut\u00f3noma<\/p>\n\n\n\n<p><strong>Evaluaci\u00f3n<\/strong><br>.  Evaluaciones acumulativas durante el semestre a trav\u00e9s de ejercicios pr\u00e1cticos y desarrollo de bit\u00e1cora (60%)<br>.  Entrega final de proyecto personal (40%)<br>* En contexto telem\u00e1tico, esto puede ser modificado.<\/p>\n\n\n\n<p><strong>D\u00f3nde comprar los componentes y herramientas<\/strong><br><a rel=\"noreferrer noopener\" href=\"http:\/\/www.victronics.cl\/\" target=\"_blank\">http:\/\/www.victronics.cl\/<\/a><br><a rel=\"noreferrer noopener\" href=\"http:\/\/www.olimex.cl\/\" target=\"_blank\">http:\/\/www.olimex.cl\/<\/a><br><a rel=\"noreferrer noopener\" href=\"http:\/\/www.casaroyal.cl\/\" target=\"_blank\">http:\/\/www.casaroyal.cl\/<\/a><br>&#8212; Digital Electr\u00f3nica: San Antonio 32 (subterr\u00e1neo), Stgo. Centro. F: 226324511<br>&#8211; Barrio San Diego:<br>&#8211; Ibarra: Calle San Diego 928 Santiago \u2013 Santiago, Chile, F: 2 672 39 63 \/ 2 672 94 05<br>&#8211; Electr\u00f3nica Orfali: San Diego 955, Santiago, F: 2 698 83 76<br>AFEL: https:\/\/afel.cl<\/p>\n\n\n\n<p><strong>Bibliograf\u00eda<\/strong><br><a rel=\"noreferrer noopener\" href=\"http:\/\/loliel.narod.ru\/DIY.pdf\" target=\"_blank\">Handmade Electronic Music<\/a>\u00a0-Nicolas Collins<br><a rel=\"noreferrer noopener\" href=\"http:\/\/etab.cl\/clases\/pdfs\/fMims-electricidad.pdf\" target=\"_blank\">http:\/\/etab.cl\/clases\/pdfs\/fMims-electricidad.pdf<\/a><br>Electronics Cookbook &#8211; Simon Monk &#8211; O&#8217;reilly<\/p>\n\n\n\n<hr class=\"wp-block-separator\"\/>\n\n\n\n<p><br><br><strong>Sesi\u00f3n1<\/strong><br>Telegarden &#8211; Ken Goldberg<br>Fulgurator &#8211; Julius Von Bismark<br>Breathing Potraits &#8211; Tristan Perich<br>ADA &#8211; Karina Smigla Bobinski<br><br><strong>Sesi\u00f3n 2<\/strong><br>Revisi\u00f3n bit\u00e1coras &#8211; Profundizaci\u00f3n en obra de Tristan Perich<br>. <a rel=\"noreferrer noopener\" href=\"http:\/\/www.1bitsymphony.com\/\" target=\"_blank\">1bit Simphony<\/a><br>. <a rel=\"noreferrer noopener\" href=\"http:\/\/angelsbarcelona.com\/en\/artists\/tristan-perich\/projects\/0-01s-the-first-1100th-second-of-1-bit-symphony\/456\" target=\"_blank\">0.01s<\/a><br>. <a rel=\"noreferrer noopener\" href=\"https:\/\/vimeo.com\/324321926\" target=\"_blank\">Wall Drawings<\/a><\/p>\n\n\n\n<p><strong>Sesi\u00f3n 3<\/strong><br><a rel=\"noreferrer noopener\" href=\"https:\/\/www.youtube.com\/watch?v=CONibwcXeEs\" target=\"_blank\">Desobediencia tecnol\u00f3gica<\/a><br><a rel=\"noreferrer noopener\" href=\"https:\/\/www.youtube.com\/watch?v=KHDL9iGxDPM\" target=\"_blank\">Circuit Bending<\/a><br><a rel=\"noreferrer noopener\" href=\"https:\/\/www.youtube.com\/watch?v=cK7CSXIcZOk&amp;t=7s\" target=\"_blank\">Arqueolog\u00eda de medios<\/a><br>Hack \/ Hacking<br>Desarme y fotograf\u00eda: Todd McLellan:<br><a rel=\"noreferrer noopener\" href=\"https:\/\/mymodernmet.com\/the-art-of-meticulous-disassembly\/\" target=\"_blank\">https:\/\/mymodernmet.com\/the-art-of-meticulous-disassembly\/<\/a><br><a href=\"https:\/\/www.thisiscolossal.com\/2013\/05\/things-come-apart-a-new-book-of-disassembled-objects-by-todd-mclellan\/\">https:\/\/www.thisiscolossal.com\/2013\/05\/things-come-apart-a-new-book-of-disassembled-objects-by-todd-mclellan\/<\/a><br><strong>Ejercicio para la siguiente clase: <\/strong>Descubrir, identificar, fotografiar y describir los componentes de los aparatos desarmados en clases.<\/p>\n\n\n\n<p><strong>Sesi\u00f3n 4<\/strong><br>Interfaz (mouse, teclado, Douglas Engelbart)<br>Interactividad \/ Interacci\u00f3n<br>(Claudia Gonz\u00e1lez) Glitch: <a rel=\"noreferrer noopener\" href=\"https:\/\/www.claudiagonzalez.cl\/projects\/interaccion-glitch\/\" target=\"_blank\">https:\/\/www.claudiagonzalez.cl\/projects\/interaccion-glitch\/<\/a><br>Hack<br>Reproponer<br>Relaci\u00f3n cuerpo\/m\u00e1quina<br><a rel=\"noreferrer noopener\" href=\"https:\/\/www.youtube.com\/watch?v=sXEfsXg-O9w\" target=\"_blank\">Shift Register<\/a><br><a rel=\"noreferrer noopener\" href=\"https:\/\/www.instructables.com\/Hacking-a-USB-Keyboard\/\" target=\"_blank\">https:\/\/www.instructables.com\/Hacking-a-USB-Keyboard\/<\/a><br>Espectador \/ Participante<br>Input \/ Output<br>Herramientas \/ componentes: teclado USB, cables uni o multifilares de bajo calibre, protoboard, interruptores. Para la salida, computador y alg\u00fan programa en el computador (block de notas, pure data, max\/msp, juego de video, etc.)<\/p>\n\n\n\n<p><strong>Sesi\u00f3n 5<\/strong><br>Registro clase: <a rel=\"noreferrer noopener\" href=\"https:\/\/drive.google.com\/file\/d\/1F_3aMm0sB5IQr87fd_AL1OsS35aci4bM\/view?usp=sharing\" target=\"_blank\">https:\/\/drive.google.com\/file\/d\/1F_3aMm0sB5IQr87fd_AL1OsS35aci4bM\/view?usp=sharing<\/a><br><br><strong>Nuevos referentes mencionados:<\/strong> Entorchado, Arcangelo Constantini, Protoboard, Breadboard. <br><br><strong>Primera revisi\u00f3n procesos en bit\u00e1cora: 16\/4\/2020<\/strong><br><strong>Qu\u00e9 se evaluar\u00e1:<\/strong><br>A) La investigaci\u00f3n aut\u00f3noma de los conceptos y referentes que se han dado durante las clases (Cu\u00e1nto se expande el conocimiento y exploraci\u00f3n de manera aut\u00f3noma a partir de los conceptos mencionados en clases). 2pts<br>B) Detalle y cantidad de registro en procesos pr\u00e1cticos. 2pts<br>C) Sistematizaci\u00f3n de los contenidos, diagramaci\u00f3n, cantidad de informaci\u00f3n por cada asunto. 2pts<br>** No es necesario que tengan el ejercicio del teclado finalizado para esta entrega (informaci\u00f3n sobre este ejercicio, m\u00e1s abajo). La idea es revisar el proceso solamente.<\/p>\n\n\n\n<p><strong>Ejercicio Interfaz cuerpo &#8211; m\u00e1quina<\/strong><br><strong>Fecha de entrega: por definir<\/strong><br><strong>Enunciado del ejercicio:<\/strong> Construir una interfaz f\u00edsica en donde se asocie el sistema de teclado con alguna aplicaci\u00f3n que se maneje con el teclado (ejemplo: word, Redes Sociales, Email, Juego de Video, Reproductor de video, Reproductor de audio, etc.)<br>El objetivo del ejercicio es re-proponer un dispositivo tanto en su uso, como en su sentido simb\u00f3lico, involucrando el cuerpo m\u00e1s all\u00e1 del uso original de un teclado, en donde se piensa el uso de las manos.<br><br><strong>Palabras claves:<\/strong> Interfaz, interacci\u00f3n, reacci\u00f3n, re-proponer, hack \/ hacking, interruptores, Physical Computing.<br><strong>Conocimientos pr\u00e1cticos:<\/strong> desarme electr\u00f3nico, soldadura, uso de mult\u00edmetro, uso de protoboard, exploraci\u00f3n de componentes.<\/p>\n\n\n\n<hr class=\"wp-block-separator\"\/>\n\n\n\n<h1 class=\"wp-block-heading\">&#8212;&#8212;&#8212;&#8211;<\/h1>\n\n\n\n<h1 class=\"wp-block-heading\"><strong>C<\/strong>ircuitos<\/h1>\n\n\n\n<figure class=\"wp-block-image\"><a href=\"http:\/\/etab.cl\/clases\/uchile\/obj-tec\/wp-content\/uploads\/2016\/04\/primeros-circuitos-A.jpeg\"><img loading=\"lazy\" decoding=\"async\" width=\"233\" height=\"300\" src=\"http:\/\/etab.cl\/clases\/uchile\/obj-tec\/wp-content\/uploads\/2016\/04\/primeros-circuitos-A-233x300.jpeg\" alt=\"primeros circuitos A\" class=\"wp-image-1516\" srcset=\"https:\/\/clases.etab.cl\/wp-content\/uploads\/2016\/04\/primeros-circuitos-A-233x300.jpeg 233w, https:\/\/clases.etab.cl\/wp-content\/uploads\/2016\/04\/primeros-circuitos-A-796x1024.jpeg 796w, https:\/\/clases.etab.cl\/wp-content\/uploads\/2016\/04\/primeros-circuitos-A-624x801.jpeg 624w\" sizes=\"auto, (max-width: 233px) 100vw, 233px\" \/><\/a><\/figure>\n\n\n\n<figure class=\"wp-block-image\"><a href=\"http:\/\/etab.cl\/clases\/uchile\/obj-tec\/wp-content\/uploads\/2016\/01\/primeros-circuitos-B.jpg\"><img loading=\"lazy\" decoding=\"async\" width=\"233\" height=\"300\" src=\"http:\/\/etab.cl\/clases\/uchile\/obj-tec\/wp-content\/uploads\/2016\/01\/primeros-circuitos-B-233x300.jpg\" alt=\"primeros-circuitos-B\" class=\"wp-image-1446\" srcset=\"https:\/\/clases.etab.cl\/wp-content\/uploads\/2016\/01\/primeros-circuitos-B-233x300.jpg 233w, https:\/\/clases.etab.cl\/wp-content\/uploads\/2016\/01\/primeros-circuitos-B-624x801.jpg 624w, https:\/\/clases.etab.cl\/wp-content\/uploads\/2016\/01\/primeros-circuitos-B.jpg 797w\" sizes=\"auto, (max-width: 233px) 100vw, 233px\" \/><\/a><\/figure>\n\n\n\n<figure class=\"wp-block-image\"><a href=\"http:\/\/etab.cl\/clases\/uchile\/obj-tec\/wp-content\/uploads\/2016\/01\/primeros-circuitos-A.jpg\"><img loading=\"lazy\" decoding=\"async\" width=\"233\" height=\"300\" src=\"http:\/\/etab.cl\/clases\/uchile\/obj-tec\/wp-content\/uploads\/2016\/01\/primeros-circuitos-A-233x300.jpg\" alt=\"primeros-circuitos-A\" class=\"wp-image-1445\" srcset=\"https:\/\/clases.etab.cl\/wp-content\/uploads\/2016\/01\/primeros-circuitos-A-233x300.jpg 233w, https:\/\/clases.etab.cl\/wp-content\/uploads\/2016\/01\/primeros-circuitos-A-624x801.jpg 624w, https:\/\/clases.etab.cl\/wp-content\/uploads\/2016\/01\/primeros-circuitos-A.jpg 797w\" sizes=\"auto, (max-width: 233px) 100vw, 233px\" \/><\/a><\/figure>\n\n\n\n<figure class=\"wp-block-image\"><a href=\"http:\/\/etab.cl\/clases\/uchile\/obj-tec\/wp-content\/uploads\/2016\/01\/Carga-y-descarga-de-un-condensador.jpg\"><img loading=\"lazy\" decoding=\"async\" width=\"233\" height=\"300\" src=\"http:\/\/etab.cl\/clases\/uchile\/obj-tec\/wp-content\/uploads\/2016\/01\/Carga-y-descarga-de-un-condensador-233x300.jpg\" alt=\"Carga-y-descarga-de-un-condensador\" class=\"wp-image-1442\" srcset=\"https:\/\/clases.etab.cl\/wp-content\/uploads\/2016\/01\/Carga-y-descarga-de-un-condensador-233x300.jpg 233w, https:\/\/clases.etab.cl\/wp-content\/uploads\/2016\/01\/Carga-y-descarga-de-un-condensador-624x801.jpg 624w, https:\/\/clases.etab.cl\/wp-content\/uploads\/2016\/01\/Carga-y-descarga-de-un-condensador.jpg 797w\" sizes=\"auto, (max-width: 233px) 100vw, 233px\" \/><\/a><\/figure>\n\n\n\n<p>Referencia: <a href=\"https:\/\/hacedores.com\/scrappy-circuits-circuitos-materiales-reciclados\/?fbclid=IwAR3Ij1zdRSmZdVE6ed09-N71PjqHT5FYVOV-jzWdCLv6sHg7IW_xX88N_fE\">Circuitos hechos con materiales de desecho<\/a><\/p>\n\n\n<p><iframe loading=\"lazy\" title=\"Collin&#039;s Lab: Switches\" width=\"625\" height=\"352\" src=\"https:\/\/www.youtube.com\/embed\/S2AHimvbovI?feature=oembed\" frameborder=\"0\" allow=\"accelerometer; autoplay; clipboard-write; encrypted-media; gyroscope; picture-in-picture; web-share\" referrerpolicy=\"strict-origin-when-cross-origin\" allowfullscreen><\/iframe><\/p>\n\n\n\n<h1 class=\"wp-block-heading\">&#8212;&#8212;&#8212;&#8211;<\/h1>\n\n\n\n<figure class=\"wp-block-image\"><a href=\"http:\/\/etab.cl\/clases\/uchile\/obj-tec\/wp-content\/uploads\/2019\/03\/circuito-555-astable.png\"><img loading=\"lazy\" decoding=\"async\" width=\"233\" height=\"300\" src=\"http:\/\/etab.cl\/clases\/uchile\/obj-tec\/wp-content\/uploads\/2019\/03\/circuito-555-astable-233x300.png\" alt=\"circuito-555-astable\" class=\"wp-image-2152\" srcset=\"https:\/\/clases.etab.cl\/wp-content\/uploads\/2019\/03\/circuito-555-astable-233x300.png 233w, https:\/\/clases.etab.cl\/wp-content\/uploads\/2019\/03\/circuito-555-astable-768x988.png 768w, https:\/\/clases.etab.cl\/wp-content\/uploads\/2019\/03\/circuito-555-astable.png 796w, https:\/\/clases.etab.cl\/wp-content\/uploads\/2019\/03\/circuito-555-astable-624x803.png 624w\" sizes=\"auto, (max-width: 233px) 100vw, 233px\" \/><\/a><\/figure>\n\n\n\n<figure class=\"wp-block-image\"><a href=\"http:\/\/etab.cl\/clases\/uchile\/obj-tec\/wp-content\/uploads\/2019\/03\/Make-electronics-184.png\"><img loading=\"lazy\" decoding=\"async\" width=\"212\" height=\"300\" src=\"http:\/\/etab.cl\/clases\/uchile\/obj-tec\/wp-content\/uploads\/2019\/03\/Make-electronics-184-212x300.png\" alt=\"Make electronics 184\" class=\"wp-image-2153\" srcset=\"https:\/\/clases.etab.cl\/wp-content\/uploads\/2019\/03\/Make-electronics-184-212x300.png 212w, https:\/\/clases.etab.cl\/wp-content\/uploads\/2019\/03\/Make-electronics-184.png 600w\" sizes=\"auto, (max-width: 212px) 100vw, 212px\" \/><\/a><\/figure>\n\n\n\n<p>Referencia: <a href=\"https:\/\/mikitronic.blogspot.com\/2011\/09\/diagrama-circuito-piano-electronico.html\">teclado con timer 555<\/a><\/p>\n\n\n\n<figure class=\"wp-block-image\"><a href=\"http:\/\/etab.cl\/clases\/uchile\/obj-tec\/wp-content\/uploads\/2016\/01\/circuito-secuenciador-555-y-4017.jpg\"><img loading=\"lazy\" decoding=\"async\" width=\"300\" height=\"232\" src=\"http:\/\/etab.cl\/clases\/uchile\/obj-tec\/wp-content\/uploads\/2016\/01\/circuito-secuenciador-555-y-4017-300x232.jpg\" alt=\"circuito-secuenciador-555-y-4017\" class=\"wp-image-1444\" srcset=\"https:\/\/clases.etab.cl\/wp-content\/uploads\/2016\/01\/circuito-secuenciador-555-y-4017-300x232.jpg 300w, https:\/\/clases.etab.cl\/wp-content\/uploads\/2016\/01\/circuito-secuenciador-555-y-4017-624x482.jpg 624w, https:\/\/clases.etab.cl\/wp-content\/uploads\/2016\/01\/circuito-secuenciador-555-y-4017.jpg 1024w\" sizes=\"auto, (max-width: 300px) 100vw, 300px\" \/><\/a><\/figure>\n\n\n\n<figure class=\"wp-block-image\"><a href=\"http:\/\/etab.cl\/clases\/uchile\/obj-tec\/wp-content\/uploads\/2015\/04\/breathing-LED.png\"><img loading=\"lazy\" decoding=\"async\" width=\"300\" height=\"216\" src=\"http:\/\/etab.cl\/clases\/uchile\/obj-tec\/wp-content\/uploads\/2015\/04\/breathing-LED-300x216.png\" alt=\"breathing-LED\" class=\"wp-image-1149\" srcset=\"https:\/\/clases.etab.cl\/wp-content\/uploads\/2015\/04\/breathing-LED-300x216.png 300w, https:\/\/clases.etab.cl\/wp-content\/uploads\/2015\/04\/breathing-LED.png 624w\" sizes=\"auto, (max-width: 300px) 100vw, 300px\" \/><\/a><\/figure>\n\n\n\n<p><a href=\"http:\/\/www.etab.cl\/clases\/pdfs\/FM-Timer555.pdf\" target=\"_blank\" rel=\"noreferrer noopener\">Circuitos Timer 555 FM<\/a><\/p>\n\n\n\n<figure class=\"wp-block-image\"><a href=\"http:\/\/etab.cl\/clases\/uchile\/obj-tec\/wp-content\/uploads\/2018\/09\/Captura-de-pantalla-2018-09-08-a-las-20.57.58.png\"><img loading=\"lazy\" decoding=\"async\" width=\"198\" height=\"300\" src=\"http:\/\/etab.cl\/clases\/uchile\/obj-tec\/wp-content\/uploads\/2018\/09\/Captura-de-pantalla-2018-09-08-a-las-20.57.58-198x300.png\" alt=\"Captura de pantalla 2018-09-08 a la(s) 20.57.58\" class=\"wp-image-2058\" srcset=\"https:\/\/clases.etab.cl\/wp-content\/uploads\/2018\/09\/Captura-de-pantalla-2018-09-08-a-las-20.57.58-198x300.png 198w, https:\/\/clases.etab.cl\/wp-content\/uploads\/2018\/09\/Captura-de-pantalla-2018-09-08-a-las-20.57.58.png 450w\" sizes=\"auto, (max-width: 198px) 100vw, 198px\" \/><\/a><\/figure>\n\n\n\n<figure class=\"wp-block-image\"><a href=\"http:\/\/etab.cl\/clases\/uchile\/obj-tec\/wp-content\/uploads\/2018\/03\/diagrama-circuito-vumetro.png\"><img loading=\"lazy\" decoding=\"async\" width=\"300\" height=\"135\" src=\"http:\/\/etab.cl\/clases\/uchile\/obj-tec\/wp-content\/uploads\/2018\/03\/diagrama-circuito-vumetro-300x135.png\" alt=\"diagrama-circuito-vumetro\" class=\"wp-image-1971\" srcset=\"https:\/\/clases.etab.cl\/wp-content\/uploads\/2018\/03\/diagrama-circuito-vumetro-300x135.png 300w, https:\/\/clases.etab.cl\/wp-content\/uploads\/2018\/03\/diagrama-circuito-vumetro-768x345.png 768w, https:\/\/clases.etab.cl\/wp-content\/uploads\/2018\/03\/diagrama-circuito-vumetro-624x280.png 624w, https:\/\/clases.etab.cl\/wp-content\/uploads\/2018\/03\/diagrama-circuito-vumetro.png 850w\" sizes=\"auto, (max-width: 300px) 100vw, 300px\" \/><\/a><\/figure>\n\n\n\n<figure class=\"wp-block-image size-large\"><img loading=\"lazy\" decoding=\"async\" width=\"444\" height=\"338\" src=\"http:\/\/etab.cl\/clases\/uchile\/obj-tec\/wp-content\/uploads\/2021\/07\/audio_amp_circuit.gif\" alt=\"\" class=\"wp-image-2907\"\/><\/figure>\n\n\n\n<figure class=\"wp-block-embed-youtube wp-block-embed is-type-video is-provider-youtube wp-embed-aspect-16-9 wp-has-aspect-ratio\"><div class=\"wp-block-embed__wrapper\">\n<iframe loading=\"lazy\" title=\"\u2705 Variar velocidad de Motor con 555\" width=\"625\" height=\"352\" src=\"https:\/\/www.youtube.com\/embed\/glXcUU0iFoY?feature=oembed\" frameborder=\"0\" allow=\"accelerometer; autoplay; clipboard-write; encrypted-media; gyroscope; picture-in-picture; web-share\" referrerpolicy=\"strict-origin-when-cross-origin\" allowfullscreen><\/iframe>\n<\/div><\/figure>\n\n\n\n<figure class=\"wp-block-embed-youtube wp-block-embed is-type-video is-provider-youtube wp-embed-aspect-4-3 wp-has-aspect-ratio\"><div class=\"wp-block-embed__wrapper\">\n<iframe loading=\"lazy\" title=\"Jos\u00e9 Vicente Asuar - El computador Virtuoso\" width=\"625\" height=\"469\" src=\"https:\/\/www.youtube.com\/embed\/SlTrmYWhvRk?feature=oembed\" frameborder=\"0\" allow=\"accelerometer; autoplay; clipboard-write; encrypted-media; gyroscope; picture-in-picture; web-share\" referrerpolicy=\"strict-origin-when-cross-origin\" allowfullscreen><\/iframe>\n<\/div><\/figure>\n\n\n\n<figure class=\"wp-block-embed-vimeo wp-block-embed is-type-video is-provider-vimeo wp-embed-aspect-4-3 wp-has-aspect-ratio\"><div class=\"wp-block-embed__wrapper\">\nhttps:\/\/vimeo.com\/59829961\n<\/div><\/figure>\n\n\n\n<h2 class=\"wp-block-heading\"><br>Otros referentes<\/h2>\n\n\n\n<p>. Revisi\u00f3n bit\u00e1coras<br>. Glitch: Nam June Paik<br>&#8230; Nam June Paik: <a rel=\"noreferrer noopener\" href=\"https:\/\/www.youtube.com\/watch?v=807ElYCYTO0\" target=\"_blank\">https:\/\/www.youtube.com\/watch?v=807ElYCYTO0<\/a><br>&#8230; Cory Arcangel: <a rel=\"noreferrer noopener\" href=\"https:\/\/coryarcangel.com\/things-i-made\/2002-001-super-mario-clouds\" target=\"_blank\">https:\/\/coryarcangel.com\/things-i-made\/2002-001-super-mario-clouds<\/a><br><a href=\"https:\/\/www.youtube.com\/watch?v=oDDCoa71-yY\">https:\/\/www.youtube.com\/watch?v=oDDCoa71-yY<\/a><br><a href=\"https:\/\/www.youtube.com\/watch?v=_2vjnBF_oXY\">https:\/\/www.youtube.com\/watch?v=_2vjnBF_oXY<\/a><br>https:\/\/proyectoidis.org\/crono\/<br><a rel=\"noreferrer noopener\" href=\"https:\/\/www.loselectros.com\/biblio\/\" target=\"_blank\">https:\/\/www.loselectros.com\/biblio\/<\/a><br>Pulse room &#8211; Lozano Hemmer<br>Machine with Abandoned Doll &#8211; Arthur Ganson<br>Monuments &#8211; Christian Boltanski<br>la necesidad de jugar &#8211; Norton Maza<br>Spy Box &#8211; Tim Knowles<br>Nightwalk &#8211; Tim Knowles<br><a rel=\"noreferrer noopener\" href=\"https:\/\/drive.google.com\/open?id=0Bz4-7WlTvEzWampHQlVXTzBaM2lhOEJaRThyRjEwX0dYeFBv\" target=\"_blank\">Valentina Montero &#8211; Hechizos<\/a><\/p>\n\n\n\n<hr class=\"wp-block-separator\"\/>\n\n\n\n<h3 class=\"wp-block-heading\"><strong>Ejercicio final <\/strong><br><strong>Tiempo<\/strong><\/h3>\n\n\n\n<p>Pensar un ejercicio de creaci\u00f3n a partir de la reflexi\u00f3n en torno al tiempo, manifestado en luz, sonido o movimiento a partir de los circuitos desarrollados hasta ahora.<\/p>\n\n\n\n<p>El ejercicio puede ser planteado como un objeto, instalaci\u00f3n o intervenci\u00f3n de un espacio, cuidando el di\u00e1logo formal entre circuitos y otros objetos o materialidades.<\/p>\n\n\n\n<p>El objetivo de este ejercicio, es lograr extender los alcances de los recursos electr\u00f3nicos aprendidos m\u00e1s all\u00e1 del resultado t\u00e9cnico, carg\u00e1ndolo de sentido formal, conceptual y eventualmente simb\u00f3lico.<\/p>\n\n\n\n<p>Se evaluar\u00e1 en base a la coherencia entre la propuesta y el resultado, as\u00ed como el aspecto formal logrado en el ejercicio; todo esto a trav\u00e9s de la bit\u00e1cora que deber\u00e1 comprender dibujos, registro fotogr\u00e1fico, sonoro y\/o audiovisual, referentes y anotaciones de orden reflexivo, de observaci\u00f3n o planificaci\u00f3n.<strong>Pauta de evaluaci\u00f3n<\/strong><strong><br><\/strong>Desarrollo de bit\u00e1cora total (cantidad y calidad de la informaci\u00f3n en cuanto a registros, referentes, reflexi\u00f3n; orden y diagramaci\u00f3n): 2pts<br>Relaci\u00f3n propuesta\/resultado del ejercicio enunciado en este documento: 2pts<br>Aspectos formales del resultado del ejercicio enunciado en este documento: 2pt<br>+ 1pto base<\/p>\n\n\n\n<p><br><br><\/p>\n","protected":false},"excerpt":{"rendered":"<p>Clases sincr\u00f3nicas: Martes de 10:30h a 13:30hSesi\u00f3n de para consulta y revisi\u00f3n: Viernes 10:00 a 13:00hSitio web: clases.etab.cl\/Permalink Ucursos: https:\/\/www.u-cursos.cl\/artes\/2021\/1\/TAIB122-203\/5\/C\u00f3digo Curso: TAIB122-203-5Componentes y Herramientas: https:\/\/docs.google.com\/spreadsheets\/d\/18c1jufSUFwWp1ieK0KNRVldmsJlUxmGnCV4hKXTMGS4\/edit?usp=sharingCalendario: https:\/\/docs.google.com\/spreadsheets\/d\/14SWLe-LgtIwLnc68R2xI_lzwZh2jKc6S6j_IK8Wl91k\/edit?usp=sharing Prop\u00f3sito general del cursoTaller que aborda conocimientos te\u00f3rico-pr\u00e1cticos desde una visi\u00f3n introductoria y experimental de los procesos materiales y soportes de la construcci\u00f3n del objeto medial digital y electr\u00f3nico.&nbsp;Este [&hellip;]<\/p>\n","protected":false},"author":1,"featured_media":0,"parent":2761,"menu_order":0,"comment_status":"closed","ping_status":"closed","template":"","meta":{"_acf_changed":false,"footnotes":""},"class_list":["post-2764","page","type-page","status-publish","hentry"],"acf":[],"_links":{"self":[{"href":"https:\/\/clases.etab.cl\/index.php?rest_route=\/wp\/v2\/pages\/2764","targetHints":{"allow":["GET"]}}],"collection":[{"href":"https:\/\/clases.etab.cl\/index.php?rest_route=\/wp\/v2\/pages"}],"about":[{"href":"https:\/\/clases.etab.cl\/index.php?rest_route=\/wp\/v2\/types\/page"}],"author":[{"embeddable":true,"href":"https:\/\/clases.etab.cl\/index.php?rest_route=\/wp\/v2\/users\/1"}],"replies":[{"embeddable":true,"href":"https:\/\/clases.etab.cl\/index.php?rest_route=%2Fwp%2Fv2%2Fcomments&post=2764"}],"version-history":[{"count":34,"href":"https:\/\/clases.etab.cl\/index.php?rest_route=\/wp\/v2\/pages\/2764\/revisions"}],"predecessor-version":[{"id":2909,"href":"https:\/\/clases.etab.cl\/index.php?rest_route=\/wp\/v2\/pages\/2764\/revisions\/2909"}],"up":[{"embeddable":true,"href":"https:\/\/clases.etab.cl\/index.php?rest_route=\/wp\/v2\/pages\/2761"}],"wp:attachment":[{"href":"https:\/\/clases.etab.cl\/index.php?rest_route=%2Fwp%2Fv2%2Fmedia&parent=2764"}],"curies":[{"name":"wp","href":"https:\/\/api.w.org\/{rel}","templated":true}]}}