{"id":3049,"date":"2024-08-16T23:09:10","date_gmt":"2024-08-16T23:09:10","guid":{"rendered":"http:\/\/clases.etab.cl\/?page_id=3049"},"modified":"2024-08-16T23:14:30","modified_gmt":"2024-08-16T23:14:30","slug":"mam-2024-aplicaciones-tecnologicas-ii","status":"publish","type":"page","link":"https:\/\/clases.etab.cl\/?page_id=3049","title":{"rendered":"MAM 2024: Aplicaciones Tecnol\u00f3gicas II"},"content":{"rendered":"\n<p><strong>Objetivos de la clase:<\/strong><br>El curso est\u00e1 organizado para nivelar a los estudiantes con los conceptos y destrezas b\u00e1sicas para la inclusi\u00f3n de recursos electr\u00f3nicos y digitales (microcontrolador) en proyectos creativos.<\/p>\n\n\n\n<p><strong>Metodolog\u00eda:<\/strong><br>Las sesiones son mayormente de car\u00e1cter pr\u00e1ctico a partir de la exploraci\u00f3n, a trav\u00e9s de ejercicios guiados, de herramientas y componentes electr\u00f3nicos, as\u00ed como tambi\u00e9n del uso de microcontroladores compatibles con Arduino.<br>Al finalizar el curso, cada estudiante deber\u00e1 haber realizado una serie de ejercicios a partir de los conocimientos adquiridos durante las clases. Este proceso, regitrado en una bit\u00e1cora en l\u00ednea dar\u00e1 lugar a una evaluaci\u00f3n coeficiente uno.<\/p>\n\n\n\n<p><strong>Bit\u00e1cora<\/strong><br>Cada estudiante deber\u00e1 llevar una bit\u00e1cora en donde anotar\u00e1 de forma sostenida los procesos que emerjan a partir de los contenidos del curso. La idea es incluir, anotaciones reflexivas acerca del proceso o de posibles proyectos, anotaciones t\u00e9cnicas acerca del circuito o sistema que se est\u00e9 desarrollando, referencias art\u00edsticas o de otro tipo que puedan aportar o tengan relaci\u00f3n con el desarrollo de proyectos y ejercicios que se desarrollen en la clase.<br>Se sugiere usar&nbsp;<strong>Google drive<\/strong>&nbsp;en vinculaci\u00f3n con youtube\/vimeo, soundcloud, flickr u otras plataformas de publicaci\u00f3n de contenido.<\/p>\n\n\n\n<p><strong>Materiales:<\/strong><br>Cada estudiante deber\u00e1 contar con los materiales y herramientas enviados para cada sesi\u00f3n.<\/p>\n\n\n\n<p><strong>D\u00f3nde comprar los componentes y herramientas<\/strong><br>Lo marcado con asteriscos** son tiendas que est\u00e1n haciendo reparto a domicilio durante la contingencia COVID.<br><a rel=\"noreferrer noopener\" href=\"http:\/\/www.victronics.cl\/\" target=\"_blank\">http:\/\/www.victronics.cl\/<\/a>**<br><a rel=\"noreferrer noopener\" href=\"http:\/\/www.olimex.cl\/\" target=\"_blank\">http:\/\/www.olimex.cl\/<\/a>**<br><a rel=\"noreferrer noopener\" href=\"http:\/\/www.casaroyal.cl\/\" target=\"_blank\">http:\/\/www.casaroyal.cl\/<\/a>**<br>\u2014 Digitel Electr\u00f3nica: San Antonio 32 (subterr\u00e1neo), Stgo. Centro. F: 226324511<br>\u2013 Ibarra: Calle San Diego 928 Santiago \u2013 Santiago, Chile, F: 2 672 39 63 \/ 2 672 94 05<br>\u2013 Electr\u00f3nica Orfali: San Diego 955, Santiago, F: 2 698 83 76-<br>\u2013&nbsp;<a rel=\"noreferrer noopener\" href=\"https:\/\/cl.rsdelivers.com\/\" target=\"_blank\">https:\/\/cl.rsdelivers.com\/<\/a>**<br>\u2013 AFEL:&nbsp;<a href=\"https:\/\/afel.cl\/\">https:\/\/afel.cl<\/a>**<br>\u2013&nbsp;<a rel=\"noreferrer noopener\" href=\"http:\/\/cm2.cl\/\" target=\"_blank\">http:\/\/cm2.cl\/<\/a>**<br>\u2013&nbsp;<a rel=\"noreferrer noopener\" href=\"https:\/\/electronicahobby.cl\/\" target=\"_blank\">https:\/\/electronicahobby.cl\/<\/a>**<br>\u2013&nbsp;<a rel=\"noreferrer noopener\" href=\"https:\/\/maxelectronica.cl\/\" target=\"_blank\">https:\/\/maxelectronica.cl\/<\/a>**<br>\u2013&nbsp;<a rel=\"noreferrer noopener\" href=\"https:\/\/tectronix.cl\/\" target=\"_blank\">https:\/\/tectronix.cl\/<\/a>**<\/p>\n\n\n\n<p><strong>Bibliograf\u00eda y web de referencia<\/strong><br><a href=\"http:\/\/www.arduino.cc\/\">www.arduino.cc<\/a><br>Libro&nbsp;<a rel=\"noreferrer noopener\" href=\"https:\/\/drive.google.com\/file\/d\/1brEcT8Le-kFfRrRum_Q6wwy7eH7xEMLM\/view?usp=sharing\" target=\"_blank\">Arduino Starter Kit<\/a><br>Libro&nbsp;<a rel=\"noreferrer noopener\" href=\"https:\/\/drive.google.com\/file\/d\/1sLwV24wfjbX4SEtAU3e_KIFkrxmk72is\/view?usp=sharing\" target=\"_blank\">Getting started with Arduino<\/a><br>Libro&nbsp;<a rel=\"noreferrer noopener\" href=\"http:\/\/etab.cl\/clases\/pdfs\/Passw-Energy-Smil.pdf\" target=\"_blank\">Smil Vaclav-Energy<\/a><\/p>\n\n\n\n<p><strong>Documentos de apoyo<\/strong><br>Electricidad Intro:&nbsp;<a rel=\"noreferrer noopener\" href=\"http:\/\/etab.cl\/clases\/pdfs\/electricidad-intro.pdf\" target=\"_blank\">Pdf<\/a><br>Herramientas:&nbsp;<a href=\"http:\/\/etab.cl\/clases\/pdfs\/herramientas-simbologia-electronica.pdf\">Pdf<\/a><\/p>\n\n\n\n<p><strong>Tabla de ejercicios pr\u00e1cticos a desarrollar en cada clase<\/strong><br><a rel=\"noreferrer noopener\" href=\"https:\/\/docs.google.com\/spreadsheets\/d\/1TYin6G1jFwluIOKyYqQgcEKi7vCttCqpfoQLiZxXq2c\/edit?usp=sharing\" target=\"_blank\">https:\/\/docs.google.com\/spreadsheets\/d\/1TYin6G1jFwluIOKyYqQgcEKi7vCttCqpfoQLiZxXq2c\/edit?usp=sharing<\/a><br><br><strong>Links bit\u00e1coras<\/strong><br>(por incluir)<\/p>\n\n\n\n<p><strong>Sitio web proyectos personales prof.<\/strong><br><a rel=\"noreferrer noopener\" href=\"http:\/\/www.etab.cl\/\" target=\"_blank\">www.etab.cl<\/a><\/p>\n\n\n\n<hr class=\"wp-block-separator\"\/>\n\n\n\n<h1 class=\"wp-block-heading\"><strong>C1 \u2013 13\/8<\/strong><\/h1>\n\n\n\n<p><strong>Pdfs de apoyo:<\/strong><br>Electricidad Intro:&nbsp;<a rel=\"noreferrer noopener\" href=\"http:\/\/etab.cl\/clases\/pdfs\/electricidad-intro.pdf\" target=\"_blank\">Pdf<\/a><br>Herramientas:&nbsp;<a href=\"http:\/\/etab.cl\/clases\/pdfs\/herramientas-simbologia-electronica.pdf\">Pdf<\/a><\/p>\n\n\n\n<p><strong>Conceptos introductorios<\/strong><br>. energ\u00eda, transducci\u00f3n, electricidad, circuito, hif-i, low-fi<\/p>\n\n\n\n<figure class=\"wp-block-image size-large is-resized is-style-default\"><img loading=\"lazy\" decoding=\"async\" src=\"http:\/\/clases.etab.cl\/wp-content\/uploads\/2020\/07\/Energy-Chart-pg10.png\" alt=\"\" width=\"406\" height=\"438\"\/><figcaption>Imagen del libro Energy, Vaclav Smil, Editorial Oneworld Publications, 2009.Libro&nbsp;<a href=\"http:\/\/etab.cl\/clases\/pdfs\/Passw-Energy-Smil.pdf\">Smil Vaclav-Energy<\/a><\/figcaption><\/figure>\n\n\n\n<p><strong>Physical Computing y microcontroladores<\/strong><br>Esta es la imagen que inicia el primer libro dedicado a la computaci\u00f3n f\u00edsica o Physical Computing. Su primera edici\u00f3n fue publicada en 2004 y fue una respuesta a la inquietud de profesores y estudiantes de distintas \u00e1reas interesados en el trabajo creativo que implicaba una respuesta f\u00edsica ante rutinas digitales o vice\/versa.<\/p>\n\n\n\n<figure class=\"wp-block-image size-full is-resized\"><img loading=\"lazy\" decoding=\"async\" src=\"http:\/\/clases.etab.cl\/wp-content\/uploads\/2024\/08\/Screenshot-2024-08-16-at-7.08.09\u202fPM.png\" alt=\"\" class=\"wp-image-3050\" width=\"174\" height=\"260\" srcset=\"https:\/\/clases.etab.cl\/wp-content\/uploads\/2024\/08\/Screenshot-2024-08-16-at-7.08.09\u202fPM.png 416w, https:\/\/clases.etab.cl\/wp-content\/uploads\/2024\/08\/Screenshot-2024-08-16-at-7.08.09\u202fPM-201x300.png 201w\" sizes=\"auto, (max-width: 174px) 100vw, 174px\" \/><\/figure>\n\n\n\n<p>En el libro se hace referencia a esta imagen para explicar el c\u00f3mo nos relacionamos con los computadores, espec\u00edficamente en c\u00f3mo somos percibidos por estos. Hasta ese entonces la forma casi \u00fanica para una persona &nbsp;de comunicarse con un computador era a partir del mouse y el teclado y por otro lado a trav\u00e9s de la vista y los o\u00eddos.<\/p>\n\n\n\n<p>Se comenz\u00f3 a usar microcontroladores de f\u00e1cil programaci\u00f3n para expandir las posibles formas de interacci\u00f3n con la m\u00e1quina: Basic Stamp, Pic y otros, eran los microcontroladores m\u00e1s utilizados, sin embargo en 2003 en el instituto Ivrea en Italia quisieron hacer a\u00fan m\u00e1s f\u00e1cil el uso de estos dispositivos, as\u00ed como tambi\u00e9n m\u00e1s econ\u00f3micos para los estudiantes.<\/p>\n\n\n\n<p>Fue as\u00ed entonces como comenz\u00f3 a desarrollarse la placa&nbsp;<a href=\"http:\/\/arduino.cc\/\" target=\"_blank\" rel=\"noreferrer noopener\">Arduino<\/a>&nbsp;y su software en el contexto de una tesis de Magister en el mismo instituto Ivrea por el colombiano&nbsp;<a href=\"http:\/\/barraganstudio.com\/\" target=\"_blank\" rel=\"noreferrer noopener\">Hernando Barrag\u00e1n<\/a>, quien en ese momento inici\u00f3 su proyecto&nbsp;<a href=\"http:\/\/wiring.org.co\/about.html\" target=\"_blank\" rel=\"noreferrer noopener\">Wiring<\/a>&nbsp;en el que luego se bas\u00f3 el proyecto Arduino conducido por un grupo constituido por&nbsp;&nbsp;<a href=\"http:\/\/www.potemkin.org\/\">Massimo Banzi<\/a>,&nbsp;<a href=\"http:\/\/www.0j0.org\/wiki\/index.php\/DojoDave\">David Cuartielles<\/a>,&nbsp;<a href=\"http:\/\/itp.nyu.edu\/~tqi6023\/\">Tom Igoe<\/a>,&nbsp;<a href=\"http:\/\/www.smartprojects.it\/\">Gianluca Martino<\/a>, and&nbsp;<a href=\"http:\/\/dam.mellis.org\/\">David Mellis<\/a>. Tambi\u00e9n hubo directa influencia del proyecto&nbsp;<a href=\"http:\/\/processing.org\/\" target=\"_blank\" rel=\"noreferrer noopener\">Processing<\/a>&nbsp;iniciado por&nbsp;<a href=\"http:\/\/reas.com\/\" target=\"_blank\" rel=\"noreferrer noopener\">Casey Reas<\/a>&nbsp;y&nbsp;<a href=\"http:\/\/benfry.com\/\" target=\"_blank\" rel=\"noreferrer noopener\">Ben Fry<\/a>https:\/\/player.vimeo.com\/video\/18390711?color=c9ff23&amp;title=0&amp;byline=0&amp;portrait=0<\/p>\n\n\n\n<p>Luego de Arduino (que es un proyecto Open Source) comenzaron a aparecer distintas placas basadas en ella como&nbsp;<a href=\"http:\/\/moderndevice.com\/product\/rbbb-kit\/\" target=\"_blank\" rel=\"noreferrer noopener\">RBBB<\/a>&nbsp;o&nbsp;<a href=\"http:\/\/www.makeymakey.com\/\" target=\"_blank\" rel=\"noreferrer noopener\">Makey Makey<\/a>&nbsp;entre otras.<\/p>\n\n\n\n<p>Otra caracter\u00edstica que vale la pena mencionar es que gracias a las caracter\u00edsticas de Arduino, es bastante f\u00e1cil aumentar sus capacidades de f\u00e1brica gracias a los&nbsp;<a href=\"http:\/\/shieldlist.org\/\" target=\"_blank\" rel=\"noreferrer noopener\">shields<\/a>&nbsp;que son placas adosables a Arduino para por ejemplo, usar de manera m\u00e1s f\u00e1cil motores, aplicaciones con sonido, acceder a internet, etc.<\/p>\n\n\n\n<p>Tambi\u00e9n cabe mencionar que hace algunos a\u00f1os se han desarrollado otras placas como&nbsp;<a href=\"http:\/\/www.raspberrypi.org\/\" target=\"_blank\" rel=\"noreferrer noopener\">Raspberry Pi<\/a>, &nbsp;<a href=\"http:\/\/beagleboard.org\/Products\/BeagleBone\" target=\"_blank\" rel=\"noreferrer noopener\">Beagle Bone<\/a>&nbsp;y m\u00e1s recientemente &nbsp;<a href=\"http:\/\/arduino.cc\/en\/ArduinoCertified\/IntelGalileo\" target=\"_blank\" rel=\"noreferrer noopener\">Arduino Galileo<\/a>&nbsp;(entre otras) que entran dentro de la categor\u00eda de peque\u00f1os computadores por lo que tienen m\u00e1s capacidad de procesamiento de datos, se les puede instalar un sistema operativo, programas y aceptan perif\u00e9ricos como monitor, teclado, mouse, etc, as\u00ed como tambi\u00e9n conexi\u00f3n a Internet sin necesidad de enchufarlos a un shield.<\/p>\n\n\n\n<p>Esta rese\u00f1a es para contextualizar brevemente en qu\u00e9 situaci\u00f3n se generan las herramientas que presentar\u00e9 las pr\u00f3ximas clases. Lo que da para pensar es el rol de estas en las posibilidades de uno generar herramientas propias, que pueden ser personalizadas seg\u00fan las propias necesidades y concepto de un proyecto. Al igual que aprender programaci\u00f3n, se generan libertades que no se dan al ocupar m\u00e1quinas y softwares que no pueden ser modificados.<\/p>\n\n\n\n<p>Revisar para la pr\u00f3xima clase y comentar en su bit\u00e1cora:<br>. Peter Vogel     <a href=\"https:\/\/vimeo.com\/59829961\" target=\"_blank\" rel=\"noreferrer noopener\">https:\/\/vimeo.com\/59829961<\/a><br>. Sitio Arduino    <a href=\"https:\/\/www.arduino.cc\/\" target=\"_blank\" rel=\"noreferrer noopener\">https:\/\/www.arduino.cc\/<\/a><br>. Documental Arduino    <a href=\"https:\/\/www.youtube.com\/watch?v=mltWc9_C9gs&amp;t=1s\" target=\"_blank\" rel=\"noreferrer noopener\">Arduino el Documental (youtube.com)<\/a><\/p>\n","protected":false},"excerpt":{"rendered":"<p>Objetivos de la clase:El curso est\u00e1 organizado para nivelar a los estudiantes con los conceptos y destrezas b\u00e1sicas para la inclusi\u00f3n de recursos electr\u00f3nicos y digitales (microcontrolador) en proyectos creativos. Metodolog\u00eda:Las sesiones son mayormente de car\u00e1cter pr\u00e1ctico a partir de la exploraci\u00f3n, a trav\u00e9s de ejercicios guiados, de herramientas y componentes electr\u00f3nicos, as\u00ed como tambi\u00e9n [&hellip;]<\/p>\n","protected":false},"author":1,"featured_media":0,"parent":0,"menu_order":0,"comment_status":"closed","ping_status":"closed","template":"","meta":{"_acf_changed":false,"footnotes":""},"class_list":["post-3049","page","type-page","status-publish","hentry"],"acf":[],"_links":{"self":[{"href":"https:\/\/clases.etab.cl\/index.php?rest_route=\/wp\/v2\/pages\/3049","targetHints":{"allow":["GET"]}}],"collection":[{"href":"https:\/\/clases.etab.cl\/index.php?rest_route=\/wp\/v2\/pages"}],"about":[{"href":"https:\/\/clases.etab.cl\/index.php?rest_route=\/wp\/v2\/types\/page"}],"author":[{"embeddable":true,"href":"https:\/\/clases.etab.cl\/index.php?rest_route=\/wp\/v2\/users\/1"}],"replies":[{"embeddable":true,"href":"https:\/\/clases.etab.cl\/index.php?rest_route=%2Fwp%2Fv2%2Fcomments&post=3049"}],"version-history":[{"count":4,"href":"https:\/\/clases.etab.cl\/index.php?rest_route=\/wp\/v2\/pages\/3049\/revisions"}],"predecessor-version":[{"id":3057,"href":"https:\/\/clases.etab.cl\/index.php?rest_route=\/wp\/v2\/pages\/3049\/revisions\/3057"}],"wp:attachment":[{"href":"https:\/\/clases.etab.cl\/index.php?rest_route=%2Fwp%2Fv2%2Fmedia&parent=3049"}],"curies":[{"name":"wp","href":"https:\/\/api.w.org\/{rel}","templated":true}]}}