{"id":372,"date":"2013-10-11T20:07:14","date_gmt":"2013-10-11T20:07:14","guid":{"rendered":"http:\/\/etab.cl\/clases\/uchile\/obj-tec\/?page_id=372"},"modified":"2013-10-14T22:48:35","modified_gmt":"2013-10-14T22:48:35","slug":"c6-2","status":"publish","type":"page","link":"https:\/\/clases.etab.cl\/?page_id=372","title":{"rendered":"C6"},"content":{"rendered":"<p><strong>Integraci\u00f3n con c\u00e1maras &#8211; Computer Vision<\/strong><\/p>\n<p><strong>Historia<\/strong><br \/>\nDocumento <a href=\"http:\/\/www.etab.cl\/clases\/uchile\/obj-tec\/pdfs\/Clase6-ArteYcomputer-Vision.pdf\" target=\"_blank\">pdf<\/a> mostrado en clases.<br \/>\nOtros:<br \/>\n<a href=\"http:\/\/dada.compart-bremen.de\/item\/artwork\/1346\" target=\"_blank\">Myron Krueger<\/a><br \/>\n<a href=\"http:\/\/www.marianosardon.com.ar\/morfologias\/morfologias_esp.htm\" target=\"_blank\">Mariano Sard\u00f3n<\/a><\/p>\n<p>Ejemplos del libro Processing: A Programming Handbook for Visual Designers and Artsists.<br \/>\nEjemplo 1: Cuantifica la cantidad de movimiento en un fotograma de video usando diferenciaci\u00f3n de fotogramas.<br \/>\n<script src=\"https:\/\/gist.github.com\/anonymous\/927a6800d3f7464ce4e0.js\"><\/script><\/p>\n<p>Ejemplo 2: Detecta la presencia de algo o alguien frente a la c\u00e1mara por medio de la comparaci\u00f3n de cada fotograma de video con uno que se guarda previamente. El cambio es visualizado y calculado como un n\u00famero.<br \/>\n<script src=\"https:\/\/gist.github.com\/anonymous\/0f63ec3efe5c75016fec.js\"><\/script><\/p>\n<p>Ejemplo 3: Distingue la silueta de personas u objetos en cada fotograma de video por medio de la comparaci\u00f3n de cada pixel con un valor de umbral. El c\u00edrculo se vuelve blanco cuando se ubica dentro de la silueta.<br \/>\n<script src=\"https:\/\/gist.github.com\/anonymous\/7e0b08a5c5c93027424d.js\"><\/script><\/p>\n<p>Ejemplo 4: Hace un seguimiento (tracking) del objeto m\u00e1s brillante en cada fotograma de video por medio del c\u00e1lculo del pixel m\u00e1s brillante. Un c\u00edrculo trasl\u00facido seguir\u00e1 el punto m\u00e1s brillante.<br \/>\n<script src=\"https:\/\/gist.github.com\/anonymous\/7f370e9916a1067a2639.js\"><\/script><\/p>\n","protected":false},"excerpt":{"rendered":"<p>Integraci\u00f3n con c\u00e1maras &#8211; Computer Vision Historia Documento pdf mostrado en clases. Otros: Myron Krueger Mariano Sard\u00f3n Ejemplos del libro Processing: A Programming Handbook for Visual Designers and Artsists. Ejemplo 1: Cuantifica la cantidad de movimiento en un fotograma de video usando diferenciaci\u00f3n de fotogramas. Ejemplo 2: Detecta la presencia de algo o alguien frente [&hellip;]<\/p>\n","protected":false},"author":1,"featured_media":0,"parent":65,"menu_order":0,"comment_status":"closed","ping_status":"open","template":"","meta":{"_acf_changed":false,"footnotes":""},"class_list":["post-372","page","type-page","status-publish","hentry"],"acf":[],"_links":{"self":[{"href":"https:\/\/clases.etab.cl\/index.php?rest_route=\/wp\/v2\/pages\/372","targetHints":{"allow":["GET"]}}],"collection":[{"href":"https:\/\/clases.etab.cl\/index.php?rest_route=\/wp\/v2\/pages"}],"about":[{"href":"https:\/\/clases.etab.cl\/index.php?rest_route=\/wp\/v2\/types\/page"}],"author":[{"embeddable":true,"href":"https:\/\/clases.etab.cl\/index.php?rest_route=\/wp\/v2\/users\/1"}],"replies":[{"embeddable":true,"href":"https:\/\/clases.etab.cl\/index.php?rest_route=%2Fwp%2Fv2%2Fcomments&post=372"}],"version-history":[{"count":13,"href":"https:\/\/clases.etab.cl\/index.php?rest_route=\/wp\/v2\/pages\/372\/revisions"}],"predecessor-version":[{"id":391,"href":"https:\/\/clases.etab.cl\/index.php?rest_route=\/wp\/v2\/pages\/372\/revisions\/391"}],"up":[{"embeddable":true,"href":"https:\/\/clases.etab.cl\/index.php?rest_route=\/wp\/v2\/pages\/65"}],"wp:attachment":[{"href":"https:\/\/clases.etab.cl\/index.php?rest_route=%2Fwp%2Fv2%2Fmedia&parent=372"}],"curies":[{"name":"wp","href":"https:\/\/api.w.org\/{rel}","templated":true}]}}