{"id":41,"date":"2013-08-18T23:13:49","date_gmt":"2013-08-18T23:13:49","guid":{"rendered":"http:\/\/etab.cl\/clases\/uchile\/obj-tec\/?page_id=41"},"modified":"2013-11-07T15:13:40","modified_gmt":"2013-11-07T15:13:40","slug":"software","status":"publish","type":"page","link":"https:\/\/clases.etab.cl\/?page_id=41","title":{"rendered":"Software"},"content":{"rendered":"<p><a href=\"http:\/\/es.wikipedia.org\/wiki\/Software\" target=\"_blank\">http:\/\/es.wikipedia.org\/wiki\/Software<\/a><\/p>\n<p>Se conoce como\u00a0<i><b>software<\/b><\/i><sup id=\"cite_ref-1\"><a href=\"http:\/\/es.wikipedia.org\/wiki\/Software#cite_note-1\">1<\/a><\/sup>\u00a0<i>al equipamiento l\u00f3gico o\u00a0<a title=\"Sistema l\u00f3gico\" href=\"http:\/\/es.wikipedia.org\/wiki\/Sistema_l%C3%B3gico\">soporte l\u00f3gico<\/a><\/i>\u00a0de un\u00a0<a title=\"Sistema inform\u00e1tico\" href=\"http:\/\/es.wikipedia.org\/wiki\/Sistema_inform%C3%A1tico\">sistema inform\u00e1tico<\/a>, que comprende el conjunto de los componentes\u00a0<b>l\u00f3gicos<\/b>\u00a0necesarios que hacen posible la realizaci\u00f3n de tareas espec\u00edficas, en contraposici\u00f3n a los componentes\u00a0<b>f\u00edsicos<\/b>\u00a0que son llamados\u00a0<a title=\"Hardware\" href=\"http:\/\/es.wikipedia.org\/wiki\/Hardware\">hardware<\/a>.<\/p>\n<p>&#8211; <a href=\"http:\/\/http:\/\/www.etab.cl\/clases\/uchile\/obj-tec\/pdfs\/instrucciones-gist-en-wp.pdf\" target=\"_blank\">Tutorial paso a paso para incrustar c\u00f3digo desde Gist a WordPress.<\/a><\/p>\n<p><a href=\"https:\/\/archive.org\/details\/historicalsoftware\" target=\"_blank\">https:\/\/archive.org\/details\/historicalsoftware<\/a><\/p>\n","protected":false},"excerpt":{"rendered":"<p>http:\/\/es.wikipedia.org\/wiki\/Software Se conoce como\u00a0software1\u00a0al equipamiento l\u00f3gico o\u00a0soporte l\u00f3gico\u00a0de un\u00a0sistema inform\u00e1tico, que comprende el conjunto de los componentes\u00a0l\u00f3gicos\u00a0necesarios que hacen posible la realizaci\u00f3n de tareas espec\u00edficas, en contraposici\u00f3n a los componentes\u00a0f\u00edsicos\u00a0que son llamados\u00a0hardware. &#8211; Tutorial paso a paso para incrustar c\u00f3digo desde Gist a WordPress. https:\/\/archive.org\/details\/historicalsoftware<\/p>\n","protected":false},"author":1,"featured_media":0,"parent":0,"menu_order":0,"comment_status":"closed","ping_status":"open","template":"","meta":{"_acf_changed":false,"footnotes":""},"class_list":["post-41","page","type-page","status-publish","hentry"],"acf":[],"_links":{"self":[{"href":"https:\/\/clases.etab.cl\/index.php?rest_route=\/wp\/v2\/pages\/41","targetHints":{"allow":["GET"]}}],"collection":[{"href":"https:\/\/clases.etab.cl\/index.php?rest_route=\/wp\/v2\/pages"}],"about":[{"href":"https:\/\/clases.etab.cl\/index.php?rest_route=\/wp\/v2\/types\/page"}],"author":[{"embeddable":true,"href":"https:\/\/clases.etab.cl\/index.php?rest_route=\/wp\/v2\/users\/1"}],"replies":[{"embeddable":true,"href":"https:\/\/clases.etab.cl\/index.php?rest_route=%2Fwp%2Fv2%2Fcomments&post=41"}],"version-history":[{"count":5,"href":"https:\/\/clases.etab.cl\/index.php?rest_route=\/wp\/v2\/pages\/41\/revisions"}],"predecessor-version":[{"id":514,"href":"https:\/\/clases.etab.cl\/index.php?rest_route=\/wp\/v2\/pages\/41\/revisions\/514"}],"wp:attachment":[{"href":"https:\/\/clases.etab.cl\/index.php?rest_route=%2Fwp%2Fv2%2Fmedia&parent=41"}],"curies":[{"name":"wp","href":"https:\/\/api.w.org\/{rel}","templated":true}]}}