{"id":524,"date":"2013-11-18T02:55:10","date_gmt":"2013-11-18T02:55:10","guid":{"rendered":"http:\/\/etab.cl\/clases\/uchile\/obj-tec\/?page_id=524"},"modified":"2013-11-20T03:10:58","modified_gmt":"2013-11-20T03:10:58","slug":"comunicacion-serial-con-arduino","status":"publish","type":"page","link":"https:\/\/clases.etab.cl\/?page_id=524","title":{"rendered":"Comunicaci\u00f3n serial con Arduino"},"content":{"rendered":"<p><strong>C\u00f3digo b\u00e1sico (en Arduino) para comunicaci\u00f3n serial:<\/strong><br \/>\n<script type=\"text\/javascript\" src=\"https:\/\/gist.github.com\/anonymous\/8c0323ddaaa99a5bfcc9.js\"><\/script><strong><\/strong><\/p>\n<p><strong>Control de un video en Processing con un potenci\u00f3metro en Arduino<\/strong><script src=\"https:\/\/gist.github.com\/anonymous\/1acf21e7b5f7519dcb65.js\"><\/script><\/p>\n","protected":false},"excerpt":{"rendered":"<p>C\u00f3digo b\u00e1sico (en Arduino) para comunicaci\u00f3n serial: Control de un video en Processing con un potenci\u00f3metro en Arduino<\/p>\n","protected":false},"author":1,"featured_media":0,"parent":39,"menu_order":0,"comment_status":"closed","ping_status":"open","template":"","meta":{"_acf_changed":false,"footnotes":""},"class_list":["post-524","page","type-page","status-publish","hentry"],"acf":[],"_links":{"self":[{"href":"https:\/\/clases.etab.cl\/index.php?rest_route=\/wp\/v2\/pages\/524","targetHints":{"allow":["GET"]}}],"collection":[{"href":"https:\/\/clases.etab.cl\/index.php?rest_route=\/wp\/v2\/pages"}],"about":[{"href":"https:\/\/clases.etab.cl\/index.php?rest_route=\/wp\/v2\/types\/page"}],"author":[{"embeddable":true,"href":"https:\/\/clases.etab.cl\/index.php?rest_route=\/wp\/v2\/users\/1"}],"replies":[{"embeddable":true,"href":"https:\/\/clases.etab.cl\/index.php?rest_route=%2Fwp%2Fv2%2Fcomments&post=524"}],"version-history":[{"count":4,"href":"https:\/\/clases.etab.cl\/index.php?rest_route=\/wp\/v2\/pages\/524\/revisions"}],"predecessor-version":[{"id":532,"href":"https:\/\/clases.etab.cl\/index.php?rest_route=\/wp\/v2\/pages\/524\/revisions\/532"}],"up":[{"embeddable":true,"href":"https:\/\/clases.etab.cl\/index.php?rest_route=\/wp\/v2\/pages\/39"}],"wp:attachment":[{"href":"https:\/\/clases.etab.cl\/index.php?rest_route=%2Fwp%2Fv2%2Fmedia&parent=524"}],"curies":[{"name":"wp","href":"https:\/\/api.w.org\/{rel}","templated":true}]}}