{"id":653,"date":"2014-03-24T01:40:41","date_gmt":"2014-03-24T01:40:41","guid":{"rendered":"http:\/\/etab.cl\/clases\/uchile\/obj-tec\/?page_id=653"},"modified":"2015-07-08T22:45:51","modified_gmt":"2015-07-08T22:45:51","slug":"taller-central-fotografia-iii","status":"publish","type":"page","link":"https:\/\/clases.etab.cl\/?page_id=653","title":{"rendered":"Taller central fotograf\u00eda III"},"content":{"rendered":"<p>Taller semestral para alumnos del tercer a\u00f1o de fotograf\u00eda de la Licenciatura en Artes Visuales de la Universidad de Chile.<br \/>\nClase dictada en conjunto con Felipe Fierro.<\/p>\n<p><a href=\"http:\/\/etab.cl\/clases\/uchile\/obj-tec\/?page_id=659\" target=\"_blank\"><span style=\"text-decoration: underline;\">Programa<\/span> <\/a><br \/>\n<a href=\"http:\/\/etab.cl\/clases\/uchile\/obj-tec\/?page_id=657\" target=\"_blank\">Organizaci\u00f3n sesiones<\/a><\/p>\n","protected":false},"excerpt":{"rendered":"<p>Taller semestral para alumnos del tercer a\u00f1o de fotograf\u00eda de la Licenciatura en Artes Visuales de la Universidad de Chile. Clase dictada en conjunto con Felipe Fierro. Programa Organizaci\u00f3n sesiones<\/p>\n","protected":false},"author":1,"featured_media":0,"parent":622,"menu_order":0,"comment_status":"closed","ping_status":"open","template":"","meta":{"_acf_changed":false,"footnotes":""},"class_list":["post-653","page","type-page","status-publish","hentry"],"acf":[],"_links":{"self":[{"href":"https:\/\/clases.etab.cl\/index.php?rest_route=\/wp\/v2\/pages\/653","targetHints":{"allow":["GET"]}}],"collection":[{"href":"https:\/\/clases.etab.cl\/index.php?rest_route=\/wp\/v2\/pages"}],"about":[{"href":"https:\/\/clases.etab.cl\/index.php?rest_route=\/wp\/v2\/types\/page"}],"author":[{"embeddable":true,"href":"https:\/\/clases.etab.cl\/index.php?rest_route=\/wp\/v2\/users\/1"}],"replies":[{"embeddable":true,"href":"https:\/\/clases.etab.cl\/index.php?rest_route=%2Fwp%2Fv2%2Fcomments&post=653"}],"version-history":[{"count":8,"href":"https:\/\/clases.etab.cl\/index.php?rest_route=\/wp\/v2\/pages\/653\/revisions"}],"predecessor-version":[{"id":1356,"href":"https:\/\/clases.etab.cl\/index.php?rest_route=\/wp\/v2\/pages\/653\/revisions\/1356"}],"up":[{"embeddable":true,"href":"https:\/\/clases.etab.cl\/index.php?rest_route=\/wp\/v2\/pages\/622"}],"wp:attachment":[{"href":"https:\/\/clases.etab.cl\/index.php?rest_route=%2Fwp%2Fv2%2Fmedia&parent=653"}],"curies":[{"name":"wp","href":"https:\/\/api.w.org\/{rel}","templated":true}]}}