{"id":657,"date":"2014-03-24T01:42:58","date_gmt":"2014-03-24T01:42:58","guid":{"rendered":"http:\/\/etab.cl\/clases\/uchile\/obj-tec\/?page_id=657"},"modified":"2015-07-08T22:44:54","modified_gmt":"2015-07-08T22:44:54","slug":"sesiones","status":"publish","type":"page","link":"https:\/\/clases.etab.cl\/?page_id=657","title":{"rendered":"Organizaci\u00f3n sesiones"},"content":{"rendered":"<p><strong>Sesi\u00f3n introductoria<\/strong><br \/>\n<a href=\"http:\/\/etab.cl\/clases\/uchile\/obj-tec\/wp-content\/uploads\/2014\/03\/Sesi\u00f3n1-taller-foto-sem1-2014.key.pdf\">Sesi\u00f3n1-taller-foto-sem1-2014.key<\/a><\/p>\n<p>La clase de taller central de los mi\u00e9rcoles del \u00e1rea de fotograf\u00eda se centrar\u00e1 en plantear un proyecto durante todo el semestre para construir un cuerpo de trabajo s\u00f3lido.<\/p>\n<p><strong>Metodolog\u00eda<\/strong><br \/>\n&#8212; Clase mayoritariamente de producci\u00f3n<br \/>\n&#8212; M\u00f3dulos propuestos por alumnos y profesores para profundizaci\u00f3n de conocimientos y t\u00e9cnicas espec\u00edficas.<br \/>\n&#8212; Artistas invitados para comentar acerca de sus procesos de trabajo.<\/p>\n<p><strong>Palabras clave<\/strong><br \/>\n&#8212; Desplazamientos<br \/>\n&#8212; Reflexi\u00f3n<br \/>\n&#8212; Observaci\u00f3n<br \/>\n&#8212; Proceso<br \/>\n&#8212; Obsesi\u00f3n<br \/>\n&#8212; Integraci\u00f3n<br \/>\n&#8212; Producci\u00f3n<\/p>\n<p><strong>Asistencia<\/strong><br \/>\n80% m\u00ednimo<\/p>\n<p><strong>Configuraci\u00f3n sesiones<\/strong><br \/>\n&#8212; 10:00 &#8211; 11:00 Horario de consulta<br \/>\n&#8212; A partir de las 11:00 Comienza la clase con presentaciones, conversaciones, discusiones, invitados, m\u00f3dulos, etc.<\/p>\n<p><strong>M\u00f3dulos<\/strong><br \/>\n\u00bfQu\u00e9 m\u00f3dulo te interesar\u00eda tener en clases?<br \/>\n\u00bfQu\u00e9 m\u00f3dulo te interesar\u00eda entregarnos?<\/p>\n<p><strong>Intereses<\/strong><br \/>\nPasar\u00e1n por distintas etapas para el levantamiento de este proyecto y el primer encargo ser\u00e1 la manifestaci\u00f3n de intereses.<\/p>\n<p>Durante la clase, tendr\u00e1n tiempo para responder de manera r\u00e1pida algunas preguntas que apuntar\u00e1n a descubrir esos intereses:<br \/>\n&#8211; Menciona 3 tem\u00e1ticas que podr\u00edan interesarte. Pueden ser de cualquier \u00e1mbito. Lo importante es no pensarlas desde la proyecci\u00f3n formal o reflexiva que se le pueda dar a ese inter\u00e9s dentro del contexto acad\u00e9mico, sino que sean intereses honestos, sin mayores pretensiones.<\/p>\n<p>&#8211; \u00bfPor qu\u00e9 te interesa cada una de ellas?<\/p>\n<p>&#8211; \u00bfQu\u00e9 acercamiento tienes a ese inter\u00e9s?<\/p>\n<p>&#8211; \u00bfCu\u00e1l es el valor que le das a ese inter\u00e9s?<\/p>\n<p>&#8211; \u00bfHas detectado a alg\u00fan artista o creador que tenga ese mismo inter\u00e9s? \u00bfqui\u00e9n?<\/p>\n","protected":false},"excerpt":{"rendered":"<p>Sesi\u00f3n introductoria Sesi\u00f3n1-taller-foto-sem1-2014.key La clase de taller central de los mi\u00e9rcoles del \u00e1rea de fotograf\u00eda se centrar\u00e1 en plantear un proyecto durante todo el semestre para construir un cuerpo de trabajo s\u00f3lido. Metodolog\u00eda &#8212; Clase mayoritariamente de producci\u00f3n &#8212; M\u00f3dulos propuestos por alumnos y profesores para profundizaci\u00f3n de conocimientos y t\u00e9cnicas espec\u00edficas. &#8212; Artistas invitados [&hellip;]<\/p>\n","protected":false},"author":1,"featured_media":0,"parent":653,"menu_order":0,"comment_status":"closed","ping_status":"open","template":"","meta":{"_acf_changed":false,"footnotes":""},"class_list":["post-657","page","type-page","status-publish","hentry"],"acf":[],"_links":{"self":[{"href":"https:\/\/clases.etab.cl\/index.php?rest_route=\/wp\/v2\/pages\/657","targetHints":{"allow":["GET"]}}],"collection":[{"href":"https:\/\/clases.etab.cl\/index.php?rest_route=\/wp\/v2\/pages"}],"about":[{"href":"https:\/\/clases.etab.cl\/index.php?rest_route=\/wp\/v2\/types\/page"}],"author":[{"embeddable":true,"href":"https:\/\/clases.etab.cl\/index.php?rest_route=\/wp\/v2\/users\/1"}],"replies":[{"embeddable":true,"href":"https:\/\/clases.etab.cl\/index.php?rest_route=%2Fwp%2Fv2%2Fcomments&post=657"}],"version-history":[{"count":4,"href":"https:\/\/clases.etab.cl\/index.php?rest_route=\/wp\/v2\/pages\/657\/revisions"}],"predecessor-version":[{"id":1353,"href":"https:\/\/clases.etab.cl\/index.php?rest_route=\/wp\/v2\/pages\/657\/revisions\/1353"}],"up":[{"embeddable":true,"href":"https:\/\/clases.etab.cl\/index.php?rest_route=\/wp\/v2\/pages\/653"}],"wp:attachment":[{"href":"https:\/\/clases.etab.cl\/index.php?rest_route=%2Fwp%2Fv2%2Fmedia&parent=657"}],"curies":[{"name":"wp","href":"https:\/\/api.w.org\/{rel}","templated":true}]}}