{"id":659,"date":"2014-03-24T01:52:29","date_gmt":"2014-03-24T01:52:29","guid":{"rendered":"http:\/\/etab.cl\/clases\/uchile\/obj-tec\/?page_id=659"},"modified":"2014-03-24T14:41:57","modified_gmt":"2014-03-24T14:41:57","slug":"programa","status":"publish","type":"page","link":"https:\/\/clases.etab.cl\/?page_id=659","title":{"rendered":"Programa"},"content":{"rendered":"<p><strong>Objetivos del curso<\/strong><br \/>\nQue el alumno sea capaz de levantar un proyecto tomando en cuenta aspectos como planificaci\u00f3n, ejecuci\u00f3n, reflexi\u00f3n, montaje y documentaci\u00f3n.<\/p>\n<p>Que alumno sea capaz de profundizar la reflexi\u00f3n acerca de su proyecto logrando un mirada ampliada en cuanto a los niveles de lectura, las posibilidades de desplazamiento y emplazamiento en un espacio dado.<\/p>\n<p>Que el alumno ejercite la presentaci\u00f3n de su proyecto a una audiencia determinada.<\/p>\n<p>Que el alumno adquiera o perfeccione el manejo de herramientas espec\u00edficas a partir de seminarios modulares.<\/p>\n<p>Que el alumno tome en cuenta el poner atenci\u00f3n a cada parte del proceso de trabajo para el levantamiento de obra.<\/p>\n<p>Que el alumno tenga nociones b\u00e1sicas del manejo de un programa de edici\u00f3n gr\u00e1fica para el dise\u00f1o de cat\u00e1logo y papeler\u00eda en general.<\/p>\n<p><strong>Introducci\u00f3n<\/strong><br \/>\nDurante este primer semestre, el Taller Central se concentrar\u00e1 en llevar un proyecto personal en donde cada alumno tomar\u00e1 en cuenta aspectos desde la concepci\u00f3n de un tema de inter\u00e9s, pasando por una investigaci\u00f3n pertinente, materializaci\u00f3n, hasta aspectos como documentaci\u00f3n y difusi\u00f3n.<br \/>\nParalelamente, el taller ofrecer\u00e1 seminarios acotados a temas que aborden el uso de diferentes tecnolog\u00edas y de c\u00f3mo \u00e9stas se incluyen en el contexto art\u00edstico.<\/p>\n<p><strong>Evaluaci\u00f3n<\/strong><br \/>\nLa evaluaci\u00f3n se har\u00e1 a partir de notas parciales de cada entrega. \u00c9stas dar\u00e1n como resultado una nota coeficiente dos. El taller terminar\u00e1 con la evaluaci\u00f3n de un examen final. Se tomar\u00e1 en cuenta la asistencia.<\/p>\n<p><strong>Metodolog\u00eda<\/strong><br \/>\nEl curso se basar\u00e1 principalmente en el aprendizaje a partir de la experiencia en donde la din\u00e1mica de cada clase se ir\u00e1 modulando a partir de las entregas. La participaci\u00f3n activa en cada clase es vital para sacar el mayor provecho de cada sesi\u00f3n.<\/p>\n<p><strong>Horario<\/strong><br \/>\nCada Mi\u00e9rcoles<br \/>\nTiempo de consultas 10:00 a 11:00<br \/>\nInicio clases 11:00<br \/>\nCada Jueves<br \/>\nHorario de consulta durante la tarde de 14:00 a 18:00.<\/p>\n<p><strong>Programa<\/strong><br \/>\nClase 1 &#8211; 26 de Marzo 2014<br \/>\nPresentaci\u00f3n del curso<br \/>\nIntroducci\u00f3n a primer encargo. Instrucciones<br \/>\nAspectos que mencionar: costos del curso, tem\u00e1tica, metodolog\u00eda, asistencia.<br \/>\nEntregas clase a clase<br \/>\nSeminarios: Los seminarios se constituir\u00e1n de m\u00f3dulos de aprendizaje que el alumno puede o no aplicar en su proyecto. Estos seminarios ser\u00e1n propuestos tanto por los profesores como por los alumnos. Pueden ser seminarios tipo taller, charla o con alg\u00fan invitado especialista. Cualquier integrante del curso puede proponer un m\u00f3dulo ac\u00e1: <a href=\"https:\/\/docs.google.com\/document\/d\/11EgYLI3OSOCR-pvUGtoiGL-h_RNe04FsHIiG0sqzKEg\/edit?usp=sharing\" target=\"_blank\">https:\/\/docs.google.com\/document\/d\/11EgYLI3OSOCR-pvUGtoiGL-h_RNe04FsHIiG0sqzKEg\/edit?usp=sharing<\/a><\/p>\n<p>Clase 2 &#8211; 02 de Abril 2014<br \/>\nInter\u00e9s, inclinaci\u00f3n que inicia el proyecto. Pueden presentar m\u00e1s de uno.<\/p>\n<p>Clase 3 &#8211; 09 de Abril 2014<br \/>\nPropuesta concepto formal y conceptual del proyecto elegido.<\/p>\n<p>Clase 4 &#8211; 16 de Abril 2014<br \/>\nInvestigaci\u00f3n: cada alumno presenta su investigaci\u00f3n para posible proyecto<br \/>\nInvitado: Christian O.<\/p>\n<p>Clase 5 &#8211; 23 de Abril 2014<br \/>\nPruebas de concepto: cada alumno presenta su investigaci\u00f3n para posible proyecto<\/p>\n<p>Clase 6 &#8211; 30 de Abril 2014<br \/>\nEstrategia, protocolo: cada alumno presenta estrategias y protocolos de su proyecto<\/p>\n<p>Clase 7 &#8211; 07 de Mayo 2014<br \/>\nReflexi\u00f3n te\u00f3rica del propio proyecto<br \/>\nInvitado: Camila Estrella<\/p>\n<p>Clase 8 &#8211; 14 de Mayo 2014<br \/>\nReflexi\u00f3n te\u00f3rica de terceros del proyecto<\/p>\n<p>Clase 9 &#8211; 21 de Mayo 2014<br \/>\nFeriado<\/p>\n<p>Clase 10 &#8211; 28 de Mayo 2014<br \/>\nMontaje y Documentaci\u00f3n<\/p>\n<p>Clase 11 &#8211; 04 de Junio 2014<br \/>\nSalida de documentaci\u00f3n a web<br \/>\nInvitado:<\/p>\n<p>Clase 12 &#8211; 11 de Junio 2014<br \/>\nSalida de documentaci\u00f3n a impresos<\/p>\n<p>Clase 13 &#8211; 18 de Junio 2014<br \/>\nEntrega Impreso<\/p>\n<p>Clase 14 &#8211; 25 de Junio 2014<br \/>\nPresentaci\u00f3n proyecto de examen<\/p>\n<p>Clase 15 &#8211; 02 de Julio 2014<br \/>\n&#8211; Consulta y resoluci\u00f3n proyecto de examen<\/p>\n<p>Clase 16 &#8211; 09 de Julio 2014<br \/>\n&#8211; Examen<\/p>\n<p>&#8212; Conseguir sala para exposici\u00f3n &#8212;<\/p>\n","protected":false},"excerpt":{"rendered":"<p>Objetivos del curso Que el alumno sea capaz de levantar un proyecto tomando en cuenta aspectos como planificaci\u00f3n, ejecuci\u00f3n, reflexi\u00f3n, montaje y documentaci\u00f3n. Que alumno sea capaz de profundizar la reflexi\u00f3n acerca de su proyecto logrando un mirada ampliada en cuanto a los niveles de lectura, las posibilidades de desplazamiento y emplazamiento en un espacio [&hellip;]<\/p>\n","protected":false},"author":1,"featured_media":0,"parent":653,"menu_order":0,"comment_status":"closed","ping_status":"open","template":"","meta":{"_acf_changed":false,"footnotes":""},"class_list":["post-659","page","type-page","status-publish","hentry"],"acf":[],"_links":{"self":[{"href":"https:\/\/clases.etab.cl\/index.php?rest_route=\/wp\/v2\/pages\/659","targetHints":{"allow":["GET"]}}],"collection":[{"href":"https:\/\/clases.etab.cl\/index.php?rest_route=\/wp\/v2\/pages"}],"about":[{"href":"https:\/\/clases.etab.cl\/index.php?rest_route=\/wp\/v2\/types\/page"}],"author":[{"embeddable":true,"href":"https:\/\/clases.etab.cl\/index.php?rest_route=\/wp\/v2\/users\/1"}],"replies":[{"embeddable":true,"href":"https:\/\/clases.etab.cl\/index.php?rest_route=%2Fwp%2Fv2%2Fcomments&post=659"}],"version-history":[{"count":7,"href":"https:\/\/clases.etab.cl\/index.php?rest_route=\/wp\/v2\/pages\/659\/revisions"}],"predecessor-version":[{"id":673,"href":"https:\/\/clases.etab.cl\/index.php?rest_route=\/wp\/v2\/pages\/659\/revisions\/673"}],"up":[{"embeddable":true,"href":"https:\/\/clases.etab.cl\/index.php?rest_route=\/wp\/v2\/pages\/653"}],"wp:attachment":[{"href":"https:\/\/clases.etab.cl\/index.php?rest_route=%2Fwp%2Fv2%2Fmedia&parent=659"}],"curies":[{"name":"wp","href":"https:\/\/api.w.org\/{rel}","templated":true}]}}