{"id":698,"date":"2014-05-29T03:00:59","date_gmt":"2014-05-29T03:00:59","guid":{"rendered":"http:\/\/etab.cl\/clases\/uchile\/obj-tec\/?page_id=698"},"modified":"2014-08-13T12:40:44","modified_gmt":"2014-08-13T12:40:44","slug":"c1","status":"publish","type":"page","link":"https:\/\/clases.etab.cl\/?page_id=698","title":{"rendered":"C1"},"content":{"rendered":"<p><strong>Audacity<\/strong><br \/>\n<a href=\"http:\/\/audacity.sourceforge.net\/download\/\" target=\"_blank\">http:\/\/audacity.sourceforge.net\/download\/<\/a><br \/>\n<a href=\"http:\/\/www.jesusda.com\/docs\/ebooks\/ebook_tutorial-edicion-de-sonido-con-audacity.pdf\" target=\"_blank\">http:\/\/www.jesusda.com\/docs\/ebooks\/ebook_tutorial-edicion-de-sonido-con-audacity.pdf<\/a><br \/>\n**OJO**<br \/>\nEn las versiones m\u00e1s nuevas de Audacity, hay que asegurarse que el bot\u00f3n en donde aparece un cron\u00f3metro est\u00e9 desactivado si se quieren editar las pistas de audio de manera independiente.<br \/>\n<a href=\"http:\/\/etab.cl\/clases\/uchile\/obj-tec\/wp-content\/uploads\/2014\/05\/Screen-Shot-2014-05-27-at-9.44.30-PM1.png\"><img loading=\"lazy\" decoding=\"async\" class=\" wp-image-718 alignleft\" alt=\"Screen Shot 2014-05-27 at 9.44.30 PM\" src=\"http:\/\/etab.cl\/clases\/uchile\/obj-tec\/wp-content\/uploads\/2014\/05\/Screen-Shot-2014-05-27-at-9.44.30-PM1-1024x108.png\" width=\"625\" height=\"65\" srcset=\"https:\/\/clases.etab.cl\/wp-content\/uploads\/2014\/05\/Screen-Shot-2014-05-27-at-9.44.30-PM1-1024x108.png 1024w, https:\/\/clases.etab.cl\/wp-content\/uploads\/2014\/05\/Screen-Shot-2014-05-27-at-9.44.30-PM1-300x31.png 300w, https:\/\/clases.etab.cl\/wp-content\/uploads\/2014\/05\/Screen-Shot-2014-05-27-at-9.44.30-PM1-624x66.png 624w, https:\/\/clases.etab.cl\/wp-content\/uploads\/2014\/05\/Screen-Shot-2014-05-27-at-9.44.30-PM1.png 1040w\" sizes=\"auto, (max-width: 625px) 100vw, 625px\" \/><\/a><\/p>\n<p>&nbsp;<\/p>\n<p>&nbsp;<\/p>\n<p>&nbsp;<\/p>\n<p><strong>Construcci\u00f3n de micr\u00f3fono piezoel\u00e9ctrico<\/strong><br \/>\nMateriales: 1x Piezo, 1x minijack o jack \/ mono, cable para micr\u00f3fono mono.<br \/>\n***Se conecta el lado negativo del piezo (la parte met\u00e1lica) con el lado negativo del jack y el lado positivo del piezo (c\u00edrculo blanco) con el lado positivo del jack.<br \/>\n<img loading=\"lazy\" decoding=\"async\" class=\"alignnone\" alt=\"\" src=\"http:\/\/etab.cl\/clases\/uchile\/obj-son\/wp-content\/uploads\/2013\/09\/Screen-Shot-2013-09-19-at-12.29.55-AM.png\" width=\"712\" height=\"271\" \/><\/p>\n<p>&nbsp;<\/p>\n<p><strong>Ifunbox: App para tener acceso a archivos de Iphone<\/strong><br \/>\n<a href=\"http:\/\/www.i-funbox.com\/\" target=\"_blank\">http:\/\/www.i-funbox.com\/<\/a><\/p>\n<p>&nbsp;<\/p>\n<p><strong>Videos y material visto en clases<\/strong><br \/>\n<iframe loading=\"lazy\" src=\"\/\/www.youtube.com\/embed\/PeTriGTENoc?list=PLefIU1gavt27ZX5Klx3zUVuXRrqpDpo7u\" height=\"315\" width=\"560\" allowfullscreen=\"\" frameborder=\"0\"><\/iframe><\/p>\n<p><strong>Cymatics<\/strong><br \/>\n<iframe loading=\"lazy\" src=\"\/\/www.youtube.com\/embed\/s9GBf8y0lY0\" height=\"315\" width=\"420\" allowfullscreen=\"\" frameborder=\"0\"><\/iframe><\/p>\n<p><iframe loading=\"lazy\" src=\"http:\/\/embed.ted.com\/talks\/evan_grant_cymatics.html\" height=\"360\" width=\"640\" allowfullscreen=\"\" frameborder=\"0\" scrolling=\"no\"><\/iframe><\/p>\n<p><strong>Futuristas &#8211; Luigi Russolo &#8211; Intona Rumori<\/strong><br \/>\n<iframe loading=\"lazy\" src=\"\/\/www.youtube.com\/embed\/VHLmitA3o6g\" height=\"315\" width=\"420\" allowfullscreen=\"\" frameborder=\"0\"><\/iframe><\/p>\n<p><strong>Objetos sonoros de Marcel Duchamp y Robert Morris<\/strong><br \/>\n<a href=\"http:\/\/www.philamuseum.org\/collections\/permanent\/51541.html\" target=\"_blank\">http:\/\/www.philamuseum.org\/collections\/permanent\/51541.html<\/a><br \/>\n<a href=\"http:\/\/www.marahoberman.com\/films-by-robert-morris\/\" target=\"_blank\">http:\/\/www.marahoberman.com\/films-by-robert-morris\/<\/a><\/p>\n<p><strong>Nam June Paik: Random Access<\/strong><br \/>\n<a href=\"http:\/\/jameshconnolly.com\/soundcolloquium\/randomaccess.jpg\" target=\"_blank\">http:\/\/jameshconnolly.com\/soundcolloquium\/randomaccess.jpg<\/a><\/p>\n<p><strong>Sonidos del paisaje: J.M. Schafer, Max Neuhaus, Akio Suzuki<\/strong><br \/>\n<a href=\"http:\/\/www.max-neuhaus.info\/soundworks\/vectors\/walks\/LISTEN\/LISTEN.pdf\" target=\"_blank\">http:\/\/www.max-neuhaus.info\/soundworks\/vectors\/walks\/LISTEN\/LISTEN.pdf<\/a><br \/>\n<iframe loading=\"lazy\" src=\"\/\/www.youtube.com\/embed\/MB2SelVIW2s\" height=\"315\" width=\"420\" allowfullscreen=\"\" frameborder=\"0\"><\/iframe><br \/>\n<a href=\"http:\/\/www.akiosuzuki.com\/web\/profile01-en.html\" target=\"_blank\">http:\/\/www.akiosuzuki.com\/web\/profile01-en.html<\/a><\/p>\n<p>http:\/\/www.sfu.ca\/~truax\/vanscape.html<br \/>\n<iframe loading=\"lazy\" style=\"border: 0px;\" src=\"http:\/\/books.google.cl\/books?id=ltBrAwAAQBAJ&amp;lpg=PT67&amp;dq=the%20soundscape&amp;pg=PP1&amp;output=embed\" height=\"500\" width=\"500\" frameborder=\"0\" scrolling=\"no\"><\/iframe><\/p>\n<p><strong>Janet Cardiff<\/strong><br \/>\n<a href=\"http:\/\/www.metmuseum.org\/exhibitions\/listings\/2013\/janet-cardiff\" target=\"_blank\">http:\/\/www.metmuseum.org\/exhibitions\/listings\/2013\/janet-cardiff<\/a><br \/>\n<iframe loading=\"lazy\" src=\"\/\/player.vimeo.com\/video\/74720972?title=0&amp;byline=0\" height=\"281\" width=\"500\" allowfullscreen=\"\" frameborder=\"0\"><\/iframe><\/p>\n<p><a href=\"http:\/\/vimeo.com\/74720972\">Janet Cardiff. The Forty Part Motet, 2001 (sound excerpt).<\/a> from <a href=\"http:\/\/vimeo.com\/studiointernational\">studio international<\/a> on <a href=\"https:\/\/vimeo.com\">Vimeo<\/a>.<\/p>\n<p>Forest<br \/>\n<iframe loading=\"lazy\" src=\"\/\/www.youtube.com\/embed\/hGqPwaZVPBo\" height=\"315\" width=\"560\" allowfullscreen=\"\" frameborder=\"0\"><\/iframe><\/p>\n<p><strong>Audiogu\u00edas<\/strong><br \/>\n<a href=\"http:\/\/www.exponauta.cl\/audioguias\/\" target=\"_blank\">http:\/\/www.exponauta.cl\/audioguias\/<\/a><\/p>\n<p><strong>Zimoun<\/strong><br \/>\n<a href=\"http:\/\/www.zimoun.net\/2013-60.html\" target=\"_blank\">http:\/\/www.zimoun.net\/2009-25.html<\/a><br \/>\n<a href=\"http:\/\/www.zimoun.net\/2013-60.html\" target=\"_blank\">http:\/\/www.zimoun.net\/2013-60.html<\/a><\/p>\n","protected":false},"excerpt":{"rendered":"<p>Audacity http:\/\/audacity.sourceforge.net\/download\/ http:\/\/www.jesusda.com\/docs\/ebooks\/ebook_tutorial-edicion-de-sonido-con-audacity.pdf **OJO** En las versiones m\u00e1s nuevas de Audacity, hay que asegurarse que el bot\u00f3n en donde aparece un cron\u00f3metro est\u00e9 desactivado si se quieren editar las pistas de audio de manera independiente. &nbsp; &nbsp; &nbsp; Construcci\u00f3n de micr\u00f3fono piezoel\u00e9ctrico Materiales: 1x Piezo, 1x minijack o jack \/ mono, cable para micr\u00f3fono mono. [&hellip;]<\/p>\n","protected":false},"author":1,"featured_media":0,"parent":884,"menu_order":0,"comment_status":"closed","ping_status":"open","template":"","meta":{"_acf_changed":false,"footnotes":""},"class_list":["post-698","page","type-page","status-publish","hentry"],"acf":[],"_links":{"self":[{"href":"https:\/\/clases.etab.cl\/index.php?rest_route=\/wp\/v2\/pages\/698","targetHints":{"allow":["GET"]}}],"collection":[{"href":"https:\/\/clases.etab.cl\/index.php?rest_route=\/wp\/v2\/pages"}],"about":[{"href":"https:\/\/clases.etab.cl\/index.php?rest_route=\/wp\/v2\/types\/page"}],"author":[{"embeddable":true,"href":"https:\/\/clases.etab.cl\/index.php?rest_route=\/wp\/v2\/users\/1"}],"replies":[{"embeddable":true,"href":"https:\/\/clases.etab.cl\/index.php?rest_route=%2Fwp%2Fv2%2Fcomments&post=698"}],"version-history":[{"count":23,"href":"https:\/\/clases.etab.cl\/index.php?rest_route=\/wp\/v2\/pages\/698\/revisions"}],"predecessor-version":[{"id":729,"href":"https:\/\/clases.etab.cl\/index.php?rest_route=\/wp\/v2\/pages\/698\/revisions\/729"}],"up":[{"embeddable":true,"href":"https:\/\/clases.etab.cl\/index.php?rest_route=\/wp\/v2\/pages\/884"}],"wp:attachment":[{"href":"https:\/\/clases.etab.cl\/index.php?rest_route=%2Fwp%2Fv2%2Fmedia&parent=698"}],"curies":[{"name":"wp","href":"https:\/\/api.w.org\/{rel}","templated":true}]}}