{"id":713,"date":"2014-05-29T03:53:11","date_gmt":"2014-05-29T03:53:11","guid":{"rendered":"http:\/\/etab.cl\/clases\/uchile\/obj-tec\/?page_id=713"},"modified":"2014-08-13T12:41:04","modified_gmt":"2014-08-13T12:41:04","slug":"c2","status":"publish","type":"page","link":"https:\/\/clases.etab.cl\/?page_id=713","title":{"rendered":"C2"},"content":{"rendered":"<p><strong>Acerca del sonido sintetizado<\/strong><br \/>\n<a href=\"http:\/\/help.apple.com\/logicpro\/mac\/9.1.6\/es\/logicpro\/instruments\/index.html#chapter=A%26section=2%26tasks=true\" target=\"_blank\">http:\/\/help.apple.com\/logicpro\/mac\/9.1.6\/es\/logicpro\/instruments\/index.html#chapter=A%26section=2%26tasks=true<\/a><\/p>\n<p><strong>Materiales necesarios para esta clase:<\/strong><br \/>\n<a href=\"https:\/\/docs.google.com\/document\/d\/1hfWgaUGEjnYudJDnTcXe6l8LHjrnHwHZlABPRHtMajw\/edit?usp=sharing\" target=\"_blank\">https:\/\/docs.google.com\/document\/d\/1hfWgaUGEjnYudJDnTcXe6l8LHjrnHwHZlABPRHtMajw\/edit?usp=sharing<\/a><\/p>\n<p><strong>Circuito:<\/strong><br \/>\n<a href=\"http:\/\/etab.cl\/clases\/uchile\/obj-tec\/wp-content\/uploads\/2014\/05\/Screen-Shot-2014-05-09-at-8.49.46-AM.png\"><img loading=\"lazy\" decoding=\"async\" class=\"aligncenter size-full wp-image-732\" alt=\"Screen Shot 2014-05-09 at 8.49.46 AM\" src=\"http:\/\/etab.cl\/clases\/uchile\/obj-tec\/wp-content\/uploads\/2014\/05\/Screen-Shot-2014-05-09-at-8.49.46-AM.png\" width=\"674\" height=\"240\" srcset=\"https:\/\/clases.etab.cl\/wp-content\/uploads\/2014\/05\/Screen-Shot-2014-05-09-at-8.49.46-AM.png 674w, https:\/\/clases.etab.cl\/wp-content\/uploads\/2014\/05\/Screen-Shot-2014-05-09-at-8.49.46-AM-300x106.png 300w, https:\/\/clases.etab.cl\/wp-content\/uploads\/2014\/05\/Screen-Shot-2014-05-09-at-8.49.46-AM-624x222.png 624w\" sizes=\"auto, (max-width: 674px) 100vw, 674px\" \/><\/a><\/p>\n<p><strong>Simbolog\u00eda:<\/strong><br \/>\n<a href=\"http:\/\/etab.cl\/clases\/uchile\/obj-tec\/wp-content\/uploads\/2014\/05\/simbologia-componentes.pdf\">simbologia-componentes<\/a><\/p>\n<p style=\"text-align: center;\"><strong>Protoboard<\/strong><br \/>\n<a href=\"http:\/\/etab.cl\/clases\/uchile\/obj-tec\/wp-content\/uploads\/2014\/05\/Screen-Shot-2014-06-02-at-11.12.58-PM.png\"><img loading=\"lazy\" decoding=\"async\" class=\"wp-image-735 aligncenter\" alt=\"Screen Shot 2014-06-02 at 11.12.58 PM\" src=\"http:\/\/etab.cl\/clases\/uchile\/obj-tec\/wp-content\/uploads\/2014\/05\/Screen-Shot-2014-06-02-at-11.12.58-PM-300x268.png\" width=\"300\" height=\"268\" srcset=\"https:\/\/clases.etab.cl\/wp-content\/uploads\/2014\/05\/Screen-Shot-2014-06-02-at-11.12.58-PM-300x268.png 300w, https:\/\/clases.etab.cl\/wp-content\/uploads\/2014\/05\/Screen-Shot-2014-06-02-at-11.12.58-PM.png 493w\" sizes=\"auto, (max-width: 300px) 100vw, 300px\" \/><\/a><\/p>\n<p>&nbsp;<\/p>\n<p style=\"text-align: center;\"><a href=\"http:\/\/etab.cl\/clases\/uchile\/obj-tec\/wp-content\/uploads\/2014\/05\/Screen-Shot-2014-06-02-at-11.13.10-PM.png\"><img loading=\"lazy\" decoding=\"async\" class=\"size-medium wp-image-736 aligncenter\" alt=\"Screen Shot 2014-06-02 at 11.13.10 PM\" src=\"http:\/\/etab.cl\/clases\/uchile\/obj-tec\/wp-content\/uploads\/2014\/05\/Screen-Shot-2014-06-02-at-11.13.10-PM-300x180.png\" width=\"300\" height=\"180\" srcset=\"https:\/\/clases.etab.cl\/wp-content\/uploads\/2014\/05\/Screen-Shot-2014-06-02-at-11.13.10-PM-300x180.png 300w, https:\/\/clases.etab.cl\/wp-content\/uploads\/2014\/05\/Screen-Shot-2014-06-02-at-11.13.10-PM-624x375.png 624w, https:\/\/clases.etab.cl\/wp-content\/uploads\/2014\/05\/Screen-Shot-2014-06-02-at-11.13.10-PM.png 790w\" sizes=\"auto, (max-width: 300px) 100vw, 300px\" \/><\/a><\/p>\n<p>&nbsp;<\/p>\n<p><strong>Referencia de trabajos de artistas<\/strong><br \/>\nTristan Perich: <a href=\"https:\/\/vimeo.com\/15259734\" target=\"_blank\">Breathing<\/a> \/ <a href=\"https:\/\/vimeo.com\/45225412\" target=\"_blank\">Microtonal Wall<\/a> \/ <a href=\"http:\/\/www.1bitsymphony.com\/\" target=\"_blank\">1 bit Symphony<\/a> \/ <a href=\"http:\/\/www.1bitmusic.com\/\" target=\"_blank\">1 bit Music<\/a><br \/>\nMarco Fusinato: <a href=\"https:\/\/www.youtube.com\/watch?v=k9WlQu6yRbg\" target=\"_blank\">Aetheric Plexus<\/a><br \/>\nFlorian Hecker: <a href=\"https:\/\/www.youtube.com\/watch?v=tRHNTAJoGwY&amp;index=3&amp;list=PLefIU1gavt249OKpZs-mvGSLhrs4HU3GP\" target=\"_blank\">Hinge<\/a> \/ <a href=\"http:\/\/www.moma.org\/interactives\/exhibitions\/2013\/soundings\/artists\/4\/works\/\" target=\"_blank\">Referencia Moma Soundings<\/a><br \/>\nChristian Kubisch: <a href=\"https:\/\/vimeo.com\/54846163\" target=\"_blank\">Electrical Walks<\/a><br \/>\nMax Neuhaus: <a href=\"https:\/\/www.youtube.com\/watch?v=gahUMGmKzIA&amp;list=PLefIU1gavt249OKpZs-mvGSLhrs4HU3GP&amp;index=9\" target=\"_blank\">Times Square<\/a><br \/>\nCarsten Nicolai: <a href=\"http:\/\/www.carstennicolai.de\/?c=works&amp;w=interference_room\" target=\"_blank\">sitio web artista<\/a> \/ <a href=\"http:\/\/www.moma.org\/interactives\/exhibitions\/2013\/soundings\/artists\/8\/works\/\" target=\"_blank\">Referencia Soundings &#8211; Moma<\/a><br \/>\nLuisa Pereira y Manuela Donoso: <a href=\"https:\/\/vimeo.com\/62398211\" target=\"_blank\">The Harmonic Series<\/a> \/ <a href=\"http:\/\/www.theharmonicseries.net\/\" target=\"_blank\">Sitio web proyecto<\/a><br \/>\nHaroon Mirza: <a href=\"http:\/\/www.clickfolio.com\/haroon\/\" target=\"_blank\">selecci\u00f3n videos<\/a><br \/>\nLa Monte Young: <a href=\"https:\/\/vimeo.com\/62965018\" target=\"_blank\">Dreamhouse<\/a><br \/>\n<a href=\"http:\/\/www.bitforms.com\/artists\/vogel\" target=\"_blank\">Peter Vogel<\/a><br \/>\nAriel Bustamante: <a href=\"https:\/\/vimeo.com\/24415693\" target=\"_blank\">Volumen sint\u00e9tico video 1<\/a>, <a href=\"https:\/\/www.youtube.com\/watch?v=hMaSWQ48nhE\" target=\"_blank\">volumen sint\u00e9tico video 2<\/a><br \/>\nPhillip Stearns: <a href=\"https:\/\/www.youtube.com\/watch?v=hbAJqyXy4gY\" target=\"_blank\">AANN<\/a><\/p>\n<p><strong>Propuestas de proyectos<\/strong><br \/>\nPara la pr\u00f3xima semana deber\u00e1n presentar propuestas de proyectos a partir de planteamientos reflexivos y ejercicios pr\u00e1cticos (presentarlos en clases o su documentaci\u00f3n si se construyen a partir de lugares espec\u00edficos fuera de la escuela). A partir de esto, comentaremos posibilidades de l\u00edneas de desarrollo para presentaci\u00f3n final el d\u00eda 16 de Junio.<br \/>\nA nivel formal, el proyecto que planteen puede hacer cruces entre imagen y sonido, utilizar los mismos dispositivos sonoros como objetos de representaci\u00f3n o tambi\u00e9n puede s\u00f3lo ser sonido. Podr\u00e1n pensar el sonido a partir de su espacialidad, temporalidad, como v\u00eda narrativa, o incluso como fen\u00f3meno f\u00edsico, entre otros.<br \/>\nRevisen los links posteados esta semana y la semana anterior para tener como referentes.<\/p>\n<p><strong>Algunos textos sugeridos:<\/strong><br \/>\n. <a href=\"http:\/\/feenelcaos.org\/wp-content\/upload\/Handmade.Electronic.Music.The_.Art_.of_.Hardware.Hacking.pdf\" target=\"_blank\">Handmade Electronic Music, Nicolas Collins<\/a><br \/>\n. <a href=\"http:\/\/arteuchile.uchile.cl\/descargas\/publicaciones\/artes_visuales\/2010\/sonido_en_espacios_intermedios.pdf\" target=\"_blank\">Pensar el \/\/ trabajar con \/\/ sonidos en espacios intermedios<\/a>, Varios autores<br \/>\n<a href=\"http:\/\/arteuchile.uchile.cl\/descargas\/publicaciones\/artes_visuales\/2009\/las_obras_y_sus_relatos2.pdf\" target=\"_blank\">. \u00bfQueda algo de ruido en el sonido?, Sergio Rojas (pg. 28)<\/a><br \/>\n. <a href=\"http:\/\/books.google.cl\/books?id=xK6N7PCkHv8C&amp;lpg=PP1&amp;dq=The%20Sound%20Studies%20Reader&amp;pg=PP1#v=onepage&amp;q=The%20Sound%20Studies%20Reader&amp;f=false\" target=\"_blank\">The Sound Studies Reader<\/a><br \/>\n<iframe loading=\"lazy\" style=\"border: 0px;\" src=\"http:\/\/books.google.cl\/books?id=xK6N7PCkHv8C&amp;lpg=PP1&amp;dq=The%20Sound%20Studies%20Reader&amp;pg=PP1&amp;output=embed\" height=\"500\" width=\"500\" frameborder=\"0\" scrolling=\"no\"><\/iframe><\/p>\n","protected":false},"excerpt":{"rendered":"<p>Acerca del sonido sintetizado http:\/\/help.apple.com\/logicpro\/mac\/9.1.6\/es\/logicpro\/instruments\/index.html#chapter=A%26section=2%26tasks=true Materiales necesarios para esta clase: https:\/\/docs.google.com\/document\/d\/1hfWgaUGEjnYudJDnTcXe6l8LHjrnHwHZlABPRHtMajw\/edit?usp=sharing Circuito: Simbolog\u00eda: simbologia-componentes Protoboard &nbsp; &nbsp; Referencia de trabajos de artistas Tristan Perich: Breathing \/ Microtonal Wall \/ 1 bit Symphony \/ 1 bit Music Marco Fusinato: Aetheric Plexus Florian Hecker: Hinge \/ Referencia Moma Soundings Christian Kubisch: Electrical Walks Max Neuhaus: Times Square [&hellip;]<\/p>\n","protected":false},"author":1,"featured_media":0,"parent":884,"menu_order":0,"comment_status":"closed","ping_status":"open","template":"","meta":{"_acf_changed":false,"footnotes":""},"class_list":["post-713","page","type-page","status-publish","hentry"],"acf":[],"_links":{"self":[{"href":"https:\/\/clases.etab.cl\/index.php?rest_route=\/wp\/v2\/pages\/713","targetHints":{"allow":["GET"]}}],"collection":[{"href":"https:\/\/clases.etab.cl\/index.php?rest_route=\/wp\/v2\/pages"}],"about":[{"href":"https:\/\/clases.etab.cl\/index.php?rest_route=\/wp\/v2\/types\/page"}],"author":[{"embeddable":true,"href":"https:\/\/clases.etab.cl\/index.php?rest_route=\/wp\/v2\/users\/1"}],"replies":[{"embeddable":true,"href":"https:\/\/clases.etab.cl\/index.php?rest_route=%2Fwp%2Fv2%2Fcomments&post=713"}],"version-history":[{"count":23,"href":"https:\/\/clases.etab.cl\/index.php?rest_route=\/wp\/v2\/pages\/713\/revisions"}],"predecessor-version":[{"id":757,"href":"https:\/\/clases.etab.cl\/index.php?rest_route=\/wp\/v2\/pages\/713\/revisions\/757"}],"up":[{"embeddable":true,"href":"https:\/\/clases.etab.cl\/index.php?rest_route=\/wp\/v2\/pages\/884"}],"wp:attachment":[{"href":"https:\/\/clases.etab.cl\/index.php?rest_route=%2Fwp%2Fv2%2Fmedia&parent=713"}],"curies":[{"name":"wp","href":"https:\/\/api.w.org\/{rel}","templated":true}]}}