{"id":770,"date":"2014-07-31T18:34:27","date_gmt":"2014-07-31T18:34:27","guid":{"rendered":"http:\/\/etab.cl\/clases\/uchile\/obj-tec\/?page_id=770"},"modified":"2015-03-16T17:39:31","modified_gmt":"2015-03-16T17:39:31","slug":"p-e-c-a","status":"publish","type":"page","link":"https:\/\/clases.etab.cl\/?page_id=770","title":{"rendered":"P.E.C.A. 2015"},"content":{"rendered":"<p><strong>Descripci\u00f3n del curso<\/strong><br \/>\nEl curso complementario de <em>Programaci\u00f3n y electr\u00f3nica en contextos art\u00edsticos<\/em> es el primer complementario pr\u00e1ctico que aborda estos temas en el plan curricular de la carrera de Artes visuales de la Universidad de Chile.<br \/>\nBuscamos generar una instancia de producci\u00f3n de proyectos en donde los estudiantes puedan conocer y explorar recursos que hibriden el arte y la tecnolog\u00eda, posibilitando la generaci\u00f3n de propuestas que integren las l\u00edneas de trabajo en curso de los estudiantes, o bien, encontrar nuevas salidas formales y reflexivas a partir de estos nuevos recursos.<br \/>\nLas clases ser\u00e1n durante el primer semestre, todo los Martes de 14:30 a 18:30 horas. Desde el punto de vista t\u00e9cnico, las 16 sesiones que conforman el curso ser\u00e1n divididas en cuatro m\u00f3dulos:<br \/>\nMod 1: Introducci\u00f3n a la electr\u00f3nica<br \/>\nMod 2: Introducci\u00f3n a la programaci\u00f3n en Processing<br \/>\nMod 3: Introducci\u00f3n a Arduino<br \/>\nMod 4: Desarrollo de proyectos.<\/p>\n<p><strong>Planificaci\u00f3n Clase<\/strong><\/p>\n<p>El calendario, las evaluaciones, la asistencia y el programa de la clase pueden ser vistos en <a href=\"https:\/\/docs.google.com\/spreadsheets\/d\/1Mw0RYeqHa1LnHrpgnpuiQuM_AgO53aapOF_Z8MkxWSI\/edit?usp=sharing\" target=\"_blank\">https:\/\/docs.google.com\/spreadsheets\/d\/1Mw0RYeqHa1LnHrpgnpuiQuM_AgO53aapOF_Z8MkxWSI\/edit?usp=sharing<\/a><br \/>\nAl ser la primera vez que se dicta el curso, algunos aspectos de la programaci\u00f3n podr\u00edan ser ajustados durante el semestre seg\u00fan la respuesta del curso.<\/p>\n<p><strong>Evaluaciones<\/strong><br \/>\n1) Nota acumulativa: Promedio de las notas parciales de los 3 primeros m\u00f3dulos<br \/>\n2) Nota presentaci\u00f3n de proyecto seg\u00fan pauta<br \/>\n3) Examen Final seg\u00fan proyecto antes presentado<\/p>\n<p><strong>Horario y lugar<\/strong><br \/>\nTodos los martes\u00a0de 14:30 a 18:30 horas en la sala 15.<\/p>\n","protected":false},"excerpt":{"rendered":"<p>Descripci\u00f3n del curso El curso complementario de Programaci\u00f3n y electr\u00f3nica en contextos art\u00edsticos es el primer complementario pr\u00e1ctico que aborda estos temas en el plan curricular de la carrera de Artes visuales de la Universidad de Chile. Buscamos generar una instancia de producci\u00f3n de proyectos en donde los estudiantes puedan conocer y explorar recursos que [&hellip;]<\/p>\n","protected":false},"author":1,"featured_media":0,"parent":622,"menu_order":0,"comment_status":"closed","ping_status":"open","template":"","meta":{"_acf_changed":false,"footnotes":""},"class_list":["post-770","page","type-page","status-publish","hentry"],"acf":[],"_links":{"self":[{"href":"https:\/\/clases.etab.cl\/index.php?rest_route=\/wp\/v2\/pages\/770","targetHints":{"allow":["GET"]}}],"collection":[{"href":"https:\/\/clases.etab.cl\/index.php?rest_route=\/wp\/v2\/pages"}],"about":[{"href":"https:\/\/clases.etab.cl\/index.php?rest_route=\/wp\/v2\/types\/page"}],"author":[{"embeddable":true,"href":"https:\/\/clases.etab.cl\/index.php?rest_route=\/wp\/v2\/users\/1"}],"replies":[{"embeddable":true,"href":"https:\/\/clases.etab.cl\/index.php?rest_route=%2Fwp%2Fv2%2Fcomments&post=770"}],"version-history":[{"count":11,"href":"https:\/\/clases.etab.cl\/index.php?rest_route=\/wp\/v2\/pages\/770\/revisions"}],"predecessor-version":[{"id":1067,"href":"https:\/\/clases.etab.cl\/index.php?rest_route=\/wp\/v2\/pages\/770\/revisions\/1067"}],"up":[{"embeddable":true,"href":"https:\/\/clases.etab.cl\/index.php?rest_route=\/wp\/v2\/pages\/622"}],"wp:attachment":[{"href":"https:\/\/clases.etab.cl\/index.php?rest_route=%2Fwp%2Fv2%2Fmedia&parent=770"}],"curies":[{"name":"wp","href":"https:\/\/api.w.org\/{rel}","templated":true}]}}