{"id":894,"date":"2014-08-13T12:45:54","date_gmt":"2014-08-13T12:45:54","guid":{"rendered":"http:\/\/etab.cl\/clases\/uchile\/obj-tec\/?page_id=894"},"modified":"2014-08-14T11:57:12","modified_gmt":"2014-08-14T11:57:12","slug":"c2","status":"publish","type":"page","link":"https:\/\/clases.etab.cl\/?page_id=894","title":{"rendered":"C2"},"content":{"rendered":"<p>Durante esta clase invitados expondr\u00e1n sus experiencias personales en montaje de exposiciones:<\/p>\n<p>&#8211; Daniel Cruz: SCL2110<br \/>\n&#8211; Francisca Montes: Montaje Bellas Artes, V\u00edctor Jara &#8211; Pza Ciudadan\u00eda y Argentina, <a href=\"http:\/\/www.mac.uchile.cl\/exposiciones\/anteriores\/junio2005\/fmontes.html\" target=\"_blank\">Intervalo Urbano<\/a><\/p>\n<p><strong>Pauta de entrega ejercicio de montaje.<\/strong><br \/>\nEl encargo final para este m\u00f3dulo de seminario consistir\u00e1 en la planificaci\u00f3n y ejecuci\u00f3n del montaje de alguno de sus trabajos anteriores. La idea es centrar la atenci\u00f3n en los aspectos de emplazamiento en el espacio, iluminaci\u00f3n, circulaci\u00f3n, etc. y no en la generaci\u00f3n de un nuevo trabajo.<br \/>\nEste encargo puede ser realizado individualmente o de a dos como m\u00e1ximo.<\/p>\n<p><strong>El encargo se dividir\u00e1 en dos etapas y en dos fechas diferentes:<\/strong><br \/>\nMi\u00e9rcoles 20 de Agosto: Entrega planificaci\u00f3n de montaje<br \/>\nMi\u00e9rcoles 27 de Agosto: Montaje en sala o espacio propuesto.<\/p>\n<p><strong>Aspectos que se deben considerar para la planificaci\u00f3n:<\/strong><br \/>\n&#8211; An\u00e1lisis de espacio escogido para el montaje.<br \/>\n&#8211; Aspectos de iluminaci\u00f3n.<br \/>\n&#8211; Aspectos de circulaci\u00f3n.<br \/>\n&#8211; Relaci\u00f3n con proyectos vecinos (si es que hay).<br \/>\n&#8211; Esquema de sala que muestre todas las zonas importantes, dimensiones y elementos de montaje.<br \/>\n&#8211; Museograf\u00eda \/ c\u00e9dulas: Escribir texto que presentar\u00e1 la obra (biogr\u00e1fico, an\u00e1lisis y\/o descriptivo).<br \/>\n&#8211; Registro fotogr\u00e1fico de espacio escogido con maquetas (montajes fotogr\u00e1ficos) para proyectar la disposici\u00f3n de los elementos en el espacio.<br \/>\n&#8211; Lista de elementos necesarios: herramientas, insumos, museograf\u00eda, etc.<br \/>\n&#8211; Lista de acciones necesarias: conseguir espacio, conseguir luces, compras, etc.<br \/>\n&#8211; Asesor\u00eda o apoyo de terceros (si fuese necesario). Externalizaci\u00f3n de servicios.<br \/>\n&#8211; Costos de montaje.<br \/>\n&#8211; Proyecci\u00f3n temporal de montaje. Carta Gantt.<\/p>\n<p><strong>Aspectos que se deben considerar para el montaje:<\/strong><br \/>\n&#8211; Seguir lo proyectado (no cambiar de obra o de espacio).<br \/>\n&#8211; Pulcritud, coherencia.<br \/>\n&#8211; Todos los ejercicios deber\u00e1n estar montados antes del comienzo de la correcci\u00f3n que ser\u00e1 a las 11:30hrs.<br \/>\n&#8211; Evaluaci\u00f3n personal del resultado. Aciertos \/ desaciertos.<\/p>\n","protected":false},"excerpt":{"rendered":"<p>Durante esta clase invitados expondr\u00e1n sus experiencias personales en montaje de exposiciones: &#8211; Daniel Cruz: SCL2110 &#8211; Francisca Montes: Montaje Bellas Artes, V\u00edctor Jara &#8211; Pza Ciudadan\u00eda y Argentina, Intervalo Urbano Pauta de entrega ejercicio de montaje. El encargo final para este m\u00f3dulo de seminario consistir\u00e1 en la planificaci\u00f3n y ejecuci\u00f3n del montaje de alguno [&hellip;]<\/p>\n","protected":false},"author":1,"featured_media":0,"parent":886,"menu_order":0,"comment_status":"closed","ping_status":"open","template":"","meta":{"_acf_changed":false,"footnotes":""},"class_list":["post-894","page","type-page","status-publish","hentry"],"acf":[],"_links":{"self":[{"href":"https:\/\/clases.etab.cl\/index.php?rest_route=\/wp\/v2\/pages\/894","targetHints":{"allow":["GET"]}}],"collection":[{"href":"https:\/\/clases.etab.cl\/index.php?rest_route=\/wp\/v2\/pages"}],"about":[{"href":"https:\/\/clases.etab.cl\/index.php?rest_route=\/wp\/v2\/types\/page"}],"author":[{"embeddable":true,"href":"https:\/\/clases.etab.cl\/index.php?rest_route=\/wp\/v2\/users\/1"}],"replies":[{"embeddable":true,"href":"https:\/\/clases.etab.cl\/index.php?rest_route=%2Fwp%2Fv2%2Fcomments&post=894"}],"version-history":[{"count":10,"href":"https:\/\/clases.etab.cl\/index.php?rest_route=\/wp\/v2\/pages\/894\/revisions"}],"predecessor-version":[{"id":906,"href":"https:\/\/clases.etab.cl\/index.php?rest_route=\/wp\/v2\/pages\/894\/revisions\/906"}],"up":[{"embeddable":true,"href":"https:\/\/clases.etab.cl\/index.php?rest_route=\/wp\/v2\/pages\/886"}],"wp:attachment":[{"href":"https:\/\/clases.etab.cl\/index.php?rest_route=%2Fwp%2Fv2%2Fmedia&parent=894"}],"curies":[{"name":"wp","href":"https:\/\/api.w.org\/{rel}","templated":true}]}}