{"id":944,"date":"2014-09-09T13:47:49","date_gmt":"2014-09-09T13:47:49","guid":{"rendered":"http:\/\/etab.cl\/clases\/uchile\/obj-tec\/?page_id=944"},"modified":"2014-09-09T13:50:28","modified_gmt":"2014-09-09T13:50:28","slug":"representacion-de-datos","status":"publish","type":"page","link":"https:\/\/clases.etab.cl\/?page_id=944","title":{"rendered":"Representaci\u00f3n de datos"},"content":{"rendered":"<p><strong>Nombre completo del curso:<\/strong><br \/>\nRepresentaci\u00f3n de datos, traducci\u00f3n y materializaci\u00f3n de la informaci\u00f3n<\/p>\n<p><strong>Per\u00edodos:<\/strong><br \/>\nSegundo semestre 2014 [<a href=\"http:\/\/clases.diatomea.co\/RepDatos_14\/\" target=\"_blank\">Link sitio del curso<\/a>]<\/p>\n<p>I. DESCRIPCI\u00d3N<\/p>\n<p>Este curso introductorio busca aportar al estudiante las herramientas necesarias para explorar distintos m\u00e9todos para representar datos ya sea de forma visual, f\u00edsica, como sonido,etc. Abordar\u00e1 la representaci\u00f3n de datos desde una perspectiva te\u00f3rica y pr\u00e1ctica otorg\u00e1ndole al estudiante la capacidad de comprender esta disciplina, su aplicaciones y alcances.<\/p>\n<p>II. OBJETIVOS<\/p>\n<p>\u2013 Comprender la representaci\u00f3n de datos como un medio para entender y comunicar informaci\u00f3n.<br \/>\n\u2013 Conocer el proceso y las etapas desde los datos a la construcci\u00f3n de una representaci\u00f3n.<br \/>\n\u2013 Adquirir las herramientas tanto metodol\u00f3gicas como t\u00e9cnicas para llevar a cabo este proceso.<br \/>\n\u2013 Dominar referentes como base para proponer y aplicar soluciones de representaci\u00f3n de datos en escenarios espec\u00edficos.<br \/>\n\u2013 Comprender la representaci\u00f3n de datos desde la interaccio\u0301n del usuario con e\u0301sta. <\/p>\n","protected":false},"excerpt":{"rendered":"<p>Nombre completo del curso: Representaci\u00f3n de datos, traducci\u00f3n y materializaci\u00f3n de la informaci\u00f3n Per\u00edodos: Segundo semestre 2014 [Link sitio del curso] I. DESCRIPCI\u00d3N Este curso introductorio busca aportar al estudiante las herramientas necesarias para explorar distintos m\u00e9todos para representar datos ya sea de forma visual, f\u00edsica, como sonido,etc. Abordar\u00e1 la representaci\u00f3n de datos desde una [&hellip;]<\/p>\n","protected":false},"author":1,"featured_media":0,"parent":622,"menu_order":0,"comment_status":"closed","ping_status":"open","template":"","meta":{"_acf_changed":false,"footnotes":""},"class_list":["post-944","page","type-page","status-publish","hentry"],"acf":[],"_links":{"self":[{"href":"https:\/\/clases.etab.cl\/index.php?rest_route=\/wp\/v2\/pages\/944","targetHints":{"allow":["GET"]}}],"collection":[{"href":"https:\/\/clases.etab.cl\/index.php?rest_route=\/wp\/v2\/pages"}],"about":[{"href":"https:\/\/clases.etab.cl\/index.php?rest_route=\/wp\/v2\/types\/page"}],"author":[{"embeddable":true,"href":"https:\/\/clases.etab.cl\/index.php?rest_route=\/wp\/v2\/users\/1"}],"replies":[{"embeddable":true,"href":"https:\/\/clases.etab.cl\/index.php?rest_route=%2Fwp%2Fv2%2Fcomments&post=944"}],"version-history":[{"count":2,"href":"https:\/\/clases.etab.cl\/index.php?rest_route=\/wp\/v2\/pages\/944\/revisions"}],"predecessor-version":[{"id":947,"href":"https:\/\/clases.etab.cl\/index.php?rest_route=\/wp\/v2\/pages\/944\/revisions\/947"}],"up":[{"embeddable":true,"href":"https:\/\/clases.etab.cl\/index.php?rest_route=\/wp\/v2\/pages\/622"}],"wp:attachment":[{"href":"https:\/\/clases.etab.cl\/index.php?rest_route=%2Fwp%2Fv2%2Fmedia&parent=944"}],"curies":[{"name":"wp","href":"https:\/\/api.w.org\/{rel}","templated":true}]}}