{"id":982,"date":"2014-09-29T02:56:22","date_gmt":"2014-09-29T02:56:22","guid":{"rendered":"http:\/\/etab.cl\/clases\/uchile\/obj-tec\/?page_id=982"},"modified":"2015-04-16T03:06:04","modified_gmt":"2015-04-16T03:06:04","slug":"c5","status":"publish","type":"page","link":"https:\/\/clases.etab.cl\/?page_id=982","title":{"rendered":"C5 &#8211; OT 2014"},"content":{"rendered":"<p><strong>Physical Computing<\/strong><\/p>\n<p>Esta es la imagen que inicia el primer libro dedicado a la computaci\u00f3n f\u00edsica o Physical Computing. Su primera edici\u00f3n fue publicada en 2004 y fue una respuesta a la inquietud de profesores y estudiantes de distintas \u00e1reas interesados en el trabajo creativo que implicaba una respuesta f\u00edsica ante rutinas digitales o vice\/versa.<br \/>\n<a href=\"http:\/\/etab.cl\/clases\/uchile\/obj-tec\/wp-content\/uploads\/2013\/10\/PhCompDiagram.jpg\"><img loading=\"lazy\" decoding=\"async\" class=\"aligncenter  wp-image-437\" alt=\"PhCompDiagram\" src=\"http:\/\/etab.cl\/clases\/uchile\/obj-tec\/wp-content\/uploads\/2013\/10\/PhCompDiagram.jpg\" width=\"212\" height=\"318\" srcset=\"https:\/\/clases.etab.cl\/wp-content\/uploads\/2013\/10\/PhCompDiagram.jpg 354w, https:\/\/clases.etab.cl\/wp-content\/uploads\/2013\/10\/PhCompDiagram-200x300.jpg 200w\" sizes=\"auto, (max-width: 212px) 100vw, 212px\" \/><\/a><\/p>\n<p>En el libro se hace referencia a esta imagen para explicar el c\u00f3mo nos relacionamos con los computadores, espec\u00edficamente en c\u00f3mo somos percibidos por estos. Hasta ese entonces la forma casi \u00fanica para una persona \u00a0de comunicarse con un computador era a partir del mouse y el teclado y por otro lado a trav\u00e9s de la vista y los o\u00eddos.<\/p>\n<p>Se comenz\u00f3 a usar microcontroladores de f\u00e1cil programaci\u00f3n para expandir las posibles formas de interacci\u00f3n con la m\u00e1quina: Basic Stamp, Pic y otros, eran los microcontroladores m\u00e1s utilizados, sin embargo en 2003 en el instituto Ivrea en Italia quisieron hacer a\u00fan m\u00e1s f\u00e1cil el uso de estos dispositivos, as\u00ed como tambi\u00e9n m\u00e1s econ\u00f3micos para los estudiantes.<\/p>\n<p>Fue as\u00ed entonces como comenz\u00f3 a desarrollarse la placa <a href=\"http:\/\/arduino.cc\/\" target=\"_blank\">Arduino<\/a> y su software en el contexto de una tesis de Magister en el mismo instituto Ivrea por el colombiano <a href=\"http:\/\/barraganstudio.com\/\" target=\"_blank\">Hernando Barrag\u00e1n<\/a>, quien en ese momento inici\u00f3 su proyecto <a href=\"http:\/\/wiring.org.co\/about.html\" target=\"_blank\">Wiring<\/a>\u00a0en el que luego se bas\u00f3 el proyecto Arduino conducido por un grupo constituido por\u00a0\u00a0<a href=\"http:\/\/www.potemkin.org\/\" rel=\"nofollow\">Massimo Banzi<\/a>,\u00a0<a href=\"http:\/\/www.0j0.org\/wiki\/index.php\/DojoDave\" rel=\"nofollow\">David Cuartielles<\/a>,\u00a0<a href=\"http:\/\/itp.nyu.edu\/~tqi6023\/\" rel=\"nofollow\">Tom Igoe<\/a>,\u00a0<a href=\"http:\/\/www.smartprojects.it\/\" rel=\"nofollow\">Gianluca Martino<\/a>, and\u00a0<a href=\"http:\/\/dam.mellis.org\/\" rel=\"nofollow\">David Mellis<\/a>. Tambi\u00e9n hubo directa influencia del proyecto <a href=\"http:\/\/processing.org\/\" target=\"_blank\">Processing<\/a> iniciado por <a href=\"http:\/\/reas.com\/\" target=\"_blank\">Casey Reas<\/a> y <a href=\"http:\/\/benfry.com\/\" target=\"_blank\">Ben Fry<\/a><\/p>\n<p><iframe loading=\"lazy\" src=\"\/\/player.vimeo.com\/video\/18390711?byline=0&amp;portrait=0&amp;color=ffffff\" width=\"500\" height=\"281\" frameborder=\"0\" allowfullscreen=\"allowfullscreen\"><\/iframe><\/p>\n<p>Luego de Arduino (que es un proyecto Open Source) comenzaron a aparecer distintas placas basadas en ella como <a href=\"http:\/\/moderndevice.com\/product\/rbbb-kit\/\" target=\"_blank\">RBBB<\/a> o <a href=\"http:\/\/www.makeymakey.com\/\" target=\"_blank\">Makey Makey<\/a> entre otras.<\/p>\n<p>Otra caracter\u00edstica que vale la pena mencionar es que gracias a las caracter\u00edsticas de Arduino, es bastante f\u00e1cil aumentar sus capacidades de f\u00e1brica gracias a los <a href=\"http:\/\/shieldlist.org\/\" target=\"_blank\">shields<\/a>\u00a0que son placas adosables a Arduino para por ejemplo, usar de manera m\u00e1s f\u00e1cil motores, aplicaciones con sonido, acceder a internet, etc.<\/p>\n<p><span style=\"line-height: 1.714285714; font-size: 1rem;\">Tambi\u00e9n cabe mencionar que hace algunos a\u00f1os se han desarrollado otras placas como <\/span><a style=\"line-height: 1.714285714; font-size: 1rem;\" href=\"http:\/\/www.raspberrypi.org\/\" target=\"_blank\">Raspberry Pi<\/a><span style=\"line-height: 1.714285714; font-size: 1rem;\">, \u00a0<\/span><a style=\"line-height: 1.714285714; font-size: 1rem;\" href=\"http:\/\/beagleboard.org\/Products\/BeagleBone\" target=\"_blank\">Beagle Bone<\/a><span style=\"line-height: 1.714285714; font-size: 1rem;\"> y m\u00e1s recientemente \u00a0<\/span><a style=\"line-height: 1.714285714; font-size: 1rem;\" href=\"http:\/\/arduino.cc\/en\/ArduinoCertified\/IntelGalileo\" target=\"_blank\">Arduino Galileo<\/a><span style=\"line-height: 1.714285714; font-size: 1rem;\"> (entre otras) que entran dentro de la categor\u00eda de peque\u00f1os computadores por lo que tienen m\u00e1s capacidad de procesamiento de datos, se les puede instalar un sistema operativo, programas y aceptan perif\u00e9ricos como monitor, teclado, mouse, etc, as\u00ed como tambi\u00e9n conexi\u00f3n a Internet sin necesidad de enchufarlos a un shield.<\/span><\/p>\n<p><span style=\"line-height: 1.714285714; font-size: 1rem;\">Esta rese\u00f1a es para contextualizar brevemente en qu\u00e9 situaci\u00f3n se generan las herramientas que presentar\u00e9 las pr\u00f3ximas clases. Lo que da para pensar es el rol de estas en las posibilidades de uno generar herramientas propias, que pueden ser personalizadas seg\u00fan las propias necesidades y concepto de un proyecto. Al igual que aprender programaci\u00f3n, se generan libertades que no se dan al ocupar m\u00e1quinas y softwares que no pueden ser modificados.<\/span><\/p>\n<p>&#8212;&#8212;&#8212;&#8212;&#8212;&#8212;&#8212;&#8212;&#8211;<\/p>\n<p><strong>Aspectos t\u00e9cnicos:<\/strong><br \/>\n<a href=\"http:\/\/etab.cl\/clases\/uchile\/obj-tec\/pdfs\/herramientas-simbologia-electronica.pdf\" target=\"_blank\">PDF Herramientas y Simbolog\u00eda b\u00e1sica esquem\u00e1ticas electr\u00f3nica<\/a><\/p>\n<p><strong>Ejercicios hechos en clases a partir de los ejemplos del progarma Arduino<\/strong><br \/>\nEjercicios: Blink, Digital input, Analog input<br \/>\n1) File &#8211;&gt; Examples &#8211;&gt; Basics &#8212;&gt; Blink<br \/>\n2) File &#8211;&gt; Examples &#8212;&gt; Digital &#8212;&gt; Button<br \/>\n3) File &#8211;&gt; Examples &#8212;&gt; Basics &#8212;&gt; Digital Read Serial<br \/>\n4) File &#8211;&gt; Examples &#8212;&gt; Basics &#8212;&gt; Analog Read Serial<br \/>\n5) File &#8211;&gt; Examples &#8212;&gt; Analog &#8212;&gt; Analog Input<br \/>\n6) File &#8211;&gt; Examples &#8212;&gt; Analog &#8212;&gt; Fading<\/p>\n<p><strong>Conceptos importantes incluidos en estos ejercicios:<\/strong><br \/>\n<a href=\"http:\/\/arduino.cc\/es\/Tutorial\/PWM\" target=\"_blank\">Pulse Width Modulation &#8211; PWM<\/a><br \/>\n<a href=\"http:\/\/arduino.cc\/es\/reference\/serial\" target=\"_blank\">Comunicaci\u00f3n Serial<\/a><\/p>\n<p><strong>Otros links:<\/strong><br \/>\n<a href=\"http:\/\/www.youtube.com\/watch?v=0h-RhyopUmc \" target=\"_blank\">http:\/\/www.youtube.com\/watch?v=0h-RhyopUmc <\/a>(Reactable)<br \/>\n<a href=\"https:\/\/vimeo.com\/18390711\" target=\"_blank\">https:\/\/vimeo.com\/18390711<\/a> (historia de Arduino)<br \/>\n<a href=\"http:\/\/www.youtube.com\/watch?v=YguB-keZ4Tk\" target=\"_blank\">http:\/\/www.youtube.com\/watch?v=YguB-keZ4Tk<\/a> (Little Bits)<br \/>\n<a href=\"http:\/\/www.makeymakey.com\/howto.php\" target=\"_blank\">http:\/\/www.makeymakey.com\/howto.php<\/a><br \/>\n<a href=\"https:\/\/vimeo.com\/2090913\" target=\"_blank\">https:\/\/vimeo.com\/2090913<\/a> (Klangwiese project)<br \/>\n<a href=\"http:\/\/www.youtube.com\/watch?v=fi4mN-Oicos\" target=\"_blank\">http:\/\/www.youtube.com\/watch?v=fi4mN-Oicos<\/a> (Tom Igoe\u2019s Ted Talk)<br \/>\n<a href=\"http:\/\/www.eyewriter.org\/\" target=\"_blank\">http:\/\/www.eyewriter.org\/<\/a><br \/>\n<a href=\"http:\/\/itp.nyu.edu\/physcomp\/Tutorials\/Tutorials\" target=\"_blank\">http:\/\/itp.nyu.edu\/physcomp\/Tutorials\/Tutorials<\/a><br \/>\n<a href=\"http:\/\/www.ted.com\/talks\/massimo_banzi_how_arduino_is_open_sourcing_imagination.html\" target=\"_blank\">http:\/\/www.ted.com\/talks\/massimo_banzi_how_arduino_is_open_sourcing_imagination.html<\/a><br \/>\n<a href=\"http:\/\/www.botanicalls.com\/\" target=\"_blank\">http:\/\/www.botanicalls.com\/<\/a><\/p>\n<p><strong>Referencias Arduino<\/strong><br \/>\n<a href=\"http:\/\/vimeo.com\/18390711\">Arduino The Documentary (2010) Spanish HD<\/a> from <a href=\"http:\/\/vimeo.com\/gnd\">gnd<\/a> on <a href=\"https:\/\/vimeo.com\">Vimeo<\/a>.<\/p>\n<p><a href=\"http:\/\/arduino.cc\/en\/\" target=\"_blank\">http:\/\/arduino.cc\/en\/<\/a><br \/>\n<a href=\"http:\/\/playground.arduino.cc\/\/Main\/InterfacingWithHardware#Output\" target=\"_blank\">http:\/\/playground.arduino.cc\/\/Main\/InterfacingWithHardware#Output<\/a><br \/>\n<a href=\"http:\/\/playground.arduino.cc\/Interfacing\/PD\" target=\"_blank\">http:\/\/playground.arduino.cc\/Interfacing\/PD<\/a><\/p>\n<p><strong>C\u00f3digo<\/strong><br \/>\n<a href=\"http:\/\/tigoe.net\/pcomp\/code\/\" target=\"_blank\">http:\/\/tigoe.net\/pcomp\/code\/<\/a><br \/>\n<a href=\"http:\/\/www.grasshopper3d.com\/\" target=\"_blank\">http:\/\/www.grasshopper3d.com\/<\/a><br \/>\n<a href=\"http:\/\/fireflyexperiments.com\/\" target=\"_blank\">http:\/\/fireflyexperiments.com\/<\/a><\/p>\n<p><strong> Tiendas de electr\u00f3nica en Santiago <\/strong><br \/>\n<a href=\"http:\/\/www.victronics.cl\/\" target=\"_blank\">http:\/\/www.victronics.cl<\/a><br \/>\n<a href=\"http:\/\/www.olimex.cl\" target=\"_blank\">http:\/\/www.olimex.cl<\/a><br \/>\n<a href=\"http:\/\/www.casaroyal.cl\" target=\"_blank\">http:\/\/www.casaroyal.cl<\/a><br \/>\nBarrio San Diego:<br \/>\n\u2013 Ibarra: Calle San Diego 928 Santiago \u2013 Santiago, Chile, F: 2 672 39 63 \/ 2 672 94 05<br \/>\n\u2013 Electr\u00f3nica Orfali: San Diego 955, Santiago, F: 2 698 83 76<\/p>\n","protected":false},"excerpt":{"rendered":"<p>Physical Computing Esta es la imagen que inicia el primer libro dedicado a la computaci\u00f3n f\u00edsica o Physical Computing. Su primera edici\u00f3n fue publicada en 2004 y fue una respuesta a la inquietud de profesores y estudiantes de distintas \u00e1reas interesados en el trabajo creativo que implicaba una respuesta f\u00edsica ante rutinas digitales o vice\/versa. [&hellip;]<\/p>\n","protected":false},"author":1,"featured_media":0,"parent":792,"menu_order":0,"comment_status":"closed","ping_status":"open","template":"","meta":{"_acf_changed":false,"footnotes":""},"class_list":["post-982","page","type-page","status-publish","hentry"],"acf":[],"_links":{"self":[{"href":"https:\/\/clases.etab.cl\/index.php?rest_route=\/wp\/v2\/pages\/982","targetHints":{"allow":["GET"]}}],"collection":[{"href":"https:\/\/clases.etab.cl\/index.php?rest_route=\/wp\/v2\/pages"}],"about":[{"href":"https:\/\/clases.etab.cl\/index.php?rest_route=\/wp\/v2\/types\/page"}],"author":[{"embeddable":true,"href":"https:\/\/clases.etab.cl\/index.php?rest_route=\/wp\/v2\/users\/1"}],"replies":[{"embeddable":true,"href":"https:\/\/clases.etab.cl\/index.php?rest_route=%2Fwp%2Fv2%2Fcomments&post=982"}],"version-history":[{"count":4,"href":"https:\/\/clases.etab.cl\/index.php?rest_route=\/wp\/v2\/pages\/982\/revisions"}],"predecessor-version":[{"id":992,"href":"https:\/\/clases.etab.cl\/index.php?rest_route=\/wp\/v2\/pages\/982\/revisions\/992"}],"up":[{"embeddable":true,"href":"https:\/\/clases.etab.cl\/index.php?rest_route=\/wp\/v2\/pages\/792"}],"wp:attachment":[{"href":"https:\/\/clases.etab.cl\/index.php?rest_route=%2Fwp%2Fv2%2Fmedia&parent=982"}],"curies":[{"name":"wp","href":"https:\/\/api.w.org\/{rel}","templated":true}]}}