{"id":984,"date":"2014-09-29T02:58:26","date_gmt":"2014-09-29T02:58:26","guid":{"rendered":"http:\/\/etab.cl\/clases\/uchile\/obj-tec\/?page_id=984"},"modified":"2014-10-05T00:25:30","modified_gmt":"2014-10-05T00:25:30","slug":"c6","status":"publish","type":"page","link":"https:\/\/clases.etab.cl\/?page_id=984","title":{"rendered":"C6 &#8211; OT 2014"},"content":{"rendered":"<p><strong>Los sensores<\/strong><br \/>\nLos sensores son dispositivos que nos ayudan a comunicarnos con el computador, microcontrolador, etc. Es la forma que tiene el computador de &#8220;saber&#8221; que estamos ah\u00ed y de nosotros poder ingresar diferentes voltajes que luego ser\u00e1n interpretados como valores num\u00e9ricos o alfanum\u00e9ricos. Estos valores pueden luego ser incluidos en cualquier c\u00f3digo o programa que los comprenda dando como resultado una reacci\u00f3n de tipo sonora, visual o motriz <\/p>\n<p>Hoy en d\u00eda los sensores pueden ir desde simples pulsadores de dos estados (on\/off) hasta sensores como c\u00e1maras, de humedad, temperatura o de aceleraci\u00f3n entre muchos otros. <a href=\"https:\/\/www.sparkfun.com\/search\/results?term=sensor&amp;what=products\" target=\"_blank\">Ac\u00e1 se puede ver una lista de los sensores bastante completa.<\/a><\/p>\n<p>&nbsp;<\/p>\n<p><strong>Ejemplos pr\u00e1cticos en Software de Arduino<\/strong><br \/>\n1) File &#8211;&gt; Examples &#8211;&gt; Control &#8211;&gt; ForLoop Iterations<br \/>\n<a href=\"http:\/\/www.arduino.cc\/es\/Tutorial\/ForLoop\" target=\"_blank\">Referencia en Web 1<\/a><br \/>\n<a href=\"http:\/\/arduino.cc\/es\/Reference\/For\" target=\"_blank\">Referencia en Web 2<\/a><\/p>\n<p>2) File &#8211;&gt; Examples &#8211;&gt; Control &#8211;&gt; If Statements Conditionals<br \/>\n<a href=\"http:\/\/arduino.cc\/es\/Tutorial\/IfStatement\" target=\"_blank\">Referencia en Web 1<br \/>\n<\/a><a href=\"http:\/\/arduino.cc\/en\/Reference\/Else\" target=\"_blank\">Referencia If &#8230; else<\/a><\/p>\n<p>&nbsp;<\/p>\n<p><strong>Ejemplos pr\u00e1cticos 2<\/strong><br \/>\n<a href=\"http:\/\/www.instructables.com\/id\/Turn-a-pencil-drawing-into-a-capacitive-sensor-for\/?ALLSTEPS\" target=\"_blank\">&#8211; Sensor capacitivo con papel aluminio<\/a><br \/>\n&#8211; Potenci\u00f3metro con l\u00e1piz grafito<br \/>\n&#8211; Medir distancia con un sensor ultras\u00f3nico<\/p>\n<p>&nbsp;<\/p>\n<p><strong>Referncias y Proyectos relacionados<\/strong><br \/>\n<a href=\"http:\/\/technolojie.com\/\" target=\"_blank\">http:\/\/technolojie.com\/<\/a><br \/>\n<a href=\"http:\/\/hlt.media.mit.edu\/\" target=\"_blank\">http:\/\/hlt.media.mit.edu\/<\/a><br \/>\n<a href=\"http:\/\/www.amormunoz.net\/\" target=\"_blank\">http:\/\/www.amormunoz.net\/<\/a><br \/>\n<a href=\"http:\/\/atifateeq.com\/project\/w-a-n-t-we-are-not-them\/\" target=\"_blank\">http:\/\/atifateeq.com\/project\/w-a-n-t-we-are-not-them\/<\/a><\/p>\n<p>&nbsp;<\/p>\n<p><strong>Instalador Arduino optimizado para Windows<\/strong><br \/>\n<a href=\"http:\/\/forum.arduino.cc\/index.php\/topic,118440.0.html\" target=\"_blank\">http:\/\/forum.arduino.cc\/index.php\/topic,118440.0.html<\/a><\/p>\n","protected":false},"excerpt":{"rendered":"<p>Los sensores Los sensores son dispositivos que nos ayudan a comunicarnos con el computador, microcontrolador, etc. Es la forma que tiene el computador de &#8220;saber&#8221; que estamos ah\u00ed y de nosotros poder ingresar diferentes voltajes que luego ser\u00e1n interpretados como valores num\u00e9ricos o alfanum\u00e9ricos. Estos valores pueden luego ser incluidos en cualquier c\u00f3digo o programa [&hellip;]<\/p>\n","protected":false},"author":1,"featured_media":0,"parent":792,"menu_order":0,"comment_status":"closed","ping_status":"open","template":"","meta":{"_acf_changed":false,"footnotes":""},"class_list":["post-984","page","type-page","status-publish","hentry"],"acf":[],"_links":{"self":[{"href":"https:\/\/clases.etab.cl\/index.php?rest_route=\/wp\/v2\/pages\/984","targetHints":{"allow":["GET"]}}],"collection":[{"href":"https:\/\/clases.etab.cl\/index.php?rest_route=\/wp\/v2\/pages"}],"about":[{"href":"https:\/\/clases.etab.cl\/index.php?rest_route=\/wp\/v2\/types\/page"}],"author":[{"embeddable":true,"href":"https:\/\/clases.etab.cl\/index.php?rest_route=\/wp\/v2\/users\/1"}],"replies":[{"embeddable":true,"href":"https:\/\/clases.etab.cl\/index.php?rest_route=%2Fwp%2Fv2%2Fcomments&post=984"}],"version-history":[{"count":3,"href":"https:\/\/clases.etab.cl\/index.php?rest_route=\/wp\/v2\/pages\/984\/revisions"}],"predecessor-version":[{"id":997,"href":"https:\/\/clases.etab.cl\/index.php?rest_route=\/wp\/v2\/pages\/984\/revisions\/997"}],"up":[{"embeddable":true,"href":"https:\/\/clases.etab.cl\/index.php?rest_route=\/wp\/v2\/pages\/792"}],"wp:attachment":[{"href":"https:\/\/clases.etab.cl\/index.php?rest_route=%2Fwp%2Fv2%2Fmedia&parent=984"}],"curies":[{"name":"wp","href":"https:\/\/api.w.org\/{rel}","templated":true}]}}